{"id":182587,"date":"2025-04-22T17:56:42","date_gmt":"2025-04-22T15:56:42","guid":{"rendered":"https:\/\/m50.lv\/product\/oficialais-t-krekls-godalgotajai-animacijas-filmai-straume-zilzals-kakis-priekspuse\/"},"modified":"2026-04-23T14:54:11","modified_gmt":"2026-04-23T12:54:11","slug":"oficialais-t-krekls-godalgotajai-animacijas-filmai-straume-zilzals-kakis-priekspuse","status":"publish","type":"product","link":"https:\/\/m50.lv\/lv\/product\/oficialais-t-krekls-godalgotajai-animacijas-filmai-straume-zilzals-kakis-priekspuse\/","title":{"rendered":"Ofici\u0101lais T-krekls godalgotajai anim\u0101cijas filmai STRAUME | za\u013c\u0161 | Ka\u0137is priek\u0161pus\u0113"},"content":{"rendered":"<p style=\"text-align: left;\"><strong>Materi\u0101ls:<\/strong>\u00a0100% organiska kokvilna<br \/>\n<strong>Dizains:<\/strong> Br\u012bva fasona unisex piegriezums<br \/>\nIde\u0101li piem\u0113rots ikdienas valk\u0101\u0161anai \u012bstiem filmas cien\u012bt\u0101jiem! \ud83c\udf3f\ud83d\udc3e<\/p>\n<p style=\"text-align: left;\">Ieteicams mazg\u0101t 30C gr\u0101du temperat\u016br\u0101, izgrie\u017eot iek\u0161pusi uz \u0101ru, neizmantot autom\u0101tisko \u017e\u0101v\u0113t\u0101ju.<\/p>\n<p style=\"text-align: left;\">Lai izv\u0113l\u0113tos pareizo izm\u0113ru, skatiet pievienoto tabulu<\/p>\n<p>Druk\u0101ts R\u012bg\u0101, Latvij\u0101<\/p>\n<p>\u00a9 FLOW\u2122 2024, Dream Well Studio, Sacrebleu Productions, Take Five. Visas ties\u012bbas aizsarg\u0101tas.<\/p>\n","protected":false},"excerpt":{"rendered":"<p style=\"text-align: center;\">T krekls ir ide\u0101ls veids, k\u0101 izr\u0101d\u012bt savu m\u012blest\u012bbu pret godalgoto anim\u0101cijas filmu \u201cSTRAUME\u201d\/\u201dFLOW\u201d. Priek\u0161pus\u0113 att\u0113lots ka\u0137\u012btis \u2013 filmas galvenais t\u0113ls un neliels uzraksts \u201cFlow\u201d.<\/p>\n<p style=\"text-align: center;\">Ofici\u0101lais suven\u012brs 2025. gada Zelta Globusa un Oskara balvu ieguvu\u0161ajai lab\u0101kajai anim\u0101cijas filmai.<\/p>\n","protected":false},"featured_media":182404,"template":"","meta":{"_jet_sm_ready_style":"","_jet_sm_style":"","_jet_sm_controls_values":"","_jet_sm_fonts_collection":"","_jet_sm_fonts_links":""},"pwb-brand":[1457],"product_cat":[102,105,104,107,103],"product_tag":[1366,1577,1502,1485,1545],"class_list":{"0":"post-182587","1":"product","2":"type-product","3":"status-publish","4":"has-post-thumbnail","6":"pwb-brand-flow-movie","7":"product_cat-apgerbs","8":"product_cat-sievietem","9":"product_cat-t-krekli","10":"product_cat-t-krekli-sievietem","11":"product_cat-viriesiem","12":"product_tag-back-2-school-lv","13":"product_tag-latvija","14":"product_tag-straume-lv","15":"product_tag-straume","16":"product_tag-ziemassvetku-davanas","18":"first","19":"instock","20":"taxable","21":"shipping-taxable","22":"purchasable","23":"product-type-variable"},"raw_content":{"name":"Ofici\u0101lais T-krekls godalgotajai anim\u0101cijas filmai STRAUME | za\u013c\u0161 | Ka\u0137is priek\u0161pus\u0113","description":"<p style=\"text-align: left;\"><strong>Materi\u0101ls:<\/strong>\u00a0100% organiska kokvilna\r\n<strong>Dizains:<\/strong> Br\u012bva fasona unisex piegriezums\r\nIde\u0101li piem\u0113rots ikdienas valk\u0101\u0161anai \u012bstiem filmas cien\u012bt\u0101jiem! \ud83c\udf3f\ud83d\udc3e<\/p>\r\n<p style=\"text-align: left;\">Ieteicams mazg\u0101t 30C gr\u0101du temperat\u016br\u0101, izgrie\u017eot iek\u0161pusi uz \u0101ru, neizmantot autom\u0101tisko \u017e\u0101v\u0113t\u0101ju.<\/p>\r\n<p style=\"text-align: left;\">Lai izv\u0113l\u0113tos pareizo izm\u0113ru, skatiet pievienoto tabulu<\/p>\r\nDruk\u0101ts R\u012bg\u0101, Latvij\u0101\r\n\r\n\u00a9 FLOW\u2122 2024, Dream Well Studio, Sacrebleu Productions, Take Five. Visas ties\u012bbas aizsarg\u0101tas.","short_description":"<p style=\"text-align: center;\">T krekls ir ide\u0101ls veids, k\u0101 izr\u0101d\u012bt savu m\u012blest\u012bbu pret godalgoto anim\u0101cijas filmu \u201cSTRAUME\u201d\/\u201dFLOW\u201d. Priek\u0161pus\u0113 att\u0113lots ka\u0137\u012btis \u2013 filmas galvenais t\u0113ls un neliels uzraksts \u201cFlow\u201d.<\/p>\r\n<p style=\"text-align: center;\">Ofici\u0101lais suven\u012brs 2025. gada Zelta Globusa un Oskara balvu ieguvu\u0161ajai lab\u0101kajai anim\u0101cijas filmai.<\/p>","status":"publish","sku":"Flow-tshirt-aloe-cat-front","original":182492},"wpml":{"translation_type":1,"has_translations":true,"original":182492,"duplicates":[],"translations":{"lv":182587,"en":182492}},"brands":[{"id":1458,"name":"Filma Straume","slug":"filma-straume"}],"_links":{"self":[{"href":"https:\/\/m50.lv\/lv\/wp-json\/wp\/v2\/product\/182587","targetHints":{"allow":["GET"]}}],"collection":[{"href":"https:\/\/m50.lv\/lv\/wp-json\/wp\/v2\/product"}],"about":[{"href":"https:\/\/m50.lv\/lv\/wp-json\/wp\/v2\/types\/product"}],"version-history":[{"count":1,"href":"https:\/\/m50.lv\/lv\/wp-json\/wp\/v2\/product\/182587\/revisions"}],"predecessor-version":[{"id":189562,"href":"https:\/\/m50.lv\/lv\/wp-json\/wp\/v2\/product\/182587\/revisions\/189562"}],"wp:featuredmedia":[{"embeddable":true,"href":"https:\/\/m50.lv\/lv\/wp-json\/wp\/v2\/media\/182404"}],"wp:attachment":[{"href":"https:\/\/m50.lv\/lv\/wp-json\/wp\/v2\/media?parent=182587"}],"wp:term":[{"taxonomy":"pwb-brand","embeddable":true,"href":"https:\/\/m50.lv\/lv\/wp-json\/wp\/v2\/pwb-brand?post=182587"},{"taxonomy":"product_cat","embeddable":true,"href":"https:\/\/m50.lv\/lv\/wp-json\/wp\/v2\/product_cat?post=182587"},{"taxonomy":"product_tag","embeddable":true,"href":"https:\/\/m50.lv\/lv\/wp-json\/wp\/v2\/product_tag?post=182587"}],"curies":[{"name":"wp","href":"https:\/\/api.w.org\/{rel}","templated":true}]}}