{"id":183141,"date":"2025-05-22T18:28:58","date_gmt":"2025-05-22T16:28:58","guid":{"rendered":"https:\/\/m50.lv\/product\/rains-valera-plecu-soma-gaisi-dzeltena\/"},"modified":"2026-04-29T16:58:34","modified_gmt":"2026-04-29T14:58:34","slug":"rains-valera-plecu-soma-gaisi-dzeltena","status":"publish","type":"product","link":"https:\/\/m50.lv\/lv\/product\/rains-valera-plecu-soma-gaisi-dzeltena\/","title":{"rendered":"Rains Valera plecu soma | Gai\u0161i dzeltena"},"content":{"rendered":"<p>Izm\u0113ri:<br \/>\n35 cm x 22 cm x 10 cm<\/p>\n<p>Tilpums (litri):<br \/>\n7,7 l<\/p>\n<p>Sast\u0101vs:<br \/>\n100,00% PES (poliesters)<\/p>\n<p>\u016adens iztur\u012bba:<br \/>\n8000 mm<\/p>\n","protected":false},"excerpt":{"rendered":"<p style=\"text-align: center;\">Valera plecu soma ir m\u012bksta materi\u0101la. Valk\u0101t var p\u0101r plecu vai \u0161\u0137\u0113rs\u0101m p\u0101ri augumam.<\/p>\n","protected":false},"featured_media":183073,"template":"","meta":{"_jet_sm_ready_style":"","_jet_sm_style":"","_jet_sm_controls_values":"","_jet_sm_fonts_collection":"","_jet_sm_fonts_links":""},"pwb-brand":[1252],"product_cat":[101,195],"product_tag":[1575],"class_list":{"0":"post-183141","1":"product","2":"type-product","3":"status-publish","4":"has-post-thumbnail","6":"pwb-brand-rains-lv","7":"product_cat-aksesuari","8":"product_cat-somas","9":"product_tag-m50-favoriti","11":"first","12":"instock","13":"taxable","14":"shipping-taxable","15":"purchasable","16":"product-type-simple"},"raw_content":{"name":"Rains Valera plecu soma | Gai\u0161i dzeltena","description":"Izm\u0113ri:\r\n35 cm x 22 cm x 10 cm\r\n\r\nTilpums (litri):\r\n7,7 l\r\n\r\nSast\u0101vs:\r\n100,00% PES (poliesters)\r\n\r\n\u016adens iztur\u012bba:\r\n8000 mm","short_description":"<p style=\"text-align: center;\">Valera plecu soma ir m\u012bksta materi\u0101la. Valk\u0101t var p\u0101r plecu vai \u0161\u0137\u0113rs\u0101m p\u0101ri augumam.<\/p>","status":"publish","sku":"rains-14670-gleam","original":182935},"wpml":{"translation_type":1,"has_translations":true,"original":182935,"duplicates":[],"translations":{"lv":183141,"en":182935}},"brands":[{"id":1252,"name":"Rains","slug":"rains-lv"}],"_links":{"self":[{"href":"https:\/\/m50.lv\/lv\/wp-json\/wp\/v2\/product\/183141","targetHints":{"allow":["GET"]}}],"collection":[{"href":"https:\/\/m50.lv\/lv\/wp-json\/wp\/v2\/product"}],"about":[{"href":"https:\/\/m50.lv\/lv\/wp-json\/wp\/v2\/types\/product"}],"version-history":[{"count":0,"href":"https:\/\/m50.lv\/lv\/wp-json\/wp\/v2\/product\/183141\/revisions"}],"wp:featuredmedia":[{"embeddable":true,"href":"https:\/\/m50.lv\/lv\/wp-json\/wp\/v2\/media\/183073"}],"wp:attachment":[{"href":"https:\/\/m50.lv\/lv\/wp-json\/wp\/v2\/media?parent=183141"}],"wp:term":[{"taxonomy":"pwb-brand","embeddable":true,"href":"https:\/\/m50.lv\/lv\/wp-json\/wp\/v2\/pwb-brand?post=183141"},{"taxonomy":"product_cat","embeddable":true,"href":"https:\/\/m50.lv\/lv\/wp-json\/wp\/v2\/product_cat?post=183141"},{"taxonomy":"product_tag","embeddable":true,"href":"https:\/\/m50.lv\/lv\/wp-json\/wp\/v2\/product_tag?post=183141"}],"curies":[{"name":"wp","href":"https:\/\/api.w.org\/{rel}","templated":true}]}}