{"id":183150,"date":"2025-05-22T18:33:10","date_gmt":"2025-05-22T16:33:10","guid":{"rendered":"https:\/\/m50.lv\/product\/rains-sibu-musette-soma-zila\/"},"modified":"2026-04-26T15:37:53","modified_gmt":"2026-04-26T13:37:53","slug":"rains-sibu-musette-soma-zila","status":"publish","type":"product","link":"https:\/\/m50.lv\/lv\/product\/rains-sibu-musette-soma-zila\/","title":{"rendered":"RAINS Sibu Musette Soma | Zila"},"content":{"rendered":"<p style=\"text-align: left;\">Izm\u0113ri:<br \/>\n30,5 cm x 21 cm x 4 cm<\/p>\n<p style=\"text-align: left;\">Sast\u0101vs:<br \/>\n100,00% PA (neilons)<\/p>\n<p style=\"text-align: left;\">\u016adens iztur\u012bba:<br \/>\n10 000 mm<\/p>\n","protected":false},"excerpt":{"rendered":"<p style=\"text-align: center;\">Sibu Musette soma ir vienk\u0101r\u0161a dizaina, bet piepild\u012bta ar praktiskiem elementiem.<\/p>\n","protected":false},"featured_media":183064,"template":"","meta":{"_jet_sm_ready_style":"","_jet_sm_style":"","_jet_sm_controls_values":"","_jet_sm_fonts_collection":"","_jet_sm_fonts_links":""},"pwb-brand":[140],"product_cat":[183,75],"product_tag":[1544],"class_list":{"0":"post-183150","1":"product","2":"type-product","3":"status-publish","4":"has-post-thumbnail","6":"pwb-brand-rains","7":"product_cat-bags","8":"product_cat-accessories","9":"product_tag-christmas-gifts","11":"first","12":"instock","13":"taxable","14":"shipping-taxable","15":"purchasable","16":"product-type-simple"},"raw_content":{"name":"RAINS Sibu Musette Soma | Zila","description":"<p style=\"text-align: left;\">Izm\u0113ri:\r\n30,5 cm x 21 cm x 4 cm<\/p>\r\n<p style=\"text-align: left;\">Sast\u0101vs:\r\n100,00% PA (neilons)<\/p>\r\n<p style=\"text-align: left;\">\u016adens iztur\u012bba:\r\n10 000 mm<\/p>","short_description":"<p style=\"text-align: center;\">Sibu Musette soma ir vienk\u0101r\u0161a dizaina, bet piepild\u012bta ar praktiskiem elementiem.<\/p>","status":"publish","sku":"rains-14780-pulse","original":182946},"wpml":{"translation_type":1,"has_translations":true,"original":182946,"duplicates":[],"translations":{"lv":183150,"en":182946}},"brands":[{"id":1252,"name":"Rains","slug":"rains-lv"}],"_links":{"self":[{"href":"https:\/\/m50.lv\/lv\/wp-json\/wp\/v2\/product\/183150","targetHints":{"allow":["GET"]}}],"collection":[{"href":"https:\/\/m50.lv\/lv\/wp-json\/wp\/v2\/product"}],"about":[{"href":"https:\/\/m50.lv\/lv\/wp-json\/wp\/v2\/types\/product"}],"version-history":[{"count":0,"href":"https:\/\/m50.lv\/lv\/wp-json\/wp\/v2\/product\/183150\/revisions"}],"wp:featuredmedia":[{"embeddable":true,"href":"https:\/\/m50.lv\/lv\/wp-json\/wp\/v2\/media\/183064"}],"wp:attachment":[{"href":"https:\/\/m50.lv\/lv\/wp-json\/wp\/v2\/media?parent=183150"}],"wp:term":[{"taxonomy":"pwb-brand","embeddable":true,"href":"https:\/\/m50.lv\/lv\/wp-json\/wp\/v2\/pwb-brand?post=183150"},{"taxonomy":"product_cat","embeddable":true,"href":"https:\/\/m50.lv\/lv\/wp-json\/wp\/v2\/product_cat?post=183150"},{"taxonomy":"product_tag","embeddable":true,"href":"https:\/\/m50.lv\/lv\/wp-json\/wp\/v2\/product_tag?post=183150"}],"curies":[{"name":"wp","href":"https:\/\/api.w.org\/{rel}","templated":true}]}}