{"id":183151,"date":"2025-05-22T18:29:42","date_gmt":"2025-05-22T16:29:42","guid":{"rendered":"https:\/\/m50.lv\/product\/rains-sibu-musette-soma-gaisi-dzeltena\/"},"modified":"2026-04-29T16:58:35","modified_gmt":"2026-04-29T14:58:35","slug":"rains-sibu-musette-soma-gaisi-dzeltena","status":"publish","type":"product","link":"https:\/\/m50.lv\/lv\/product\/rains-sibu-musette-soma-gaisi-dzeltena\/","title":{"rendered":"RAINS Sibu Musette Soma | Gai\u0161i dzeltena"},"content":{"rendered":"<p style=\"text-align: left;\">Izm\u0113ri:<br \/>\n30,5 cm x 21 cm x 4 cm<\/p>\n<p style=\"text-align: left;\">Sast\u0101vs:<br \/>\n100,00% PA (neilons)<\/p>\n<p style=\"text-align: left;\">\u016adens iztur\u012bba:<br \/>\n10 000 mm<\/p>\n","protected":false},"excerpt":{"rendered":"<p style=\"text-align: center;\">Sibu Musette soma ir vienk\u0101r\u0161a dizaina, bet piepild\u012bta ar praktiskiem elementiem.<\/p>\n","protected":false},"featured_media":183058,"template":"","meta":{"_jet_sm_ready_style":"","_jet_sm_style":"","_jet_sm_controls_values":"","_jet_sm_fonts_collection":"","_jet_sm_fonts_links":""},"pwb-brand":[1252],"product_cat":[101,195],"product_tag":[],"class_list":{"0":"post-183151","1":"product","2":"type-product","3":"status-publish","4":"has-post-thumbnail","6":"pwb-brand-rains-lv","7":"product_cat-aksesuari","8":"product_cat-somas","10":"first","11":"instock","12":"taxable","13":"shipping-taxable","14":"purchasable","15":"product-type-simple"},"raw_content":{"name":"RAINS Sibu Musette Soma | Gai\u0161i dzeltena","description":"<p style=\"text-align: left;\">Izm\u0113ri:\r\n30,5 cm x 21 cm x 4 cm<\/p>\r\n<p style=\"text-align: left;\">Sast\u0101vs:\r\n100,00% PA (neilons)<\/p>\r\n<p style=\"text-align: left;\">\u016adens iztur\u012bba:\r\n10 000 mm<\/p>","short_description":"<p style=\"text-align: center;\">Sibu Musette soma ir vienk\u0101r\u0161a dizaina, bet piepild\u012bta ar praktiskiem elementiem.<\/p>","status":"publish","sku":"rains-14780-gleam","original":182937},"wpml":{"translation_type":1,"has_translations":true,"original":182937,"duplicates":[],"translations":{"lv":183151,"en":182937}},"brands":[{"id":1252,"name":"Rains","slug":"rains-lv"}],"_links":{"self":[{"href":"https:\/\/m50.lv\/lv\/wp-json\/wp\/v2\/product\/183151","targetHints":{"allow":["GET"]}}],"collection":[{"href":"https:\/\/m50.lv\/lv\/wp-json\/wp\/v2\/product"}],"about":[{"href":"https:\/\/m50.lv\/lv\/wp-json\/wp\/v2\/types\/product"}],"version-history":[{"count":0,"href":"https:\/\/m50.lv\/lv\/wp-json\/wp\/v2\/product\/183151\/revisions"}],"wp:featuredmedia":[{"embeddable":true,"href":"https:\/\/m50.lv\/lv\/wp-json\/wp\/v2\/media\/183058"}],"wp:attachment":[{"href":"https:\/\/m50.lv\/lv\/wp-json\/wp\/v2\/media?parent=183151"}],"wp:term":[{"taxonomy":"pwb-brand","embeddable":true,"href":"https:\/\/m50.lv\/lv\/wp-json\/wp\/v2\/pwb-brand?post=183151"},{"taxonomy":"product_cat","embeddable":true,"href":"https:\/\/m50.lv\/lv\/wp-json\/wp\/v2\/product_cat?post=183151"},{"taxonomy":"product_tag","embeddable":true,"href":"https:\/\/m50.lv\/lv\/wp-json\/wp\/v2\/product_tag?post=183151"}],"curies":[{"name":"wp","href":"https:\/\/api.w.org\/{rel}","templated":true}]}}