{"id":183155,"date":"2025-05-22T18:32:10","date_gmt":"2025-05-22T16:32:10","guid":{"rendered":"https:\/\/m50.lv\/product\/rains-mix-mugursoma-smilskrasas\/"},"modified":"2026-04-30T17:08:27","modified_gmt":"2026-04-30T15:08:27","slug":"rains-mix-mugursoma-smilskrasas","status":"publish","type":"product","link":"https:\/\/m50.lv\/lv\/product\/rains-mix-mugursoma-smilskrasas\/","title":{"rendered":"Rains Mix mugursoma | Smil\u0161kr\u0101sas"},"content":{"rendered":"<p style=\"text-align: left;\">Izm\u0113ri:<br \/>\n30 cm x 48 cm x 16 cm<\/p>\n<p style=\"text-align: left;\">Tilpums (litri):<br \/>\n23 l<\/p>\n<p style=\"text-align: left;\">Sast\u0101vs:<br \/>\n100,00% PES (poliesters)<\/p>\n<p style=\"text-align: left;\">\u016adens iztur\u012bba:<br \/>\n8000 mm<\/p>\n","protected":false},"excerpt":{"rendered":"<p style=\"text-align: center;\">Mix Backpack ir ori\u0123in\u0101l\u0101s Rains mugursomas jaunin\u0101jums, ko raksturo papla\u0161in\u0101ms s\u0101nu panelis, poliestera priek\u0161\u0113j\u0101 kabata un sportiski kr\u0101su bloki.<\/p>\n","protected":false},"featured_media":183022,"template":"","meta":{"_jet_sm_ready_style":"","_jet_sm_style":"","_jet_sm_controls_values":"","_jet_sm_fonts_collection":"","_jet_sm_fonts_links":""},"pwb-brand":[1252],"product_cat":[101,195],"product_tag":[1366,1575,1545],"class_list":{"0":"post-183155","1":"product","2":"type-product","3":"status-publish","4":"has-post-thumbnail","6":"pwb-brand-rains-lv","7":"product_cat-aksesuari","8":"product_cat-somas","9":"product_tag-back-2-school-lv","10":"product_tag-m50-favoriti","11":"product_tag-ziemassvetku-davanas","13":"first","14":"instock","15":"taxable","16":"shipping-taxable","17":"purchasable","18":"product-type-simple"},"raw_content":{"name":"Rains Mix mugursoma | Smil\u0161kr\u0101sas","description":"<p style=\"text-align: left;\">Izm\u0113ri:\r\n30 cm x 48 cm x 16 cm<\/p>\r\n<p style=\"text-align: left;\">Tilpums (litri):\r\n23 l<\/p>\r\n<p style=\"text-align: left;\">Sast\u0101vs:\r\n100,00% PES (poliesters)<\/p>\r\n<p style=\"text-align: left;\">\u016adens iztur\u012bba:\r\n8000 mm<\/p>","short_description":"<p style=\"text-align: center;\">Mix Backpack ir ori\u0123in\u0101l\u0101s Rains mugursomas jaunin\u0101jums, ko raksturo papla\u0161in\u0101ms s\u0101nu panelis, poliestera priek\u0161\u0113j\u0101 kabata un sportiski kr\u0101su bloki.<\/p>","status":"publish","sku":"rains-13590-sand","original":182943},"wpml":{"translation_type":1,"has_translations":true,"original":182943,"duplicates":[],"translations":{"lv":183155,"en":182943}},"brands":[{"id":1252,"name":"Rains","slug":"rains-lv"}],"_links":{"self":[{"href":"https:\/\/m50.lv\/lv\/wp-json\/wp\/v2\/product\/183155","targetHints":{"allow":["GET"]}}],"collection":[{"href":"https:\/\/m50.lv\/lv\/wp-json\/wp\/v2\/product"}],"about":[{"href":"https:\/\/m50.lv\/lv\/wp-json\/wp\/v2\/types\/product"}],"version-history":[{"count":0,"href":"https:\/\/m50.lv\/lv\/wp-json\/wp\/v2\/product\/183155\/revisions"}],"wp:featuredmedia":[{"embeddable":true,"href":"https:\/\/m50.lv\/lv\/wp-json\/wp\/v2\/media\/183022"}],"wp:attachment":[{"href":"https:\/\/m50.lv\/lv\/wp-json\/wp\/v2\/media?parent=183155"}],"wp:term":[{"taxonomy":"pwb-brand","embeddable":true,"href":"https:\/\/m50.lv\/lv\/wp-json\/wp\/v2\/pwb-brand?post=183155"},{"taxonomy":"product_cat","embeddable":true,"href":"https:\/\/m50.lv\/lv\/wp-json\/wp\/v2\/product_cat?post=183155"},{"taxonomy":"product_tag","embeddable":true,"href":"https:\/\/m50.lv\/lv\/wp-json\/wp\/v2\/product_tag?post=183155"}],"curies":[{"name":"wp","href":"https:\/\/api.w.org\/{rel}","templated":true}]}}