{"id":183156,"date":"2025-05-22T18:32:25","date_gmt":"2025-05-22T16:32:25","guid":{"rendered":"https:\/\/m50.lv\/product\/rains-mix-mugursoma-melna\/"},"modified":"2026-04-26T15:37:53","modified_gmt":"2026-04-26T13:37:53","slug":"rains-mix-mugursoma-melna","status":"publish","type":"product","link":"https:\/\/m50.lv\/lv\/product\/rains-mix-mugursoma-melna\/","title":{"rendered":"Rains Mix mugursoma | Melna"},"content":{"rendered":"<p style=\"text-align: left;\">Izm\u0113ri:<br \/>\n30 cm x 48 cm x 16 cm<\/p>\n<p style=\"text-align: left;\">Tilpums (litri):<br \/>\n23 l<\/p>\n<p style=\"text-align: left;\">Sast\u0101vs:<br \/>\n100,00% PES (poliesters)<\/p>\n<p style=\"text-align: left;\">\u016adens iztur\u012bba:<br \/>\n8000 mm<\/p>\n","protected":false},"excerpt":{"rendered":"<p style=\"text-align: center;\">Mix Backpack ir ori\u0123in\u0101l\u0101s Rains mugursomas jaunin\u0101jums, ko raksturo papla\u0161in\u0101ms s\u0101nu panelis, poliestera priek\u0161\u0113j\u0101 kabata un sportiski kr\u0101su bloki.<\/p>\n","protected":false},"featured_media":183019,"template":"","meta":{"_jet_sm_ready_style":"","_jet_sm_style":"","_jet_sm_controls_values":"","_jet_sm_fonts_collection":"","_jet_sm_fonts_links":""},"pwb-brand":[140],"product_cat":[183,75],"product_tag":[1365,1574,1544],"class_list":{"0":"post-183156","1":"product","2":"type-product","3":"status-publish","4":"has-post-thumbnail","6":"pwb-brand-rains","7":"product_cat-bags","8":"product_cat-accessories","9":"product_tag-back-2-school","10":"product_tag-m50-favorites","11":"product_tag-christmas-gifts","13":"first","14":"instock","15":"taxable","16":"shipping-taxable","17":"purchasable","18":"product-type-simple"},"raw_content":{"name":"Rains Mix mugursoma | Melna","description":"<p style=\"text-align: left;\">Izm\u0113ri:\r\n30 cm x 48 cm x 16 cm<\/p>\r\n<p style=\"text-align: left;\">Tilpums (litri):\r\n23 l<\/p>\r\n<p style=\"text-align: left;\">Sast\u0101vs:\r\n100,00% PES (poliesters)<\/p>\r\n<p style=\"text-align: left;\">\u016adens iztur\u012bba:\r\n8000 mm<\/p>","short_description":"<p style=\"text-align: center;\">Mix Backpack ir ori\u0123in\u0101l\u0101s Rains mugursomas jaunin\u0101jums, ko raksturo papla\u0161in\u0101ms s\u0101nu panelis, poliestera priek\u0161\u0113j\u0101 kabata un sportiski kr\u0101su bloki.<\/p>","status":"publish","sku":"rains-13590-black","original":182944},"wpml":{"translation_type":1,"has_translations":true,"original":182944,"duplicates":[],"translations":{"lv":183156,"en":182944}},"brands":[{"id":1252,"name":"Rains","slug":"rains-lv"}],"_links":{"self":[{"href":"https:\/\/m50.lv\/lv\/wp-json\/wp\/v2\/product\/183156","targetHints":{"allow":["GET"]}}],"collection":[{"href":"https:\/\/m50.lv\/lv\/wp-json\/wp\/v2\/product"}],"about":[{"href":"https:\/\/m50.lv\/lv\/wp-json\/wp\/v2\/types\/product"}],"version-history":[{"count":0,"href":"https:\/\/m50.lv\/lv\/wp-json\/wp\/v2\/product\/183156\/revisions"}],"wp:featuredmedia":[{"embeddable":true,"href":"https:\/\/m50.lv\/lv\/wp-json\/wp\/v2\/media\/183019"}],"wp:attachment":[{"href":"https:\/\/m50.lv\/lv\/wp-json\/wp\/v2\/media?parent=183156"}],"wp:term":[{"taxonomy":"pwb-brand","embeddable":true,"href":"https:\/\/m50.lv\/lv\/wp-json\/wp\/v2\/pwb-brand?post=183156"},{"taxonomy":"product_cat","embeddable":true,"href":"https:\/\/m50.lv\/lv\/wp-json\/wp\/v2\/product_cat?post=183156"},{"taxonomy":"product_tag","embeddable":true,"href":"https:\/\/m50.lv\/lv\/wp-json\/wp\/v2\/product_tag?post=183156"}],"curies":[{"name":"wp","href":"https:\/\/api.w.org\/{rel}","templated":true}]}}