{"id":183157,"date":"2025-05-22T18:27:47","date_gmt":"2025-05-22T16:27:47","guid":{"rendered":"https:\/\/m50.lv\/product\/rains-bold-gara-jaka-matrix\/"},"modified":"2025-05-22T18:27:47","modified_gmt":"2025-05-22T16:27:47","slug":"rains-bold-gara-jaka-matrix","status":"publish","type":"product","link":"https:\/\/m50.lv\/lv\/product\/rains-bold-gara-jaka-matrix\/","title":{"rendered":"Rains Bold Gar\u0101 jaka | Matrix"},"content":{"rendered":"<p style=\"text-align: left;\">Sast\u0101vs:<br \/>\n100,00% PES (poliesters)<\/p>\n<p style=\"text-align: left;\">\u016adens iztur\u012bba:<br \/>\n5000 mm<\/p>\n<p style=\"text-align: left;\">V\u0113ja necaurlaid\u012bgs:<br \/>\nAizsardz\u012bba pret v\u0113ju un aukstumu<\/p>\n","protected":false},"excerpt":{"rendered":"<p style=\"text-align: center;\">Bold gar\u0101 jaka ir unisex lietusm\u0113telis ar gar\u0101ku un p\u0101rsp\u012bl\u0113t\u0101ku garumu.<\/p>\n","protected":false},"featured_media":182953,"template":"","meta":{"_jet_sm_ready_style":"","_jet_sm_style":"","_jet_sm_controls_values":"","_jet_sm_fonts_collection":"","_jet_sm_fonts_links":""},"pwb-brand":[140],"product_cat":[183,75],"product_tag":[1365],"class_list":{"0":"post-183157","1":"product","2":"type-product","3":"status-publish","4":"has-post-thumbnail","6":"pwb-brand-rains","7":"product_cat-bags","8":"product_cat-accessories","9":"product_tag-back-2-school","11":"first","12":"outofstock","13":"sale","14":"taxable","15":"shipping-taxable","16":"purchasable","17":"product-type-variable"},"raw_content":{"name":"Rains Bold Gar\u0101 jaka | Matrix","description":"<p style=\"text-align: left;\">Sast\u0101vs:\r\n100,00% PES (poliesters)<\/p>\r\n<p style=\"text-align: left;\">\u016adens iztur\u012bba:\r\n5000 mm<\/p>\r\n<p style=\"text-align: left;\">V\u0113ja necaurlaid\u012bgs:\r\nAizsardz\u012bba pret v\u0113ju un aukstumu<\/p>","short_description":"<p style=\"text-align: center;\">Bold gar\u0101 jaka ir unisex lietusm\u0113telis ar gar\u0101ku un p\u0101rsp\u012bl\u0113t\u0101ku garumu.<\/p>","status":"publish","sku":"Rains-Bold-Longest-Jacket-Matrix","original":182947},"wpml":{"translation_type":1,"has_translations":true,"original":182947,"duplicates":[],"translations":{"lv":183157,"en":182947}},"brands":[{"id":1252,"name":"Rains","slug":"rains-lv"}],"_links":{"self":[{"href":"https:\/\/m50.lv\/lv\/wp-json\/wp\/v2\/product\/183157","targetHints":{"allow":["GET"]}}],"collection":[{"href":"https:\/\/m50.lv\/lv\/wp-json\/wp\/v2\/product"}],"about":[{"href":"https:\/\/m50.lv\/lv\/wp-json\/wp\/v2\/types\/product"}],"version-history":[{"count":0,"href":"https:\/\/m50.lv\/lv\/wp-json\/wp\/v2\/product\/183157\/revisions"}],"wp:featuredmedia":[{"embeddable":true,"href":"https:\/\/m50.lv\/lv\/wp-json\/wp\/v2\/media\/182953"}],"wp:attachment":[{"href":"https:\/\/m50.lv\/lv\/wp-json\/wp\/v2\/media?parent=183157"}],"wp:term":[{"taxonomy":"pwb-brand","embeddable":true,"href":"https:\/\/m50.lv\/lv\/wp-json\/wp\/v2\/pwb-brand?post=183157"},{"taxonomy":"product_cat","embeddable":true,"href":"https:\/\/m50.lv\/lv\/wp-json\/wp\/v2\/product_cat?post=183157"},{"taxonomy":"product_tag","embeddable":true,"href":"https:\/\/m50.lv\/lv\/wp-json\/wp\/v2\/product_tag?post=183157"}],"curies":[{"name":"wp","href":"https:\/\/api.w.org\/{rel}","templated":true}]}}