{"id":183536,"date":"2025-06-11T16:04:37","date_gmt":"2025-06-11T14:04:37","guid":{"rendered":"https:\/\/m50.lv\/product\/gaisma-organiskas-kokvilnas-unisex-t-krekls-carpe-diem-2\/"},"modified":"2025-06-17T15:21:20","modified_gmt":"2025-06-17T13:21:20","slug":"gaisma-organiskas-kokvilnas-unisex-t-krekls-carpe-diem-2","status":"publish","type":"product","link":"https:\/\/m50.lv\/lv\/product\/gaisma-organiskas-kokvilnas-unisex-t-krekls-carpe-diem-2\/","title":{"rendered":"GAISMA Organiskas Kokvilnas Unisex T krekls | Carpe Diem"},"content":{"rendered":"<p style=\"text-align: left;\">Krekls ra\u017eots ES, druk\u0101ts sietspiedes tehnik\u0101 R\u012bg\u0101.<\/p>\n<p style=\"text-align: left;\">Ieteicams mazg\u0101t 30C gr\u0101du temperat\u016br\u0101, izgrie\u017eot iek\u0161pusi uz \u0101ru, neizmantot autom\u0101tisko \u017e\u0101v\u0113t\u0101ju.<br \/>\nIel\u016bkojies izm\u0113ru tabul\u0101 un iesak\u0101m izv\u0113l\u0113ties kreklu izm\u0113ru maz\u0101ku.<br \/>\nAuduma bl\u012bvums: 215 G\/M\u00b2<\/p>\n","protected":false},"excerpt":{"rendered":"<p style=\"text-align: center;\">S\u0101c un iekaro dienu ar \u2018Carpe Diem &#8211; Tver Dienu\u2019 t kreklu. Tas ir saj\u016btu ce\u013cojums, ko nov\u0113rt\u0113s ikviens. Izgaismo savu ikdienu ar \u2018Carpe Diem\u2019!<\/p>\n","protected":false},"featured_media":183494,"template":"","meta":{"_jet_sm_ready_style":"","_jet_sm_style":"","_jet_sm_controls_values":"","_jet_sm_fonts_collection":"","_jet_sm_fonts_links":""},"pwb-brand":[1392],"product_cat":[105,104,107,103],"product_tag":[1366,1510],"class_list":["post-183536","product","type-product","status-publish","has-post-thumbnail","pwb-brand-gaisma-lv","product_cat-sievietem","product_cat-t-krekli","product_cat-t-krekli-sievietem","product_cat-viriesiem","product_tag-back-2-school-lv","product_tag-janu-ligo-davanu-idejas","first","instock","taxable","shipping-taxable","purchasable","product-type-variable"],"raw_content":{"name":"GAISMA Organiskas Kokvilnas Unisex T krekls | Carpe Diem","description":"<p style=\"text-align: left;\">Krekls ra\u017eots ES, druk\u0101ts sietspiedes tehnik\u0101 R\u012bg\u0101.<\/p>\r\n<p style=\"text-align: left;\">Ieteicams mazg\u0101t 30C gr\u0101du temperat\u016br\u0101, izgrie\u017eot iek\u0161pusi uz \u0101ru, neizmantot autom\u0101tisko \u017e\u0101v\u0113t\u0101ju.\r\nIel\u016bkojies izm\u0113ru tabul\u0101 un iesak\u0101m izv\u0113l\u0113ties kreklu izm\u0113ru maz\u0101ku.\r\nAuduma bl\u012bvums: 215 G\/M\u00b2<\/p>","short_description":"<p style=\"text-align: center;\">S\u0101c un iekaro dienu ar \u2018Carpe Diem - Tver Dienu\u2019 t kreklu. Tas ir saj\u016btu ce\u013cojums, ko nov\u0113rt\u0113s ikviens. Izgaismo savu ikdienu ar \u2018Carpe Diem\u2019!<\/p>","status":"publish","sku":"Gaisma-TShirt-Perfectly-CD","original":183497},"wpml":{"translation_type":1,"has_translations":true,"original":183497,"duplicates":[],"translations":{"lv":183536,"en":183497}},"brands":[{"id":1392,"name":"GAISMA","slug":"gaisma-lv"}],"_links":{"self":[{"href":"https:\/\/m50.lv\/lv\/wp-json\/wp\/v2\/product\/183536","targetHints":{"allow":["GET"]}}],"collection":[{"href":"https:\/\/m50.lv\/lv\/wp-json\/wp\/v2\/product"}],"about":[{"href":"https:\/\/m50.lv\/lv\/wp-json\/wp\/v2\/types\/product"}],"version-history":[{"count":0,"href":"https:\/\/m50.lv\/lv\/wp-json\/wp\/v2\/product\/183536\/revisions"}],"wp:featuredmedia":[{"embeddable":true,"href":"https:\/\/m50.lv\/lv\/wp-json\/wp\/v2\/media\/183494"}],"wp:attachment":[{"href":"https:\/\/m50.lv\/lv\/wp-json\/wp\/v2\/media?parent=183536"}],"wp:term":[{"taxonomy":"pwb-brand","embeddable":true,"href":"https:\/\/m50.lv\/lv\/wp-json\/wp\/v2\/pwb-brand?post=183536"},{"taxonomy":"product_cat","embeddable":true,"href":"https:\/\/m50.lv\/lv\/wp-json\/wp\/v2\/product_cat?post=183536"},{"taxonomy":"product_tag","embeddable":true,"href":"https:\/\/m50.lv\/lv\/wp-json\/wp\/v2\/product_tag?post=183536"}],"curies":[{"name":"wp","href":"https:\/\/api.w.org\/{rel}","templated":true}]}}