{"id":183544,"date":"2025-06-11T15:57:39","date_gmt":"2025-06-11T13:57:39","guid":{"rendered":"https:\/\/m50.lv\/product\/gaisma-organiskas-kokvilnas-unisex-t-krekls-perfectly-imperfect\/"},"modified":"2025-06-17T15:21:27","modified_gmt":"2025-06-17T13:21:27","slug":"gaisma-organiskas-kokvilnas-unisex-t-krekls-perfectly-imperfect","status":"publish","type":"product","link":"https:\/\/m50.lv\/lv\/product\/gaisma-organiskas-kokvilnas-unisex-t-krekls-perfectly-imperfect\/","title":{"rendered":"GAISMA Organiskas Kokvilnas Unisex T krekls | Perfectly Imperfect"},"content":{"rendered":"<p style=\"text-align: left;\">Krekls ra\u017eots ES, druk\u0101ts sietspiedes tehnik\u0101 R\u012bg\u0101.<\/p>\n<p style=\"text-align: left;\">Ieteicams mazg\u0101t 30C gr\u0101du temperat\u016br\u0101, izgrie\u017eot iek\u0161pusi uz \u0101ru, neizmantot autom\u0101tisko \u017e\u0101v\u0113t\u0101ju.<br \/>\nIel\u016bkojies izm\u0113ru tabul\u0101 un iesak\u0101m izv\u0113l\u0113ties kreklu izm\u0113ru maz\u0101ku.<br \/>\nAuduma bl\u012bvums: 215 G\/M\u00b2<\/p>\n","protected":false},"excerpt":{"rendered":"<p style=\"text-align: center;\">Izbaudi mirkli ar m\u016bsu &#8216;Perfectly Imperfect &#8211; Perfekti Nepiln\u012bgo&#8217; T-kreklu. T\u0101 ir dz\u012bves filozofija \u2013 pie\u0146emt savas k\u013c\u016bdas un m\u0101c\u012bties no t\u0101m.<\/p>\n","protected":false},"featured_media":183492,"template":"","meta":{"_jet_sm_ready_style":"","_jet_sm_style":"","_jet_sm_controls_values":"","_jet_sm_fonts_collection":"","_jet_sm_fonts_links":""},"pwb-brand":[1392],"product_cat":[102,105,107,104,103],"product_tag":[1366,1510],"class_list":["post-183544","product","type-product","status-publish","has-post-thumbnail","pwb-brand-gaisma-lv","product_cat-apgerbs","product_cat-sievietem","product_cat-t-krekli-sievietem","product_cat-t-krekli","product_cat-viriesiem","product_tag-back-2-school-lv","product_tag-janu-ligo-davanu-idejas","first","instock","taxable","shipping-taxable","purchasable","product-type-variable"],"raw_content":{"name":"GAISMA Organiskas Kokvilnas Unisex T krekls | Perfectly Imperfect","description":"<p style=\"text-align: left;\">Krekls ra\u017eots ES, druk\u0101ts sietspiedes tehnik\u0101 R\u012bg\u0101.<\/p>\r\n<p style=\"text-align: left;\">Ieteicams mazg\u0101t 30C gr\u0101du temperat\u016br\u0101, izgrie\u017eot iek\u0161pusi uz \u0101ru, neizmantot autom\u0101tisko \u017e\u0101v\u0113t\u0101ju.\r\nIel\u016bkojies izm\u0113ru tabul\u0101 un iesak\u0101m izv\u0113l\u0113ties kreklu izm\u0113ru maz\u0101ku.\r\nAuduma bl\u012bvums: 215 G\/M\u00b2<\/p>","short_description":"<p style=\"text-align: center;\">Izbaudi mirkli ar m\u016bsu 'Perfectly Imperfect - Perfekti Nepiln\u012bgo' T-kreklu. T\u0101 ir dz\u012bves filozofija \u2013 pie\u0146emt savas k\u013c\u016bdas un m\u0101c\u012bties no t\u0101m.<\/p>","status":"publish","sku":"Gaisma-TShirt-Perfectly-Imperfect","original":183495},"wpml":{"translation_type":1,"has_translations":true,"original":183495,"duplicates":[],"translations":{"lv":183544,"en":183495}},"brands":[{"id":1392,"name":"GAISMA","slug":"gaisma-lv"}],"_links":{"self":[{"href":"https:\/\/m50.lv\/lv\/wp-json\/wp\/v2\/product\/183544","targetHints":{"allow":["GET"]}}],"collection":[{"href":"https:\/\/m50.lv\/lv\/wp-json\/wp\/v2\/product"}],"about":[{"href":"https:\/\/m50.lv\/lv\/wp-json\/wp\/v2\/types\/product"}],"version-history":[{"count":0,"href":"https:\/\/m50.lv\/lv\/wp-json\/wp\/v2\/product\/183544\/revisions"}],"wp:featuredmedia":[{"embeddable":true,"href":"https:\/\/m50.lv\/lv\/wp-json\/wp\/v2\/media\/183492"}],"wp:attachment":[{"href":"https:\/\/m50.lv\/lv\/wp-json\/wp\/v2\/media?parent=183544"}],"wp:term":[{"taxonomy":"pwb-brand","embeddable":true,"href":"https:\/\/m50.lv\/lv\/wp-json\/wp\/v2\/pwb-brand?post=183544"},{"taxonomy":"product_cat","embeddable":true,"href":"https:\/\/m50.lv\/lv\/wp-json\/wp\/v2\/product_cat?post=183544"},{"taxonomy":"product_tag","embeddable":true,"href":"https:\/\/m50.lv\/lv\/wp-json\/wp\/v2\/product_tag?post=183544"}],"curies":[{"name":"wp","href":"https:\/\/api.w.org\/{rel}","templated":true}]}}