{"id":184018,"date":"2025-06-19T11:36:02","date_gmt":"2025-06-19T09:36:02","guid":{"rendered":"https:\/\/m50.lv\/product\/m50-briva-piegriezuma-dzemperis-sarkanas-stripas\/"},"modified":"2026-02-23T14:41:54","modified_gmt":"2026-02-23T12:41:54","slug":"m50-briva-piegriezuma-dzemperis-sarkanas-stripas","status":"publish","type":"product","link":"https:\/\/m50.lv\/lv\/product\/m50-briva-piegriezuma-dzemperis-sarkanas-stripas\/","title":{"rendered":"M50 Br\u012bva Piegriezuma D\u017eemperis | Sarkanas str\u012bpas"},"content":{"rendered":"<p style=\"text-align: left;\">Auduma sast\u0101vs: 92% kokvilna, 8% elast\u0101ns, viens univers\u0101ls izm\u0113rs, daudz sul\u012bgas str\u012bpas!<\/p>\n","protected":false},"excerpt":{"rendered":"<p style=\"text-align: center;\">Kvalitat\u012bvs audums un \u0113rts piegriezums \u2013 \u012bso d\u017eemper\u012bti var vilkt, mainot priek\u0161pusi ar mugurpusi, l\u012bdz ar to da\u017e\u0101dojot kakla izgriezuma stilu. Pat\u012bkami m\u012bksts audums , bez liek\u0101m klapat\u0101m mazg\u0101jams, \u017e\u0101v\u0113jams, un atkal velkams ikdienas ap\u0123\u0113rbs!<\/p>\n","protected":false},"featured_media":183910,"template":"","meta":{"_jet_sm_ready_style":"","_jet_sm_style":"","_jet_sm_controls_values":"","_jet_sm_fonts_collection":"","_jet_sm_fonts_links":""},"pwb-brand":[1249],"product_cat":[102,733,105,913],"product_tag":[1520],"class_list":{"0":"post-184018","1":"product","2":"type-product","3":"status-publish","4":"has-post-thumbnail","6":"pwb-brand-m50-lv","7":"product_cat-apgerbs","8":"product_cat-m50","9":"product_cat-sievietem","10":"product_cat-topi-lv","11":"product_tag-stripains-apgerbs","13":"first","14":"instock","15":"taxable","16":"shipping-taxable","17":"purchasable","18":"product-type-simple"},"raw_content":{"name":"M50 Br\u012bva Piegriezuma D\u017eemperis | Sarkanas str\u012bpas","description":"<p style=\"text-align: left;\">Auduma sast\u0101vs: 92% kokvilna, 8% elast\u0101ns, viens univers\u0101ls izm\u0113rs, daudz sul\u012bgas str\u012bpas!<\/p>","short_description":"<p style=\"text-align: center;\">Kvalitat\u012bvs audums un \u0113rts piegriezums \u2013 \u012bso d\u017eemper\u012bti var vilkt, mainot priek\u0161pusi ar mugurpusi, l\u012bdz ar to da\u017e\u0101dojot kakla izgriezuma stilu. Pat\u012bkami m\u012bksts audums , bez liek\u0101m klapat\u0101m mazg\u0101jams, \u017e\u0101v\u0113jams, un atkal velkams ikdienas ap\u0123\u0113rbs!<\/p>","status":"publish","sku":"m50-sw-red-stripes","original":183975},"wpml":{"translation_type":1,"has_translations":true,"original":183975,"duplicates":[],"translations":{"lv":184018,"en":183975}},"brands":[{"id":1249,"name":"M50","slug":"m50-lv"}],"_links":{"self":[{"href":"https:\/\/m50.lv\/lv\/wp-json\/wp\/v2\/product\/184018","targetHints":{"allow":["GET"]}}],"collection":[{"href":"https:\/\/m50.lv\/lv\/wp-json\/wp\/v2\/product"}],"about":[{"href":"https:\/\/m50.lv\/lv\/wp-json\/wp\/v2\/types\/product"}],"version-history":[{"count":0,"href":"https:\/\/m50.lv\/lv\/wp-json\/wp\/v2\/product\/184018\/revisions"}],"wp:featuredmedia":[{"embeddable":true,"href":"https:\/\/m50.lv\/lv\/wp-json\/wp\/v2\/media\/183910"}],"wp:attachment":[{"href":"https:\/\/m50.lv\/lv\/wp-json\/wp\/v2\/media?parent=184018"}],"wp:term":[{"taxonomy":"pwb-brand","embeddable":true,"href":"https:\/\/m50.lv\/lv\/wp-json\/wp\/v2\/pwb-brand?post=184018"},{"taxonomy":"product_cat","embeddable":true,"href":"https:\/\/m50.lv\/lv\/wp-json\/wp\/v2\/product_cat?post=184018"},{"taxonomy":"product_tag","embeddable":true,"href":"https:\/\/m50.lv\/lv\/wp-json\/wp\/v2\/product_tag?post=184018"}],"curies":[{"name":"wp","href":"https:\/\/api.w.org\/{rel}","templated":true}]}}