{"id":184025,"date":"2025-06-19T11:20:04","date_gmt":"2025-06-19T09:20:04","guid":{"rendered":"https:\/\/m50.lv\/product\/m50-kleita-noktirne-zala\/"},"modified":"2025-09-29T01:49:45","modified_gmt":"2025-09-28T23:49:45","slug":"m50-kleita-noktirne-zala","status":"publish","type":"product","link":"https:\/\/m50.lv\/lv\/product\/m50-kleita-noktirne-zala\/","title":{"rendered":"M50 Kleita Noktirne | Za\u013ca"},"content":{"rendered":"<p style=\"text-align: left;\">Bieza, eleganta trikot\u0101\u017ea.<br \/>\nSast\u0101vs: 92% viskoze, 8% elast\u0101ns<\/p>\n<p style=\"text-align: left;\">Mazg\u0101t ieteicams, ap\u0123\u0113rba iek\u0161pusi izgrie\u017eot uz \u0101ru, 30% t; gludin\u0101t iesak\u0101m ar tvaika gludekli.<\/p>\n","protected":false},"excerpt":{"rendered":"<p style=\"text-align: center;\">\u0112rta, praktiska, universa\u0304la trikot\u0101\u017eas kleita ar liela\u0304m kabata\u0304m. Kleita izskata\u0304s lieliski ar\u012b ar jostin\u0327u un daz\u030ca\u0304diem aksesua\u0304riem.<\/p>\n","protected":false},"featured_media":183875,"template":"","meta":{"_jet_sm_ready_style":"","_jet_sm_style":"","_jet_sm_controls_values":"","_jet_sm_fonts_collection":"","_jet_sm_fonts_links":""},"pwb-brand":[1249],"product_cat":[102,106,733,105],"product_tag":[],"class_list":{"0":"post-184025","1":"product","2":"type-product","3":"status-publish","4":"has-post-thumbnail","6":"pwb-brand-m50-lv","7":"product_cat-apgerbs","8":"product_cat-kleitas","9":"product_cat-m50","10":"product_cat-sievietem","12":"first","13":"instock","14":"taxable","15":"shipping-taxable","16":"purchasable","17":"product-type-variable"},"raw_content":{"name":"M50 Kleita Noktirne | Za\u013ca","description":"<p style=\"text-align: left;\">Bieza, eleganta trikot\u0101\u017ea.\r\nSast\u0101vs: 92% viskoze, 8% elast\u0101ns<\/p>\r\n<p style=\"text-align: left;\">Mazg\u0101t ieteicams, ap\u0123\u0113rba iek\u0161pusi izgrie\u017eot uz \u0101ru, 30% t; gludin\u0101t iesak\u0101m ar tvaika gludekli.<\/p>","short_description":"<p style=\"text-align: center;\">\u0112rta, praktiska, universa\u0304la trikot\u0101\u017eas kleita ar liela\u0304m kabata\u0304m. Kleita izskata\u0304s lieliski ar\u012b ar jostin\u0327u un daz\u030ca\u0304diem aksesua\u0304riem.<\/p>","status":"publish","sku":"M50-Dress-Noktirne-Green","original":183954},"wpml":{"translation_type":1,"has_translations":true,"original":183954,"duplicates":[],"translations":{"lv":184025,"en":183954}},"brands":[{"id":1249,"name":"M50","slug":"m50-lv"}],"_links":{"self":[{"href":"https:\/\/m50.lv\/lv\/wp-json\/wp\/v2\/product\/184025","targetHints":{"allow":["GET"]}}],"collection":[{"href":"https:\/\/m50.lv\/lv\/wp-json\/wp\/v2\/product"}],"about":[{"href":"https:\/\/m50.lv\/lv\/wp-json\/wp\/v2\/types\/product"}],"version-history":[{"count":0,"href":"https:\/\/m50.lv\/lv\/wp-json\/wp\/v2\/product\/184025\/revisions"}],"wp:featuredmedia":[{"embeddable":true,"href":"https:\/\/m50.lv\/lv\/wp-json\/wp\/v2\/media\/183875"}],"wp:attachment":[{"href":"https:\/\/m50.lv\/lv\/wp-json\/wp\/v2\/media?parent=184025"}],"wp:term":[{"taxonomy":"pwb-brand","embeddable":true,"href":"https:\/\/m50.lv\/lv\/wp-json\/wp\/v2\/pwb-brand?post=184025"},{"taxonomy":"product_cat","embeddable":true,"href":"https:\/\/m50.lv\/lv\/wp-json\/wp\/v2\/product_cat?post=184025"},{"taxonomy":"product_tag","embeddable":true,"href":"https:\/\/m50.lv\/lv\/wp-json\/wp\/v2\/product_tag?post=184025"}],"curies":[{"name":"wp","href":"https:\/\/api.w.org\/{rel}","templated":true}]}}