{"id":184035,"date":"2025-06-19T11:02:12","date_gmt":"2025-06-19T09:02:12","guid":{"rendered":"https:\/\/m50.lv\/product\/m50-briva-piegriezuma-t-krekls-zals\/"},"modified":"2026-02-23T14:43:49","modified_gmt":"2026-02-23T12:43:49","slug":"m50-briva-piegriezuma-t-krekls-zals","status":"publish","type":"product","link":"https:\/\/m50.lv\/lv\/product\/m50-briva-piegriezuma-t-krekls-zals\/","title":{"rendered":"M50 br\u012bva piegriezuma T-krekls | Za\u013c\u0161"},"content":{"rendered":"<p style=\"text-align: left;\">Sast\u0101vs: 92% kokvilna, 8% elast\u0101ns<\/p>\n<p style=\"text-align: left;\">Mazg\u0101t ieteicams, ap\u0123\u0113rba iek\u0161pusi izgrie\u017eot uz \u0101ru, 30% t; gludin\u0101t iesak\u0101m ar tvaika gludekli.<\/p>\n","protected":false},"excerpt":{"rendered":"<p style=\"text-align: center;\">Dabiski stil\u012bgs un \u012bpa\u0161i \u0113rts \u2013 m\u016bsu br\u012bva piegriezuma T-krekls ir rad\u012bts kust\u012bbu br\u012bv\u012bbai un nepiespiestam stilam. Izgatavots no m\u012bksta, elpojo\u0161a auduma, tas dabiski piegu\u013c augumam, veidojot glaimojo\u0161u siluetu bez piek\u013cau\u0161an\u0101s. Lieliski piem\u0113rots ikdienas valk\u0101\u0161anai, kombin\u0113\u0161anai vai atp\u016btai \u2013 \u0161is krekls ir tavs uzticamais sabiedrotais komfortam ar relaks\u0113tu noska\u0146u.<\/p>\n","protected":false},"featured_media":183815,"template":"","meta":{"_jet_sm_ready_style":"","_jet_sm_style":"","_jet_sm_controls_values":"","_jet_sm_fonts_collection":"","_jet_sm_fonts_links":""},"pwb-brand":[1249],"product_cat":[733,105,104,107,913],"product_tag":[],"class_list":{"0":"post-184035","1":"product","2":"type-product","3":"status-publish","4":"has-post-thumbnail","6":"pwb-brand-m50-lv","7":"product_cat-m50","8":"product_cat-sievietem","9":"product_cat-t-krekli","10":"product_cat-t-krekli-sievietem","11":"product_cat-topi-lv","13":"first","14":"instock","15":"taxable","16":"shipping-taxable","17":"purchasable","18":"product-type-variable"},"raw_content":{"name":"M50 br\u012bva piegriezuma T-krekls | Za\u013c\u0161","description":"<p style=\"text-align: left;\">Sast\u0101vs: 92% kokvilna, 8% elast\u0101ns<\/p>\r\n<p style=\"text-align: left;\">Mazg\u0101t ieteicams, ap\u0123\u0113rba iek\u0161pusi izgrie\u017eot uz \u0101ru, 30% t; gludin\u0101t iesak\u0101m ar tvaika gludekli.<\/p>","short_description":"<p style=\"text-align: center;\">Dabiski stil\u012bgs un \u012bpa\u0161i \u0113rts \u2013 m\u016bsu br\u012bva piegriezuma T-krekls ir rad\u012bts kust\u012bbu br\u012bv\u012bbai un nepiespiestam stilam. Izgatavots no m\u012bksta, elpojo\u0161a auduma, tas dabiski piegu\u013c augumam, veidojot glaimojo\u0161u siluetu bez piek\u013cau\u0161an\u0101s. Lieliski piem\u0113rots ikdienas valk\u0101\u0161anai, kombin\u0113\u0161anai vai atp\u016btai \u2013 \u0161is krekls ir tavs uzticamais sabiedrotais komfortam ar relaks\u0113tu noska\u0146u.<\/p>","status":"publish","sku":"M50-loose-fit-t-shirt-Green","original":183797},"wpml":{"translation_type":1,"has_translations":true,"original":183797,"duplicates":[],"translations":{"lv":184035,"en":183797}},"brands":[{"id":1249,"name":"M50","slug":"m50-lv"}],"_links":{"self":[{"href":"https:\/\/m50.lv\/lv\/wp-json\/wp\/v2\/product\/184035","targetHints":{"allow":["GET"]}}],"collection":[{"href":"https:\/\/m50.lv\/lv\/wp-json\/wp\/v2\/product"}],"about":[{"href":"https:\/\/m50.lv\/lv\/wp-json\/wp\/v2\/types\/product"}],"version-history":[{"count":0,"href":"https:\/\/m50.lv\/lv\/wp-json\/wp\/v2\/product\/184035\/revisions"}],"wp:featuredmedia":[{"embeddable":true,"href":"https:\/\/m50.lv\/lv\/wp-json\/wp\/v2\/media\/183815"}],"wp:attachment":[{"href":"https:\/\/m50.lv\/lv\/wp-json\/wp\/v2\/media?parent=184035"}],"wp:term":[{"taxonomy":"pwb-brand","embeddable":true,"href":"https:\/\/m50.lv\/lv\/wp-json\/wp\/v2\/pwb-brand?post=184035"},{"taxonomy":"product_cat","embeddable":true,"href":"https:\/\/m50.lv\/lv\/wp-json\/wp\/v2\/product_cat?post=184035"},{"taxonomy":"product_tag","embeddable":true,"href":"https:\/\/m50.lv\/lv\/wp-json\/wp\/v2\/product_tag?post=184035"}],"curies":[{"name":"wp","href":"https:\/\/api.w.org\/{rel}","templated":true}]}}