{"id":184191,"date":"2025-06-20T08:07:09","date_gmt":"2025-06-20T06:07:09","guid":{"rendered":"https:\/\/m50.lv\/product\/m50-saules-svarki-midi-stripaini\/"},"modified":"2025-09-29T01:49:48","modified_gmt":"2025-09-28T23:49:48","slug":"m50-saules-svarki-midi-stripaini","status":"publish","type":"product","link":"https:\/\/m50.lv\/lv\/product\/m50-saules-svarki-midi-stripaini\/","title":{"rendered":"M50 Saules sv\u0101rki MIDI | Str\u012bpaini"},"content":{"rendered":"<p style=\"text-align: left;\">Sast\u0101vs: 92% viskoze + 8% elast\u0101ns<\/p>\n","protected":false},"excerpt":{"rendered":"<p style=\"text-align: center;\">Saules meitu sv\u0101rki \u2013 sievi\u0161\u0137\u012bbas un praktiskuma apvienojums! Vij\u012bgs, br\u012bvi kr\u012bto\u0161s griezums; \u0113rta, stingra un plata dubult\u0101 loc\u012bta jostas da\u013ca.<\/p>\n","protected":false},"featured_media":184137,"template":"","meta":{"_jet_sm_ready_style":"","_jet_sm_style":"","_jet_sm_controls_values":"","_jet_sm_fonts_collection":"","_jet_sm_fonts_links":""},"pwb-brand":[1249],"product_cat":[102,733,105,594],"product_tag":[1520],"class_list":{"0":"post-184191","1":"product","2":"type-product","3":"status-publish","4":"has-post-thumbnail","6":"pwb-brand-m50-lv","7":"product_cat-apgerbs","8":"product_cat-m50","9":"product_cat-sievietem","10":"product_cat-svarki","11":"product_tag-stripains-apgerbs","13":"first","14":"instock","15":"taxable","16":"shipping-taxable","17":"purchasable","18":"product-type-variable"},"raw_content":{"name":"M50 Saules sv\u0101rki MIDI | Str\u012bpaini","description":"<p style=\"text-align: left;\">Sast\u0101vs: 92% viskoze + 8% elast\u0101ns<\/p>","short_description":"<p style=\"text-align: center;\">Saules meitu sv\u0101rki \u2013 sievi\u0161\u0137\u012bbas un praktiskuma apvienojums! Vij\u012bgs, br\u012bvi kr\u012bto\u0161s griezums; \u0113rta, stingra un plata dubult\u0101 loc\u012bta jostas da\u013ca.<\/p>","status":"publish","sku":"M50SunSkirtMIDI-stripes","original":184074},"wpml":{"translation_type":1,"has_translations":true,"original":184074,"duplicates":[],"translations":{"lv":184191,"en":184074}},"brands":[{"id":1249,"name":"M50","slug":"m50-lv"}],"_links":{"self":[{"href":"https:\/\/m50.lv\/lv\/wp-json\/wp\/v2\/product\/184191","targetHints":{"allow":["GET"]}}],"collection":[{"href":"https:\/\/m50.lv\/lv\/wp-json\/wp\/v2\/product"}],"about":[{"href":"https:\/\/m50.lv\/lv\/wp-json\/wp\/v2\/types\/product"}],"version-history":[{"count":0,"href":"https:\/\/m50.lv\/lv\/wp-json\/wp\/v2\/product\/184191\/revisions"}],"wp:featuredmedia":[{"embeddable":true,"href":"https:\/\/m50.lv\/lv\/wp-json\/wp\/v2\/media\/184137"}],"wp:attachment":[{"href":"https:\/\/m50.lv\/lv\/wp-json\/wp\/v2\/media?parent=184191"}],"wp:term":[{"taxonomy":"pwb-brand","embeddable":true,"href":"https:\/\/m50.lv\/lv\/wp-json\/wp\/v2\/pwb-brand?post=184191"},{"taxonomy":"product_cat","embeddable":true,"href":"https:\/\/m50.lv\/lv\/wp-json\/wp\/v2\/product_cat?post=184191"},{"taxonomy":"product_tag","embeddable":true,"href":"https:\/\/m50.lv\/lv\/wp-json\/wp\/v2\/product_tag?post=184191"}],"curies":[{"name":"wp","href":"https:\/\/api.w.org\/{rel}","templated":true}]}}