{"id":184215,"date":"2025-06-20T08:03:33","date_gmt":"2025-06-20T06:03:33","guid":{"rendered":"https:\/\/m50.lv\/product\/m50-stripains-dzemperis-zils\/"},"modified":"2025-09-29T01:49:49","modified_gmt":"2025-09-28T23:49:49","slug":"m50-stripains-dzemperis-zils","status":"publish","type":"product","link":"https:\/\/m50.lv\/lv\/product\/m50-stripains-dzemperis-zils\/","title":{"rendered":"M50 Str\u012bpains d\u017eemperis | Zils"},"content":{"rendered":"<p style=\"text-align: left;\">Auduma sast\u0101vs: 92% kokvilna, 8% elast\u0101ns<\/p>\n","protected":false},"excerpt":{"rendered":"<p style=\"text-align: center;\">M\u012bkstas kokvilnas br\u012bva piegriezuma unisex fasona d\u017eemperis<\/p>\n","protected":false},"featured_media":184073,"template":"","meta":{"_jet_sm_ready_style":"","_jet_sm_style":"","_jet_sm_controls_values":"","_jet_sm_fonts_collection":"","_jet_sm_fonts_links":""},"pwb-brand":[1249],"product_cat":[201,733,105,913],"product_tag":[1520],"class_list":{"0":"post-184215","1":"product","2":"type-product","3":"status-publish","4":"has-post-thumbnail","6":"pwb-brand-m50-lv","7":"product_cat-dzemperi-lv","8":"product_cat-m50","9":"product_cat-sievietem","10":"product_cat-topi-lv","11":"product_tag-stripains-apgerbs","13":"first","14":"outofstock","15":"taxable","16":"shipping-taxable","17":"product-type-variable"},"raw_content":{"name":"M50 Str\u012bpains d\u017eemperis | Zils","description":"<p style=\"text-align: left;\">Auduma sast\u0101vs: 92% kokvilna, 8% elast\u0101ns<\/p>","short_description":"<p style=\"text-align: center;\">M\u012bkstas kokvilnas br\u012bva piegriezuma unisex fasona d\u017eemperis<\/p>","status":"publish","sku":"M50-Striped-Duck-longsleeve-Blue","original":184071},"wpml":{"translation_type":1,"has_translations":true,"original":184071,"duplicates":[],"translations":{"lv":184215,"en":184071}},"brands":[{"id":1249,"name":"M50","slug":"m50-lv"}],"_links":{"self":[{"href":"https:\/\/m50.lv\/lv\/wp-json\/wp\/v2\/product\/184215","targetHints":{"allow":["GET"]}}],"collection":[{"href":"https:\/\/m50.lv\/lv\/wp-json\/wp\/v2\/product"}],"about":[{"href":"https:\/\/m50.lv\/lv\/wp-json\/wp\/v2\/types\/product"}],"version-history":[{"count":0,"href":"https:\/\/m50.lv\/lv\/wp-json\/wp\/v2\/product\/184215\/revisions"}],"wp:featuredmedia":[{"embeddable":true,"href":"https:\/\/m50.lv\/lv\/wp-json\/wp\/v2\/media\/184073"}],"wp:attachment":[{"href":"https:\/\/m50.lv\/lv\/wp-json\/wp\/v2\/media?parent=184215"}],"wp:term":[{"taxonomy":"pwb-brand","embeddable":true,"href":"https:\/\/m50.lv\/lv\/wp-json\/wp\/v2\/pwb-brand?post=184215"},{"taxonomy":"product_cat","embeddable":true,"href":"https:\/\/m50.lv\/lv\/wp-json\/wp\/v2\/product_cat?post=184215"},{"taxonomy":"product_tag","embeddable":true,"href":"https:\/\/m50.lv\/lv\/wp-json\/wp\/v2\/product_tag?post=184215"}],"curies":[{"name":"wp","href":"https:\/\/api.w.org\/{rel}","templated":true}]}}