{"id":184267,"date":"2025-06-20T15:09:11","date_gmt":"2025-06-20T13:09:11","guid":{"rendered":"https:\/\/m50.lv\/product\/flow-key-fob-official-merch-for-the-film-2\/"},"modified":"2025-11-27T16:35:59","modified_gmt":"2025-11-27T14:35:59","slug":"flow-key-fob-official-merch-for-the-film-2","status":"publish","type":"product","link":"https:\/\/m50.lv\/lv\/product\/flow-key-fob-official-merch-for-the-film-2\/","title":{"rendered":"Ofici\u0101lais FLOW atsl\u0113gu piekari\u0146\u0161 ar Ka\u0137\u012bti"},"content":{"rendered":"<p data-start=\"68\" data-end=\"411\">Pa\u0146em l\u012bdzi <em data-start=\"125\" data-end=\"131\">FLOW<\/em> noska\u0146u, lai kurp Tu dotos. Augstas kvalit\u0101tes met\u0101la atsl\u0113gu piekari\u0146\u0161 ar\u00a0 filmas STRAUME ka\u0137\u012bti. Neatkar\u012bgi no t\u0101, vai esi fans jau kop\u0161 filmas pirmizr\u0101des, vai tikko atkl\u0101jis \u0161o st\u0101stu \u2014 \u0161is ir aksesu\u0101rs, ko n\u0113s\u0101t l\u012bdzi visos piedz\u012bvojumos.<\/p>\n<ul data-start=\"413\" data-end=\"494\">\n<li data-start=\"413\" data-end=\"437\">\n<p data-start=\"415\" data-end=\"437\">Pul\u0113ta met\u0101la apdare<\/p>\n<\/li>\n<li data-start=\"438\" data-end=\"468\">\n<p data-start=\"440\" data-end=\"468\">Iztur\u012bgs gredzens ar \u0137\u0113d\u012bti atsl\u0113g\u0101m<\/p>\n<\/li>\n<li data-start=\"438\" data-end=\"468\">Ka\u0137\u012b\u0161a izm\u0113rs &#8211; 4,5cm, piekari\u0146a kop\u0113jais garums &#8211; 10,5cm<\/li>\n<\/ul>\n","protected":false},"excerpt":{"rendered":"<p>Ofici\u0101lais suven\u012brs 2025. gada Zelta Globusa un Oskara balvu ieguvu\u0161ajai lab\u0101kajai anim\u0101cijas filmai.<\/p>\n<p>\u00a9 FLOW\u2122 2024, Dream Well Studio, Sacrebleu Productions, Take Five. Visas ties\u012bbas aizsarg\u0101tas.<\/p>\n","protected":false},"featured_media":184258,"template":"","meta":{"_jet_sm_ready_style":"","_jet_sm_style":"","_jet_sm_controls_values":"","_jet_sm_fonts_collection":"","_jet_sm_fonts_links":""},"pwb-brand":[1458],"product_cat":[193,780],"product_tag":[1547,1485,1545],"class_list":{"0":"post-184267","1":"product","2":"type-product","3":"status-publish","4":"has-post-thumbnail","6":"pwb-brand-filma-straume","7":"product_cat-davanas","8":"product_cat-dizains","9":"product_tag-straume-berniem","10":"product_tag-straume","11":"product_tag-ziemassvetku-davanas","13":"first","14":"instock","15":"taxable","16":"shipping-taxable","17":"purchasable","18":"product-type-simple"},"raw_content":{"name":"Ofici\u0101lais FLOW atsl\u0113gu piekari\u0146\u0161 ar Ka\u0137\u012bti","description":"<p data-start=\"68\" data-end=\"411\">Pa\u0146em l\u012bdzi <em data-start=\"125\" data-end=\"131\">FLOW<\/em> noska\u0146u, lai kurp Tu dotos. Augstas kvalit\u0101tes met\u0101la atsl\u0113gu piekari\u0146\u0161 ar\u00a0 filmas STRAUME ka\u0137\u012bti. Neatkar\u012bgi no t\u0101, vai esi fans jau kop\u0161 filmas pirmizr\u0101des, vai tikko atkl\u0101jis \u0161o st\u0101stu \u2014 \u0161is ir aksesu\u0101rs, ko n\u0113s\u0101t l\u012bdzi visos piedz\u012bvojumos.<\/p>\r\n\r\n<ul data-start=\"413\" data-end=\"494\">\r\n \t<li data-start=\"413\" data-end=\"437\">\r\n<p data-start=\"415\" data-end=\"437\">Pul\u0113ta met\u0101la apdare<\/p>\r\n<\/li>\r\n \t<li data-start=\"438\" data-end=\"468\">\r\n<p data-start=\"440\" data-end=\"468\">Iztur\u012bgs gredzens ar \u0137\u0113d\u012bti atsl\u0113g\u0101m<\/p>\r\n<\/li>\r\n \t<li data-start=\"438\" data-end=\"468\">Ka\u0137\u012b\u0161a izm\u0113rs - 4,5cm, piekari\u0146a kop\u0113jais garums - 10,5cm<\/li>\r\n<\/ul>","short_description":"Ofici\u0101lais suven\u012brs 2025. gada Zelta Globusa un Oskara balvu ieguvu\u0161ajai lab\u0101kajai anim\u0101cijas filmai.\r\n\r\n\u00a9 FLOW\u2122 2024, Dream Well Studio, Sacrebleu Productions, Take Five. Visas ties\u012bbas aizsarg\u0101tas.","status":"publish","sku":"flow-key-fob","original":184264},"wpml":{"translation_type":1,"has_translations":true,"original":184264,"duplicates":[],"translations":{"lv":184267,"en":184264}},"brands":[{"id":1458,"name":"Filma Straume","slug":"filma-straume"}],"_links":{"self":[{"href":"https:\/\/m50.lv\/lv\/wp-json\/wp\/v2\/product\/184267","targetHints":{"allow":["GET"]}}],"collection":[{"href":"https:\/\/m50.lv\/lv\/wp-json\/wp\/v2\/product"}],"about":[{"href":"https:\/\/m50.lv\/lv\/wp-json\/wp\/v2\/types\/product"}],"version-history":[{"count":0,"href":"https:\/\/m50.lv\/lv\/wp-json\/wp\/v2\/product\/184267\/revisions"}],"wp:featuredmedia":[{"embeddable":true,"href":"https:\/\/m50.lv\/lv\/wp-json\/wp\/v2\/media\/184258"}],"wp:attachment":[{"href":"https:\/\/m50.lv\/lv\/wp-json\/wp\/v2\/media?parent=184267"}],"wp:term":[{"taxonomy":"pwb-brand","embeddable":true,"href":"https:\/\/m50.lv\/lv\/wp-json\/wp\/v2\/pwb-brand?post=184267"},{"taxonomy":"product_cat","embeddable":true,"href":"https:\/\/m50.lv\/lv\/wp-json\/wp\/v2\/product_cat?post=184267"},{"taxonomy":"product_tag","embeddable":true,"href":"https:\/\/m50.lv\/lv\/wp-json\/wp\/v2\/product_tag?post=184267"}],"curies":[{"name":"wp","href":"https:\/\/api.w.org\/{rel}","templated":true}]}}