{"id":184750,"date":"2025-07-10T14:31:43","date_gmt":"2025-07-10T12:31:43","guid":{"rendered":"https:\/\/m50.lv\/product\/oficialas-flow-zekes-ar-kaka-acim-melnas\/"},"modified":"2025-12-18T12:03:05","modified_gmt":"2025-12-18T10:03:05","slug":"oficialas-flow-zekes-ar-kaka-acim-melnas","status":"publish","type":"product","link":"https:\/\/m50.lv\/lv\/product\/oficialas-flow-zekes-ar-kaka-acim-melnas\/","title":{"rendered":"Ofici\u0101l\u0101s FLOW ze\u0137es ar ka\u0137a ac\u012bm | Melnas"},"content":{"rendered":"<p style=\"text-align: left;\">B\u0113rnu un pieaugu\u0161o ze\u0137es ar melnu ka\u0137\u012bti abos ze\u0137es s\u0101nos, \u010detros univers\u0101los izm\u0113ros<\/p>\n<p style=\"text-align: left;\">Sast\u0101vs: 80% bambusa viskoze, 17% poliam\u012bds, 3% elast\u0101ns. OEKO-TEX\u00ae Standard 100<\/p>\n<p style=\"text-align: left;\">Ra\u017eots Latvij\u0101<\/p>\n","protected":false},"excerpt":{"rendered":"<p style=\"text-align: center;\">Ofici\u0101lais suven\u012brs 2025. gada Zelta Globusa un Oskara balvu ieguvu\u0161ajai lab\u0101kajai anim\u0101cijas filmai.<\/p>\n<p style=\"text-align: center;\">\u00a9 FLOW\u2122 2024, Dream Well Studio, Sacrebleu Productions, Take Five. Visas ties\u012bbas aizsarg\u0101tas.<\/p>\n","protected":false},"featured_media":184718,"template":"","meta":{"_jet_sm_ready_style":"","_jet_sm_style":"","_jet_sm_controls_values":"","_jet_sm_fonts_collection":"","_jet_sm_fonts_links":""},"pwb-brand":[1458],"product_cat":[101,567],"product_tag":[1547,1366,1502,1485,1545],"class_list":{"0":"post-184750","1":"product","2":"type-product","3":"status-publish","4":"has-post-thumbnail","6":"pwb-brand-filma-straume","7":"product_cat-aksesuari","8":"product_cat-zekes","9":"product_tag-straume-berniem","10":"product_tag-back-2-school-lv","11":"product_tag-straume-lv","12":"product_tag-straume","13":"product_tag-ziemassvetku-davanas","15":"first","16":"instock","17":"taxable","18":"shipping-taxable","19":"purchasable","20":"product-type-variable"},"raw_content":{"name":"Ofici\u0101l\u0101s FLOW ze\u0137es ar ka\u0137a ac\u012bm | Melnas","description":"<p style=\"text-align: left;\">B\u0113rnu un pieaugu\u0161o ze\u0137es ar melnu ka\u0137\u012bti abos ze\u0137es s\u0101nos, \u010detros univers\u0101los izm\u0113ros<\/p>\r\n<p style=\"text-align: left;\">Sast\u0101vs: 80% bambusa viskoze, 17% poliam\u012bds, 3% elast\u0101ns. OEKO-TEX\u00ae Standard 100<\/p>\r\n<p style=\"text-align: left;\">Ra\u017eots Latvij\u0101<\/p>","short_description":"<p style=\"text-align: center;\">Ofici\u0101lais suven\u012brs 2025. gada Zelta Globusa un Oskara balvu ieguvu\u0161ajai lab\u0101kajai anim\u0101cijas filmai.<\/p>\r\n<p style=\"text-align: center;\">\u00a9 FLOW\u2122 2024, Dream Well Studio, Sacrebleu Productions, Take Five. Visas ties\u012bbas aizsarg\u0101tas.<\/p>","status":"publish","sku":"63A5-F1ECD5","original":184728},"wpml":{"translation_type":1,"has_translations":true,"original":184728,"duplicates":[],"translations":{"lv":184750,"en":184728}},"brands":[{"id":1458,"name":"Filma Straume","slug":"filma-straume"}],"_links":{"self":[{"href":"https:\/\/m50.lv\/lv\/wp-json\/wp\/v2\/product\/184750","targetHints":{"allow":["GET"]}}],"collection":[{"href":"https:\/\/m50.lv\/lv\/wp-json\/wp\/v2\/product"}],"about":[{"href":"https:\/\/m50.lv\/lv\/wp-json\/wp\/v2\/types\/product"}],"version-history":[{"count":0,"href":"https:\/\/m50.lv\/lv\/wp-json\/wp\/v2\/product\/184750\/revisions"}],"wp:featuredmedia":[{"embeddable":true,"href":"https:\/\/m50.lv\/lv\/wp-json\/wp\/v2\/media\/184718"}],"wp:attachment":[{"href":"https:\/\/m50.lv\/lv\/wp-json\/wp\/v2\/media?parent=184750"}],"wp:term":[{"taxonomy":"pwb-brand","embeddable":true,"href":"https:\/\/m50.lv\/lv\/wp-json\/wp\/v2\/pwb-brand?post=184750"},{"taxonomy":"product_cat","embeddable":true,"href":"https:\/\/m50.lv\/lv\/wp-json\/wp\/v2\/product_cat?post=184750"},{"taxonomy":"product_tag","embeddable":true,"href":"https:\/\/m50.lv\/lv\/wp-json\/wp\/v2\/product_tag?post=184750"}],"curies":[{"name":"wp","href":"https:\/\/api.w.org\/{rel}","templated":true}]}}