{"id":184784,"date":"2025-07-11T12:36:12","date_gmt":"2025-07-11T10:36:12","guid":{"rendered":"https:\/\/m50.lv\/product\/oficialais-bernu-t-krekls-godalgotajai-animacijas-filmai-straume-flow-melns\/"},"modified":"2026-04-05T13:22:46","modified_gmt":"2026-04-05T11:22:46","slug":"oficialais-bernu-t-krekls-godalgotajai-animacijas-filmai-straume-flow-melns","status":"publish","type":"product","link":"https:\/\/m50.lv\/lv\/product\/oficialais-bernu-t-krekls-godalgotajai-animacijas-filmai-straume-flow-melns\/","title":{"rendered":"Ofici\u0101lais b\u0113rnu T-krekls godalgotajai anim\u0101cijas filmai STRAUME \/ FLOW | Melns"},"content":{"rendered":"<div class=\"elementor-element elementor-element-0afd4e5 elementor-widget elementor-widget-heading\" data-id=\"0afd4e5\" data-element_type=\"widget\" data-widget_type=\"heading.default\">\n<h2 class=\"elementor-heading-title elementor-size-default\">Produkta apraksts<\/h2>\n<\/div>\n<div class=\"elementor-element elementor-element-808e598 elementor-widget elementor-widget-jet-single-content\" data-id=\"808e598\" data-element_type=\"widget\" data-widget_type=\"jet-single-content.default\">\n<div class=\"elementor-widget-container\">\n<div class=\"elementor-jet-single-content jet-woo-builder\">\n<div class=\"jet-single-content\">\n<div class=\"product\">\n<div class=\"product\">\n<p>Materi\u0101ls: 100% organisk\u0101 kokvilna<br \/>\nIlgtsp\u0113j\u012bgs, videi draudz\u012bgs audums<br \/>\nDruk\u0101ts R\u012bg\u0101<\/p>\n<p>Perfekts gan ikdienai, gan k\u0101 stil\u012bgs aksesu\u0101rs \u012bstiem filmas cien\u012bt\u0101jiem!\u00a0<img decoding=\"async\" class=\"emoji\" role=\"img\" draggable=\"false\" src=\"https:\/\/s.w.org\/images\/core\/emoji\/16.0.1\/svg\/1f33f.svg\" alt=\"\ud83c\udf3f\" \/><img decoding=\"async\" class=\"emoji\" role=\"img\" draggable=\"false\" src=\"https:\/\/s.w.org\/images\/core\/emoji\/16.0.1\/svg\/1f43e.svg\" alt=\"\ud83d\udc3e\" \/><\/p>\n<p>Ieteicams mazg\u0101t 30C gr\u0101du temperat\u016br\u0101, izgrie\u017eot iek\u0161pusi uz \u0101ru, neizmantot autom\u0101tisko \u017e\u0101v\u0113t\u0101ju.<\/p>\n<p>Lai izv\u0113l\u0113tos pareizo izm\u0113ru, skatiet pievienoto tabulu<\/p>\n<\/div>\n<\/div>\n<\/div>\n<\/div>\n<\/div>\n<\/div>\n<p style=\"text-align: left;\">\n","protected":false},"excerpt":{"rendered":"<p style=\"text-align: center;\">T krekls ir ide\u0101ls veids, k\u0101 izr\u0101d\u012bt savu m\u012blest\u012bbu pret godalgoto anim\u0101cijas filmu \u201cSTRAUME\u201d\/\u201dFLOW\u201d. Priek\u0161pus\u0113 att\u0113lots ka\u0137\u012btis \u2013 filmas galvenais t\u0113ls un neliels uzraksts \u201cFlow\u201d.<\/p>\n<p style=\"text-align: center;\">Ofici\u0101lais suven\u012brs 2025. gada Zelta Globusa un Oskara balvu ieguvu\u0161ajai lab\u0101kajai anim\u0101cijas filmai.<\/p>\n","protected":false},"featured_media":184779,"template":"","meta":{"_jet_sm_ready_style":"","_jet_sm_style":"","_jet_sm_controls_values":"","_jet_sm_fonts_collection":"","_jet_sm_fonts_links":""},"pwb-brand":[1458],"product_cat":[102,1242],"product_tag":[1547,1366,1545],"class_list":{"0":"post-184784","1":"product","2":"type-product","3":"status-publish","4":"has-post-thumbnail","6":"pwb-brand-filma-straume","7":"product_cat-apgerbs","8":"product_cat-bernu-apgerbi","9":"product_tag-straume-berniem","10":"product_tag-back-2-school-lv","11":"product_tag-ziemassvetku-davanas","13":"first","14":"instock","15":"taxable","16":"shipping-taxable","17":"purchasable","18":"product-type-variable"},"raw_content":{"name":"Ofici\u0101lais b\u0113rnu T-krekls godalgotajai anim\u0101cijas filmai STRAUME \/ FLOW | Melns","description":"<div class=\"elementor-element elementor-element-0afd4e5 elementor-widget elementor-widget-heading\" data-id=\"0afd4e5\" data-element_type=\"widget\" data-widget_type=\"heading.default\">\r\n<h2 class=\"elementor-heading-title elementor-size-default\">Produkta apraksts<\/h2>\r\n<\/div>\r\n<div class=\"elementor-element elementor-element-808e598 elementor-widget elementor-widget-jet-single-content\" data-id=\"808e598\" data-element_type=\"widget\" data-widget_type=\"jet-single-content.default\">\r\n<div class=\"elementor-widget-container\">\r\n<div class=\"elementor-jet-single-content jet-woo-builder\">\r\n<div class=\"jet-single-content\">\r\n<div class=\"product\">\r\n<div class=\"product\">\r\n\r\nMateri\u0101ls: 100% organisk\u0101 kokvilna\r\nIlgtsp\u0113j\u012bgs, videi draudz\u012bgs audums\r\nDruk\u0101ts R\u012bg\u0101\r\n\r\nPerfekts gan ikdienai, gan k\u0101 stil\u012bgs aksesu\u0101rs \u012bstiem filmas cien\u012bt\u0101jiem!\u00a0<img class=\"emoji\" role=\"img\" draggable=\"false\" src=\"https:\/\/s.w.org\/images\/core\/emoji\/16.0.1\/svg\/1f33f.svg\" alt=\"\ud83c\udf3f\" \/><img class=\"emoji\" role=\"img\" draggable=\"false\" src=\"https:\/\/s.w.org\/images\/core\/emoji\/16.0.1\/svg\/1f43e.svg\" alt=\"\ud83d\udc3e\" \/>\r\n\r\nIeteicams mazg\u0101t 30C gr\u0101du temperat\u016br\u0101, izgrie\u017eot iek\u0161pusi uz \u0101ru, neizmantot autom\u0101tisko \u017e\u0101v\u0113t\u0101ju.\r\n\r\nLai izv\u0113l\u0113tos pareizo izm\u0113ru, skatiet pievienoto tabulu\r\n\r\n<\/div>\r\n<\/div>\r\n<\/div>\r\n<\/div>\r\n<\/div>\r\n<\/div>\r\n<p style=\"text-align: left;\"><\/p>","short_description":"<p style=\"text-align: center;\">T krekls ir ide\u0101ls veids, k\u0101 izr\u0101d\u012bt savu m\u012blest\u012bbu pret godalgoto anim\u0101cijas filmu \u201cSTRAUME\u201d\/\u201dFLOW\u201d. Priek\u0161pus\u0113 att\u0113lots ka\u0137\u012btis \u2013 filmas galvenais t\u0113ls un neliels uzraksts \u201cFlow\u201d.<\/p>\r\n<p style=\"text-align: center;\">Ofici\u0101lais suven\u012brs 2025. gada Zelta Globusa un Oskara balvu ieguvu\u0161ajai lab\u0101kajai anim\u0101cijas filmai.<\/p>","status":"publish","sku":"Kids-T-shirt-FLOW-Black","original":184770},"wpml":{"translation_type":1,"has_translations":true,"original":184770,"duplicates":[],"translations":{"lv":184784,"en":184770}},"brands":[{"id":1458,"name":"Filma Straume","slug":"filma-straume"}],"_links":{"self":[{"href":"https:\/\/m50.lv\/lv\/wp-json\/wp\/v2\/product\/184784","targetHints":{"allow":["GET"]}}],"collection":[{"href":"https:\/\/m50.lv\/lv\/wp-json\/wp\/v2\/product"}],"about":[{"href":"https:\/\/m50.lv\/lv\/wp-json\/wp\/v2\/types\/product"}],"version-history":[{"count":0,"href":"https:\/\/m50.lv\/lv\/wp-json\/wp\/v2\/product\/184784\/revisions"}],"wp:featuredmedia":[{"embeddable":true,"href":"https:\/\/m50.lv\/lv\/wp-json\/wp\/v2\/media\/184779"}],"wp:attachment":[{"href":"https:\/\/m50.lv\/lv\/wp-json\/wp\/v2\/media?parent=184784"}],"wp:term":[{"taxonomy":"pwb-brand","embeddable":true,"href":"https:\/\/m50.lv\/lv\/wp-json\/wp\/v2\/pwb-brand?post=184784"},{"taxonomy":"product_cat","embeddable":true,"href":"https:\/\/m50.lv\/lv\/wp-json\/wp\/v2\/product_cat?post=184784"},{"taxonomy":"product_tag","embeddable":true,"href":"https:\/\/m50.lv\/lv\/wp-json\/wp\/v2\/product_tag?post=184784"}],"curies":[{"name":"wp","href":"https:\/\/api.w.org\/{rel}","templated":true}]}}