{"id":185069,"date":"2025-07-25T07:41:27","date_gmt":"2025-07-25T05:41:27","guid":{"rendered":"https:\/\/m50.lv\/product\/m50-organiskas-kokvilnas-dzemperis-ar-kapuci-fairy-dust-gaisi-zals\/"},"modified":"2026-05-10T18:39:08","modified_gmt":"2026-05-10T16:39:08","slug":"m50-organiskas-kokvilnas-dzemperis-ar-kapuci-fairy-dust-gaisi-zals","status":"publish","type":"product","link":"https:\/\/m50.lv\/lv\/product\/m50-organiskas-kokvilnas-dzemperis-ar-kapuci-fairy-dust-gaisi-zals\/","title":{"rendered":"M50 Organiskas Kokvilnas D\u017eemperis ar kapuci Fairy Dust | Gai\u0161i za\u013c\u0161"},"content":{"rendered":"<p style=\"text-align: left;\">85% kokvilna &#8211; organiska, 15% poliesters &#8211; p\u0101rstr\u0101d\u0101ts &#8211; 300,0 GSM<br \/>\nModeles augums ir 182 cm un vi\u0146ai mugur\u0101 ir M izm\u0113rs.<br \/>\nMazg\u0101t l\u012bdz\u012bgas kr\u0101sas kop\u0101 30 gr\u0101dos, izgrie\u017eot iek\u0161pusi uz \u0101ru.<\/p>\n","protected":false},"excerpt":{"rendered":"<p style=\"text-align: center;\">Jebkur\u0161, kad tiek pie mazdrusci\u0146 feju putekl\u012b\u0161iem, ir apvelt\u012bts ar sp\u0113ju lidot! Vai Tu esi grib\u0113jis k\u0101dreiz lidot? T\u0101 pa \u012bstam, k\u0101 putni.. Br\u012bv\u012bba un burv\u012bba\u2026 \u0160eit mazliet M50 feju putekl\u012b\u0161u ma\u0123ijas ar\u012b jums\u2728 Iedvesmai un iedro\u0161in\u0101jumam \u2013 ej un dari \u2013 get things done. Lai top!<\/p>\n","protected":false},"featured_media":184980,"template":"","meta":{"_jet_sm_ready_style":"","_jet_sm_style":"","_jet_sm_controls_values":"","_jet_sm_fonts_collection":"","_jet_sm_fonts_links":""},"pwb-brand":[1249],"product_cat":[102,199,201,733,105,103],"product_tag":[1366],"class_list":["post-185069","product","type-product","status-publish","has-post-thumbnail","pwb-brand-m50-lv","product_cat-apgerbs","product_cat-dzemperi","product_cat-dzemperi-lv","product_cat-m50","product_cat-sievietem","product_cat-viriesiem","product_tag-back-2-school-lv","first","instock","taxable","shipping-taxable","purchasable","product-type-variable"],"raw_content":{"name":"M50 Organiskas Kokvilnas D\u017eemperis ar kapuci Fairy Dust | Gai\u0161i za\u013c\u0161","description":"<p style=\"text-align: left;\">85% kokvilna - organiska, 15% poliesters - p\u0101rstr\u0101d\u0101ts - 300,0 GSM\r\nModeles augums ir 182 cm un vi\u0146ai mugur\u0101 ir M izm\u0113rs.\r\nMazg\u0101t l\u012bdz\u012bgas kr\u0101sas kop\u0101 30 gr\u0101dos, izgrie\u017eot iek\u0161pusi uz \u0101ru.<\/p>","short_description":"<p style=\"text-align: center;\">Jebkur\u0161, kad tiek pie mazdrusci\u0146 feju putekl\u012b\u0161iem, ir apvelt\u012bts ar sp\u0113ju lidot! Vai Tu esi grib\u0113jis k\u0101dreiz lidot? T\u0101 pa \u012bstam, k\u0101 putni.. Br\u012bv\u012bba un burv\u012bba\u2026 \u0160eit mazliet M50 feju putekl\u012b\u0161u ma\u0123ijas ar\u012b jums\u2728 Iedvesmai un iedro\u0161in\u0101jumam \u2013 ej un dari \u2013 get things done. Lai top!<\/p>","status":"publish","sku":"M50-Hoodie-Fairy Dust","original":185046},"wpml":{"translation_type":1,"has_translations":true,"original":185046,"duplicates":[],"translations":{"lv":185069,"en":185046}},"brands":[{"id":1249,"name":"M50","slug":"m50-lv"}],"_links":{"self":[{"href":"https:\/\/m50.lv\/lv\/wp-json\/wp\/v2\/product\/185069","targetHints":{"allow":["GET"]}}],"collection":[{"href":"https:\/\/m50.lv\/lv\/wp-json\/wp\/v2\/product"}],"about":[{"href":"https:\/\/m50.lv\/lv\/wp-json\/wp\/v2\/types\/product"}],"version-history":[{"count":0,"href":"https:\/\/m50.lv\/lv\/wp-json\/wp\/v2\/product\/185069\/revisions"}],"wp:featuredmedia":[{"embeddable":true,"href":"https:\/\/m50.lv\/lv\/wp-json\/wp\/v2\/media\/184980"}],"wp:attachment":[{"href":"https:\/\/m50.lv\/lv\/wp-json\/wp\/v2\/media?parent=185069"}],"wp:term":[{"taxonomy":"pwb-brand","embeddable":true,"href":"https:\/\/m50.lv\/lv\/wp-json\/wp\/v2\/pwb-brand?post=185069"},{"taxonomy":"product_cat","embeddable":true,"href":"https:\/\/m50.lv\/lv\/wp-json\/wp\/v2\/product_cat?post=185069"},{"taxonomy":"product_tag","embeddable":true,"href":"https:\/\/m50.lv\/lv\/wp-json\/wp\/v2\/product_tag?post=185069"}],"curies":[{"name":"wp","href":"https:\/\/api.w.org\/{rel}","templated":true}]}}