{"id":185076,"date":"2025-07-25T07:32:28","date_gmt":"2025-07-25T05:32:28","guid":{"rendered":"https:\/\/m50.lv\/product\/vaira-viksne-unisex-orgaiskas-kokvilnas-dzemperis-dzivot-skaisti\/"},"modified":"2026-03-11T15:53:49","modified_gmt":"2026-03-11T13:53:49","slug":"vaira-viksne-unisex-orgaiskas-kokvilnas-dzemperis-dzivot-skaisti","status":"publish","type":"product","link":"https:\/\/m50.lv\/lv\/product\/vaira-viksne-unisex-orgaiskas-kokvilnas-dzemperis-dzivot-skaisti\/","title":{"rendered":"Vaira V\u012bksne Unisex Orgaiskas Kokvilnas D\u017eemperis \u201cDz\u012bvot skaisti\u201d"},"content":{"rendered":"<p style=\"text-align: left;\">D\u017eemperis ra\u017eots no augstas kvalit\u0101tes 100% organiskas un PETA sertific\u0113tas kokvilnas.<br \/>\nM\u012bksts un \u0113rts \u2013 to uzvelkot, ap\u0146ems viegla un pat\u012bkama saj\u016bta.<br \/>\nKrekls ra\u017eots ES, apdruk\u0101ts R\u012bg\u0101 \u2013 roku darbs sietspiedes tehnik\u0101 ar \u016bdens b\u0101zes kr\u0101s\u0101m.<br \/>\nModele ir 182cm un mugur\u0101 tai ir M izm\u0113ra d\u017eemperi.<\/p>\n<p>Ieteicams mazg\u0101t 30C gr\u0101du temperat\u016br\u0101, izgrie\u017eot iek\u0161pusi uz \u0101ru.<\/p>\n","protected":false},"excerpt":{"rendered":"<p style=\"text-align: center;\">Dz\u012bvot skaisti neaizliegsi! Unisex d\u017eemperis der\u0113s gan sieviet\u0113m, gan v\u012brie\u0161iem.<\/p>\n","protected":false},"featured_media":185016,"template":"","meta":{"_jet_sm_ready_style":"","_jet_sm_style":"","_jet_sm_controls_values":"","_jet_sm_fonts_collection":"","_jet_sm_fonts_links":""},"pwb-brand":[1261],"product_cat":[102,199,201,105,103],"product_tag":[1366,1579,1562],"class_list":{"0":"post-185076","1":"product","2":"type-product","3":"status-publish","4":"has-post-thumbnail","6":"pwb-brand-vaira-viksne-lv","7":"product_cat-apgerbs","8":"product_cat-dzemperi","9":"product_cat-dzemperi-lv","10":"product_cat-sievietem","11":"product_cat-viriesiem","12":"product_tag-back-2-school-lv","13":"product_tag-davanas-mammai","14":"product_tag-valentindienas-davanas","16":"first","17":"instock","18":"sale","19":"taxable","20":"shipping-taxable","21":"purchasable","22":"product-type-variable"},"raw_content":{"name":"Vaira V\u012bksne Unisex Orgaiskas Kokvilnas D\u017eemperis \u201cDz\u012bvot skaisti\u201d","description":"<p style=\"text-align: left;\">D\u017eemperis ra\u017eots no augstas kvalit\u0101tes 100% organiskas un PETA sertific\u0113tas kokvilnas.\r\nM\u012bksts un \u0113rts \u2013 to uzvelkot, ap\u0146ems viegla un pat\u012bkama saj\u016bta.\r\nKrekls ra\u017eots ES, apdruk\u0101ts R\u012bg\u0101 \u2013 roku darbs sietspiedes tehnik\u0101 ar \u016bdens b\u0101zes kr\u0101s\u0101m.\r\nModele ir 182cm un mugur\u0101 tai ir M izm\u0113ra d\u017eemperi.\r\n\r\nIeteicams mazg\u0101t 30C gr\u0101du temperat\u016br\u0101, izgrie\u017eot iek\u0161pusi uz \u0101ru.<\/p>","short_description":"<p style=\"text-align: center;\">Dz\u012bvot skaisti neaizliegsi! Unisex d\u017eemperis der\u0113s gan sieviet\u0113m, gan v\u012brie\u0161iem.<\/p>","status":"publish","sku":"VVUnisexSweatshirt-Dz\u012bvot skaisti","original":184964},"wpml":{"translation_type":1,"has_translations":true,"original":184964,"duplicates":[],"translations":{"lv":185076,"en":184964}},"brands":[{"id":1261,"name":"Vaira V\u012bksne","slug":"vaira-viksne-lv"}],"_links":{"self":[{"href":"https:\/\/m50.lv\/lv\/wp-json\/wp\/v2\/product\/185076","targetHints":{"allow":["GET"]}}],"collection":[{"href":"https:\/\/m50.lv\/lv\/wp-json\/wp\/v2\/product"}],"about":[{"href":"https:\/\/m50.lv\/lv\/wp-json\/wp\/v2\/types\/product"}],"version-history":[{"count":0,"href":"https:\/\/m50.lv\/lv\/wp-json\/wp\/v2\/product\/185076\/revisions"}],"wp:featuredmedia":[{"embeddable":true,"href":"https:\/\/m50.lv\/lv\/wp-json\/wp\/v2\/media\/185016"}],"wp:attachment":[{"href":"https:\/\/m50.lv\/lv\/wp-json\/wp\/v2\/media?parent=185076"}],"wp:term":[{"taxonomy":"pwb-brand","embeddable":true,"href":"https:\/\/m50.lv\/lv\/wp-json\/wp\/v2\/pwb-brand?post=185076"},{"taxonomy":"product_cat","embeddable":true,"href":"https:\/\/m50.lv\/lv\/wp-json\/wp\/v2\/product_cat?post=185076"},{"taxonomy":"product_tag","embeddable":true,"href":"https:\/\/m50.lv\/lv\/wp-json\/wp\/v2\/product_tag?post=185076"}],"curies":[{"name":"wp","href":"https:\/\/api.w.org\/{rel}","templated":true}]}}