{"id":185083,"date":"2025-07-25T07:27:09","date_gmt":"2025-07-25T05:27:09","guid":{"rendered":"https:\/\/m50.lv\/product\/vaira-viksne-unisex-organiskas-kokvilnas-t-krekls-dzivot-skaisti\/"},"modified":"2026-03-11T15:53:50","modified_gmt":"2026-03-11T13:53:50","slug":"vaira-viksne-unisex-organiskas-kokvilnas-t-krekls-dzivot-skaisti","status":"publish","type":"product","link":"https:\/\/m50.lv\/lv\/product\/vaira-viksne-unisex-organiskas-kokvilnas-t-krekls-dzivot-skaisti\/","title":{"rendered":"Vaira V\u012bksne Unisex Organisk\u0101s Kokvilnas T-krekls \u201cDz\u012bvot skaisti\u201d"},"content":{"rendered":"<p>T-krekls ra\u017eots no augstas kvalit\u0101tes 100% organiskas un PETA sertific\u0113tas kokvilnas.<br \/>\nM\u012bksts un \u0113rts \u2013 to uzvelkot, ap\u0146ems viegla un pat\u012bkama saj\u016bta.<br \/>\nKrekls ra\u017eots ES, apdruk\u0101ts R\u012bg\u0101 \u2013 roku darbs sietspiedes tehnik\u0101 ar \u016bdens b\u0101zes kr\u0101s\u0101m.<br \/>\nModele ir 182cm un mugur\u0101 tai ir S izm\u0113ra krekls.<br \/>\nIeteicams mazg\u0101t 30C gr\u0101du temperat\u016br\u0101, izgrie\u017eot iek\u0161pusi uz \u0101ru.<br \/>\nAuduma bl\u012bvums: 200 G\/M<\/p>\n","protected":false},"excerpt":{"rendered":"<p style=\"text-align: center;\">Dz\u012bvot skaisti neaizliegsi! Unisex t-krekls der\u0113s gan sieviet\u0113m, gan v\u012brie\u0161iem.<\/p>\n","protected":false},"featured_media":185002,"template":"","meta":{"_jet_sm_ready_style":"","_jet_sm_style":"","_jet_sm_controls_values":"","_jet_sm_fonts_collection":"","_jet_sm_fonts_links":""},"pwb-brand":[1261],"product_cat":[102,105,107,104,103],"product_tag":[1366,1579],"class_list":{"0":"post-185083","1":"product","2":"type-product","3":"status-publish","4":"has-post-thumbnail","6":"pwb-brand-vaira-viksne-lv","7":"product_cat-apgerbs","8":"product_cat-sievietem","9":"product_cat-t-krekli-sievietem","10":"product_cat-t-krekli","11":"product_cat-viriesiem","12":"product_tag-back-2-school-lv","13":"product_tag-davanas-mammai","15":"first","16":"instock","17":"sale","18":"taxable","19":"shipping-taxable","20":"purchasable","21":"product-type-variable"},"raw_content":{"name":"Vaira V\u012bksne Unisex Organisk\u0101s Kokvilnas T-krekls \u201cDz\u012bvot skaisti\u201d","description":"T-krekls ra\u017eots no augstas kvalit\u0101tes 100% organiskas un PETA sertific\u0113tas kokvilnas.\r\nM\u012bksts un \u0113rts \u2013 to uzvelkot, ap\u0146ems viegla un pat\u012bkama saj\u016bta.\r\nKrekls ra\u017eots ES, apdruk\u0101ts R\u012bg\u0101 \u2013 roku darbs sietspiedes tehnik\u0101 ar \u016bdens b\u0101zes kr\u0101s\u0101m.\r\nModele ir 182cm un mugur\u0101 tai ir S izm\u0113ra krekls.\r\nIeteicams mazg\u0101t 30C gr\u0101du temperat\u016br\u0101, izgrie\u017eot iek\u0161pusi uz \u0101ru.\r\nAuduma bl\u012bvums: 200 G\/M","short_description":"<p style=\"text-align: center;\">Dz\u012bvot skaisti neaizliegsi! Unisex t-krekls der\u0113s gan sieviet\u0113m, gan v\u012brie\u0161iem.<\/p>","status":"publish","sku":"Vaira-Unisex-T-shirt \u201cDz\u012bvot skaisti\u201d","original":184963},"wpml":{"translation_type":1,"has_translations":true,"original":184963,"duplicates":[],"translations":{"lv":185083,"en":184963}},"brands":[{"id":1261,"name":"Vaira V\u012bksne","slug":"vaira-viksne-lv"}],"_links":{"self":[{"href":"https:\/\/m50.lv\/lv\/wp-json\/wp\/v2\/product\/185083","targetHints":{"allow":["GET"]}}],"collection":[{"href":"https:\/\/m50.lv\/lv\/wp-json\/wp\/v2\/product"}],"about":[{"href":"https:\/\/m50.lv\/lv\/wp-json\/wp\/v2\/types\/product"}],"version-history":[{"count":0,"href":"https:\/\/m50.lv\/lv\/wp-json\/wp\/v2\/product\/185083\/revisions"}],"wp:featuredmedia":[{"embeddable":true,"href":"https:\/\/m50.lv\/lv\/wp-json\/wp\/v2\/media\/185002"}],"wp:attachment":[{"href":"https:\/\/m50.lv\/lv\/wp-json\/wp\/v2\/media?parent=185083"}],"wp:term":[{"taxonomy":"pwb-brand","embeddable":true,"href":"https:\/\/m50.lv\/lv\/wp-json\/wp\/v2\/pwb-brand?post=185083"},{"taxonomy":"product_cat","embeddable":true,"href":"https:\/\/m50.lv\/lv\/wp-json\/wp\/v2\/product_cat?post=185083"},{"taxonomy":"product_tag","embeddable":true,"href":"https:\/\/m50.lv\/lv\/wp-json\/wp\/v2\/product_tag?post=185083"}],"curies":[{"name":"wp","href":"https:\/\/api.w.org\/{rel}","templated":true}]}}