{"id":185177,"date":"2025-07-29T16:24:20","date_gmt":"2025-07-29T14:24:20","guid":{"rendered":"https:\/\/m50.lv\/product\/schastia-zdorovia-zekes-ar-pili-tirkiza\/"},"modified":"2025-12-16T11:38:44","modified_gmt":"2025-12-16T09:38:44","slug":"schastia-zdorovia-zekes-ar-pili-tirkiza","status":"publish","type":"product","link":"https:\/\/m50.lv\/lv\/product\/schastia-zdorovia-zekes-ar-pili-tirkiza\/","title":{"rendered":"Schastia Zdorovia Ze\u0137es ar P\u012bli | Tirk\u012bza"},"content":{"rendered":"<p style=\"text-align: left;\">Ra\u017eots Ukrain\u0101.<br \/>\nSast\u0101vs: 97% kokvilna un 3% elast\u0101ns.<br \/>\nUnisex.<\/p>\n","protected":false},"excerpt":{"rendered":"<p style=\"text-align: center;\">Ze\u0137es ar iem\u012b\u013coto p\u012bli, kas saka ko rupju. Der\u0113s un patiks tiem, kas saprot humorus un jokas. Patiks ar\u012b tiem, kas n\u0113s\u0101 ze\u0137es.<\/p>\n","protected":false},"featured_media":185123,"template":"","meta":{"_jet_sm_ready_style":"","_jet_sm_style":"","_jet_sm_controls_values":"","_jet_sm_fonts_collection":"","_jet_sm_fonts_links":""},"pwb-brand":[1256],"product_cat":[101,567],"product_tag":[1562,1545],"class_list":{"0":"post-185177","1":"product","2":"type-product","3":"status-publish","4":"has-post-thumbnail","6":"pwb-brand-schastia-zdorovia-lv","7":"product_cat-aksesuari","8":"product_cat-zekes","9":"product_tag-valentindienas-davanas","10":"product_tag-ziemassvetku-davanas","12":"first","13":"instock","14":"taxable","15":"shipping-taxable","16":"purchasable","17":"product-type-variable"},"raw_content":{"name":"Schastia Zdorovia Ze\u0137es ar P\u012bli | Tirk\u012bza","description":"<p style=\"text-align: left;\">Ra\u017eots Ukrain\u0101.\r\nSast\u0101vs: 97% kokvilna un 3% elast\u0101ns.\r\nUnisex.<\/p>","short_description":"<p style=\"text-align: center;\">Ze\u0137es ar iem\u012b\u013coto p\u012bli, kas saka ko rupju. Der\u0113s un patiks tiem, kas saprot humorus un jokas. Patiks ar\u012b tiem, kas n\u0113s\u0101 ze\u0137es.<\/p>","status":"publish","sku":"SchastiaSdoroviaSocks-Turquoise","original":185116},"wpml":{"translation_type":1,"has_translations":true,"original":185116,"duplicates":[],"translations":{"lv":185177,"en":185116}},"brands":[{"id":1256,"name":"Schastia Zdorovia","slug":"schastia-zdorovia-lv"}],"_links":{"self":[{"href":"https:\/\/m50.lv\/lv\/wp-json\/wp\/v2\/product\/185177","targetHints":{"allow":["GET"]}}],"collection":[{"href":"https:\/\/m50.lv\/lv\/wp-json\/wp\/v2\/product"}],"about":[{"href":"https:\/\/m50.lv\/lv\/wp-json\/wp\/v2\/types\/product"}],"version-history":[{"count":0,"href":"https:\/\/m50.lv\/lv\/wp-json\/wp\/v2\/product\/185177\/revisions"}],"wp:featuredmedia":[{"embeddable":true,"href":"https:\/\/m50.lv\/lv\/wp-json\/wp\/v2\/media\/185123"}],"wp:attachment":[{"href":"https:\/\/m50.lv\/lv\/wp-json\/wp\/v2\/media?parent=185177"}],"wp:term":[{"taxonomy":"pwb-brand","embeddable":true,"href":"https:\/\/m50.lv\/lv\/wp-json\/wp\/v2\/pwb-brand?post=185177"},{"taxonomy":"product_cat","embeddable":true,"href":"https:\/\/m50.lv\/lv\/wp-json\/wp\/v2\/product_cat?post=185177"},{"taxonomy":"product_tag","embeddable":true,"href":"https:\/\/m50.lv\/lv\/wp-json\/wp\/v2\/product_tag?post=185177"}],"curies":[{"name":"wp","href":"https:\/\/api.w.org\/{rel}","templated":true}]}}