{"id":185180,"date":"2025-07-29T16:27:38","date_gmt":"2025-07-29T14:27:38","guid":{"rendered":"https:\/\/m50.lv\/product\/m50-x-zane-veldre-tiklins-zivis\/"},"modified":"2025-12-19T15:49:50","modified_gmt":"2025-12-19T13:49:50","slug":"m50-x-zane-veldre-tiklins-zivis","status":"publish","type":"product","link":"https:\/\/m50.lv\/lv\/product\/m50-x-zane-veldre-tiklins-zivis\/","title":{"rendered":"M50 x Zane Veldre T\u012bkli\u0146\u0161 | Zivis"},"content":{"rendered":"<p style=\"text-align: left;\">Aug\u0161\u0113j\u0101 mala ir dubult\u0101 saloc\u012bta stipr\u012bbai<br \/>\nGari rokturi<\/p>\n<p style=\"text-align: left;\">SAST\u0100VS: Audekls, 80% KOKVILNA \u2013 P\u0100RSTR\u0100D\u0100TA, 20% POLIESTERS \u2013 P\u0100RSTR\u0100DE, 300 G\/M\u00b2<\/p>\n","protected":false},"excerpt":{"rendered":"<p style=\"text-align: center;\">Austa t\u012bkli\u0146-soma<\/p>\n","protected":false},"featured_media":185154,"template":"","meta":{"_jet_sm_ready_style":"","_jet_sm_style":"","_jet_sm_controls_values":"","_jet_sm_fonts_collection":"","_jet_sm_fonts_links":""},"pwb-brand":[1281],"product_cat":[101,205],"product_tag":[1366,1577],"class_list":["post-185180","product","type-product","status-publish","has-post-thumbnail","pwb-brand-m50-x-zane-veldre-lv","product_cat-aksesuari","product_cat-auduma-maisini","product_tag-back-2-school-lv","product_tag-latvija","first","instock","taxable","shipping-taxable","purchasable","product-type-simple"],"raw_content":{"name":"M50 x Zane Veldre T\u012bkli\u0146\u0161 | Zivis","description":"<p style=\"text-align: left;\">Aug\u0161\u0113j\u0101 mala ir dubult\u0101 saloc\u012bta stipr\u012bbai\r\nGari rokturi<\/p>\r\n<p style=\"text-align: left;\">SAST\u0100VS: Audekls, 80% KOKVILNA \u2013 P\u0100RSTR\u0100D\u0100TA, 20% POLIESTERS \u2013 P\u0100RSTR\u0100DE, 300 G\/M\u00b2<\/p>","short_description":"<p style=\"text-align: center;\">Austa t\u012bkli\u0146-soma<\/p>","status":"publish","sku":"M50xZV-totebag-lakst","original":185117},"wpml":{"translation_type":1,"has_translations":true,"original":185117,"duplicates":[],"translations":{"lv":185180,"en":185117}},"brands":[{"id":1281,"name":"M50 x Zane Veldre","slug":"m50-x-zane-veldre-lv"}],"_links":{"self":[{"href":"https:\/\/m50.lv\/lv\/wp-json\/wp\/v2\/product\/185180","targetHints":{"allow":["GET"]}}],"collection":[{"href":"https:\/\/m50.lv\/lv\/wp-json\/wp\/v2\/product"}],"about":[{"href":"https:\/\/m50.lv\/lv\/wp-json\/wp\/v2\/types\/product"}],"version-history":[{"count":0,"href":"https:\/\/m50.lv\/lv\/wp-json\/wp\/v2\/product\/185180\/revisions"}],"wp:featuredmedia":[{"embeddable":true,"href":"https:\/\/m50.lv\/lv\/wp-json\/wp\/v2\/media\/185154"}],"wp:attachment":[{"href":"https:\/\/m50.lv\/lv\/wp-json\/wp\/v2\/media?parent=185180"}],"wp:term":[{"taxonomy":"pwb-brand","embeddable":true,"href":"https:\/\/m50.lv\/lv\/wp-json\/wp\/v2\/pwb-brand?post=185180"},{"taxonomy":"product_cat","embeddable":true,"href":"https:\/\/m50.lv\/lv\/wp-json\/wp\/v2\/product_cat?post=185180"},{"taxonomy":"product_tag","embeddable":true,"href":"https:\/\/m50.lv\/lv\/wp-json\/wp\/v2\/product_tag?post=185180"}],"curies":[{"name":"wp","href":"https:\/\/api.w.org\/{rel}","templated":true}]}}