{"id":185181,"date":"2025-07-29T16:39:24","date_gmt":"2025-07-29T14:39:24","guid":{"rendered":"https:\/\/m50.lv\/product\/m50-kleita-dieviete-melna\/"},"modified":"2026-03-04T22:10:27","modified_gmt":"2026-03-04T20:10:27","slug":"m50-kleita-dieviete-melna","status":"publish","type":"product","link":"https:\/\/m50.lv\/lv\/product\/m50-kleita-dieviete-melna\/","title":{"rendered":"M50 Kleita Dieviete | Melna"},"content":{"rendered":"<p style=\"text-align: left;\">Auduma sast\u0101vs: 95% viskoze, 5% elast\u0101ns.<\/p>\n<p style=\"text-align: left;\">Viegli kopjama, augumu kompliment\u0113jo\u0161a \u2013 tava m\u012b\u013c\u0101k\u0101 vasaras kleita! Plecu lent\u012btes regul\u0113jamas, sasienot. Plata josta, ko var siet da\u017e\u0101dos veidos, vai atst\u0101t br\u012bvi kr\u012bto\u0161u gar s\u0101niem.<\/p>\n<p style=\"text-align: left;\">Var mazg\u0101t ve\u013casma\u0161\u012bn\u0101, ieteicams 30C<br \/>\nRad\u012bta Latvij\u0101. Tikai M50.<\/p>\n","protected":false},"excerpt":{"rendered":"<p style=\"text-align: center;\">\u0112rta, sievi\u0161\u0137\u012bga divpus\u0113ja trikot\u0101\u017eas kleita ar \u0161\u0137\u0113lumiem abos s\u0101nos.<\/p>\n","protected":false},"featured_media":185146,"template":"","meta":{"_jet_sm_ready_style":"","_jet_sm_style":"","_jet_sm_controls_values":"","_jet_sm_fonts_collection":"","_jet_sm_fonts_links":""},"pwb-brand":[1249],"product_cat":[102,106,733,105],"product_tag":[],"class_list":["post-185181","product","type-product","status-publish","has-post-thumbnail","pwb-brand-m50-lv","product_cat-apgerbs","product_cat-kleitas","product_cat-m50","product_cat-sievietem","first","instock","taxable","shipping-taxable","purchasable","product-type-variable"],"raw_content":{"name":"M50 Kleita Dieviete | Melna","description":"<p style=\"text-align: left;\">Auduma sast\u0101vs: 95% viskoze, 5% elast\u0101ns.<\/p>\r\n<p style=\"text-align: left;\">Viegli kopjama, augumu kompliment\u0113jo\u0161a \u2013 tava m\u012b\u013c\u0101k\u0101 vasaras kleita! Plecu lent\u012btes regul\u0113jamas, sasienot. Plata josta, ko var siet da\u017e\u0101dos veidos, vai atst\u0101t br\u012bvi kr\u012bto\u0161u gar s\u0101niem.<\/p>\r\n<p style=\"text-align: left;\">Var mazg\u0101t ve\u013casma\u0161\u012bn\u0101, ieteicams 30C\r\nRad\u012bta Latvij\u0101. Tikai M50.<\/p>","short_description":"<p style=\"text-align: center;\">\u0112rta, sievi\u0161\u0137\u012bga divpus\u0113ja trikot\u0101\u017eas kleita ar \u0161\u0137\u0113lumiem abos s\u0101nos.<\/p>","status":"publish","sku":"M50Dress-Goddess-Reversible-Black","original":185118},"wpml":{"translation_type":1,"has_translations":true,"original":185118,"duplicates":[],"translations":{"lv":185181,"en":185118}},"brands":[{"id":1249,"name":"M50","slug":"m50-lv"}],"_links":{"self":[{"href":"https:\/\/m50.lv\/lv\/wp-json\/wp\/v2\/product\/185181","targetHints":{"allow":["GET"]}}],"collection":[{"href":"https:\/\/m50.lv\/lv\/wp-json\/wp\/v2\/product"}],"about":[{"href":"https:\/\/m50.lv\/lv\/wp-json\/wp\/v2\/types\/product"}],"version-history":[{"count":0,"href":"https:\/\/m50.lv\/lv\/wp-json\/wp\/v2\/product\/185181\/revisions"}],"wp:featuredmedia":[{"embeddable":true,"href":"https:\/\/m50.lv\/lv\/wp-json\/wp\/v2\/media\/185146"}],"wp:attachment":[{"href":"https:\/\/m50.lv\/lv\/wp-json\/wp\/v2\/media?parent=185181"}],"wp:term":[{"taxonomy":"pwb-brand","embeddable":true,"href":"https:\/\/m50.lv\/lv\/wp-json\/wp\/v2\/pwb-brand?post=185181"},{"taxonomy":"product_cat","embeddable":true,"href":"https:\/\/m50.lv\/lv\/wp-json\/wp\/v2\/product_cat?post=185181"},{"taxonomy":"product_tag","embeddable":true,"href":"https:\/\/m50.lv\/lv\/wp-json\/wp\/v2\/product_tag?post=185181"}],"curies":[{"name":"wp","href":"https:\/\/api.w.org\/{rel}","templated":true}]}}