{"id":185353,"date":"2025-08-14T15:19:00","date_gmt":"2025-08-14T13:19:00","guid":{"rendered":"https:\/\/m50.lv\/product\/duumi-merch-cap\/"},"modified":"2025-08-21T16:27:48","modified_gmt":"2025-08-21T14:27:48","slug":"duumi-merch-cap","status":"publish","type":"product","link":"https:\/\/m50.lv\/lv\/product\/duumi-merch-cap\/","title":{"rendered":"Kepons &#8220;DUUMI&#8221; | Melns"},"content":{"rendered":"<p>Atbalsti grupas ce\u013cu ar \u0161o gaum\u012bgo velveta keponu \u2013 tas izgatavots no 100% kokvilnas, un grupas logotips ir iz\u0161\u016bts, lai nodro\u0161in\u0101tu kvalitat\u012bvu saj\u016btu un ilgm\u016b\u017e\u012bbu. \ud83d\ude42<\/p>\n","protected":false},"excerpt":{"rendered":"<p>DUUMI ir jauns m\u016bzikas duets, ko veido divi draugi \u2013 Otto un Nad\u012bna. Tikko izlaidu\u0161i savu debijas singlu &#8220;Vienai pa\u0161ai b\u016bt&#8221;, abi m\u016bzi\u0137i ir uzs\u0101ku\u0161i ce\u013cu m\u016bzikas industrij\u0101. Nad\u012bna dzied un raksta dziesmu v\u0101rdus, savuk\u0101rt Otto ir atbild\u012bgs par produc\u0113\u0161anu.<\/p>\n<p>T\u0101 k\u0101 abi j\u016btas komfortabl\u0101k radot m\u016bziku ang\u013cu valod\u0101, \u0161\u012b dziesma tapusi spont\u0101ni un improviz\u0113ti. \u0160\u012b un v\u0113l p\u0101ris dziesmas, ko var\u0113s dzird\u0113t pavisam dr\u012bz, ir iz\u0146\u0113mumi \u2013 t\u0101s rad\u012btas latvie\u0161u valod\u0101.<\/p>\n<p>Grupas nosaukums radies p\u0113c ilgas dom\u0101\u0161anas un medit\u0101cijas ap da\u017e\u0101diem variantiem, l\u012bdz beigu beig\u0101s tika dota priek\u0161roka v\u0101rdam &#8220;d\u016bmi&#8221; \u2013 vienk\u0101r\u0161i t\u0101p\u0113c, ka patika, k\u0101 tas skan.<br \/>\nDivi burti U simboliz\u0113 abus m\u0101ksliniekus.<\/p>\n","protected":false},"featured_media":185365,"template":"","meta":{"_jet_sm_ready_style":"","_jet_sm_style":"","_jet_sm_controls_values":"","_jet_sm_fonts_collection":"","_jet_sm_fonts_links":""},"pwb-brand":[1249],"product_cat":[101,193,570,583],"product_tag":[],"class_list":{"0":"post-185353","1":"product","2":"type-product","3":"status-publish","4":"has-post-thumbnail","6":"pwb-brand-m50-lv","7":"product_cat-aksesuari","8":"product_cat-davanas","9":"product_cat-keponi","10":"product_cat-uncategorized-lv","12":"first","13":"instock","14":"taxable","15":"shipping-taxable","16":"purchasable","17":"product-type-simple"},"raw_content":{"name":"Kepons \"DUUMI\" | Melns","description":"Atbalsti grupas ce\u013cu ar \u0161o gaum\u012bgo velveta keponu \u2013 tas izgatavots no 100% kokvilnas, un grupas logotips ir iz\u0161\u016bts, lai nodro\u0161in\u0101tu kvalitat\u012bvu saj\u016btu un ilgm\u016b\u017e\u012bbu. \ud83d\ude42","short_description":"DUUMI ir jauns m\u016bzikas duets, ko veido divi draugi \u2013 Otto un Nad\u012bna. Tikko izlaidu\u0161i savu debijas singlu \"Vienai pa\u0161ai b\u016bt\", abi m\u016bzi\u0137i ir uzs\u0101ku\u0161i ce\u013cu m\u016bzikas industrij\u0101. Nad\u012bna dzied un raksta dziesmu v\u0101rdus, savuk\u0101rt Otto ir atbild\u012bgs par produc\u0113\u0161anu.\r\n\r\nT\u0101 k\u0101 abi j\u016btas komfortabl\u0101k radot m\u016bziku ang\u013cu valod\u0101, \u0161\u012b dziesma tapusi spont\u0101ni un improviz\u0113ti. \u0160\u012b un v\u0113l p\u0101ris dziesmas, ko var\u0113s dzird\u0113t pavisam dr\u012bz, ir iz\u0146\u0113mumi \u2013 t\u0101s rad\u012btas latvie\u0161u valod\u0101.\r\n\r\nGrupas nosaukums radies p\u0113c ilgas dom\u0101\u0161anas un medit\u0101cijas ap da\u017e\u0101diem variantiem, l\u012bdz beigu beig\u0101s tika dota priek\u0161roka v\u0101rdam \"d\u016bmi\" \u2013 vienk\u0101r\u0161i t\u0101p\u0113c, ka patika, k\u0101 tas skan.\r\nDivi burti U simboliz\u0113 abus m\u0101ksliniekus.","status":"publish","sku":"duumi-cap","original":185276},"wpml":{"translation_type":1,"has_translations":true,"original":185276,"duplicates":[],"translations":{"lv":185353,"en":185276}},"brands":[{"id":1249,"name":"M50","slug":"m50-lv"}],"_links":{"self":[{"href":"https:\/\/m50.lv\/lv\/wp-json\/wp\/v2\/product\/185353","targetHints":{"allow":["GET"]}}],"collection":[{"href":"https:\/\/m50.lv\/lv\/wp-json\/wp\/v2\/product"}],"about":[{"href":"https:\/\/m50.lv\/lv\/wp-json\/wp\/v2\/types\/product"}],"version-history":[{"count":0,"href":"https:\/\/m50.lv\/lv\/wp-json\/wp\/v2\/product\/185353\/revisions"}],"wp:featuredmedia":[{"embeddable":true,"href":"https:\/\/m50.lv\/lv\/wp-json\/wp\/v2\/media\/185365"}],"wp:attachment":[{"href":"https:\/\/m50.lv\/lv\/wp-json\/wp\/v2\/media?parent=185353"}],"wp:term":[{"taxonomy":"pwb-brand","embeddable":true,"href":"https:\/\/m50.lv\/lv\/wp-json\/wp\/v2\/pwb-brand?post=185353"},{"taxonomy":"product_cat","embeddable":true,"href":"https:\/\/m50.lv\/lv\/wp-json\/wp\/v2\/product_cat?post=185353"},{"taxonomy":"product_tag","embeddable":true,"href":"https:\/\/m50.lv\/lv\/wp-json\/wp\/v2\/product_tag?post=185353"}],"curies":[{"name":"wp","href":"https:\/\/api.w.org\/{rel}","templated":true}]}}