{"id":185684,"date":"2025-09-29T13:07:56","date_gmt":"2025-09-29T11:07:56","guid":{"rendered":"https:\/\/m50.lv\/product\/oficialie-flow-auskari-ar-kakiti\/"},"modified":"2026-03-06T13:47:10","modified_gmt":"2026-03-06T11:47:10","slug":"oficialie-flow-auskari-ar-kakiti","status":"publish","type":"product","link":"https:\/\/m50.lv\/lv\/product\/oficialie-flow-auskari-ar-kakiti\/","title":{"rendered":"Ofici\u0101lie FLOW auskari ar ka\u0137\u012bti"},"content":{"rendered":"<p style=\"text-align: left;\">Izm\u0113rs: 30&#215;11.5&#215;1.5mm<\/p>\n<p style=\"text-align: left;\">Materi\u0101ls: cinka sakaus\u0113jums ar emalj\u0101 izlietu ka\u0137\u012bti<\/p>\n<p style=\"text-align: left;\">Aizmugur\u0113 Flow logo<\/p>\n<p style=\"text-align: left;\">Auskaru aizdare &#8211; ner\u016bs\u0113jo\u0161\u0101 t\u0113rauda \u201cnagli\u0146a\u201d ar \u201ctauren\u012b\u0161a\u201d fiksatoru. Ofici\u0101lais suven\u012brs 2025. gada Zelta Globusa un Oskara balvu ieguvu\u0161ajai lab\u0101kajai anim\u0101cijas filmai.<\/p>\n<p style=\"text-align: left;\">\u00a9 FLOW\u2122 2024, Dream Well Studio, Sacrebleu Productions, Take Five. Visas ties\u012bbas aizsarg\u0101tas.<\/p>\n<p style=\"text-align: left;\">\n","protected":false},"excerpt":{"rendered":"<p style=\"text-align: center;\">Flow ka\u0137\u012b\u0161a auskari\u0146i &#8211; elegants modes pasaules piesk\u0101riens filmas visnosl\u0113pumain\u0101kajam t\u0113lam. Gl\u012bts un minim\u0101listisks dizains &#8211; \u0161ie melnie ka\u0137\u012b\u0161i b\u016bs lielisks talismans ikdienas gait\u0101s, un ar\u012b smalki papildin\u0101s sv\u0113tku t\u0113rpu! Auskari\u0146i ir viegli, ar hipoaler\u0123isku ner\u016bs\u0113jo\u0161\u0101 t\u0113rauda aizdari &#8211; piem\u0113roti ar\u012b j\u016bt\u012bg\u0101m aus\u012bm<\/p>\n","protected":false},"featured_media":185676,"template":"","meta":{"_jet_sm_ready_style":"","_jet_sm_style":"","_jet_sm_controls_values":"","_jet_sm_fonts_collection":"","_jet_sm_fonts_links":""},"pwb-brand":[1458],"product_cat":[101,686],"product_tag":[1485,1502],"class_list":{"0":"post-185684","1":"product","2":"type-product","3":"status-publish","4":"has-post-thumbnail","6":"pwb-brand-filma-straume","7":"product_cat-aksesuari","8":"product_cat-auskari","9":"product_tag-straume","10":"product_tag-straume-lv","12":"first","13":"instock","14":"taxable","15":"shipping-taxable","16":"purchasable","17":"product-type-simple"},"raw_content":{"name":"Ofici\u0101lie FLOW auskari ar ka\u0137\u012bti","description":"<p style=\"text-align: left;\">Izm\u0113rs: 30x11.5x1.5mm<\/p>\r\n<p style=\"text-align: left;\">Materi\u0101ls: cinka sakaus\u0113jums ar emalj\u0101 izlietu ka\u0137\u012bti<\/p>\r\n<p style=\"text-align: left;\">Aizmugur\u0113 Flow logo<\/p>\r\n<p style=\"text-align: left;\">Auskaru aizdare - ner\u016bs\u0113jo\u0161\u0101 t\u0113rauda \u201cnagli\u0146a\u201d ar \u201ctauren\u012b\u0161a\u201d fiksatoru. Ofici\u0101lais suven\u012brs 2025. gada Zelta Globusa un Oskara balvu ieguvu\u0161ajai lab\u0101kajai anim\u0101cijas filmai.<\/p>\r\n<p style=\"text-align: left;\">\u00a9 FLOW\u2122 2024, Dream Well Studio, Sacrebleu Productions, Take Five. Visas ties\u012bbas aizsarg\u0101tas.<\/p>\r\n<p style=\"text-align: left;\"><\/p>","short_description":"<p style=\"text-align: center;\">Flow ka\u0137\u012b\u0161a auskari\u0146i - elegants modes pasaules piesk\u0101riens filmas visnosl\u0113pumain\u0101kajam t\u0113lam. Gl\u012bts un minim\u0101listisks dizains - \u0161ie melnie ka\u0137\u012b\u0161i b\u016bs lielisks talismans ikdienas gait\u0101s, un ar\u012b smalki papildin\u0101s sv\u0113tku t\u0113rpu! Auskari\u0146i ir viegli, ar hipoaler\u0123isku ner\u016bs\u0113jo\u0161\u0101 t\u0113rauda aizdari - piem\u0113roti ar\u012b j\u016bt\u012bg\u0101m aus\u012bm<\/p>","status":"publish","sku":"flow-earrings-cat","original":185674},"wpml":{"translation_type":1,"has_translations":true,"original":185674,"duplicates":[],"translations":{"lv":185684,"en":185674}},"brands":[{"id":1458,"name":"Filma Straume","slug":"filma-straume"}],"_links":{"self":[{"href":"https:\/\/m50.lv\/lv\/wp-json\/wp\/v2\/product\/185684","targetHints":{"allow":["GET"]}}],"collection":[{"href":"https:\/\/m50.lv\/lv\/wp-json\/wp\/v2\/product"}],"about":[{"href":"https:\/\/m50.lv\/lv\/wp-json\/wp\/v2\/types\/product"}],"version-history":[{"count":0,"href":"https:\/\/m50.lv\/lv\/wp-json\/wp\/v2\/product\/185684\/revisions"}],"wp:featuredmedia":[{"embeddable":true,"href":"https:\/\/m50.lv\/lv\/wp-json\/wp\/v2\/media\/185676"}],"wp:attachment":[{"href":"https:\/\/m50.lv\/lv\/wp-json\/wp\/v2\/media?parent=185684"}],"wp:term":[{"taxonomy":"pwb-brand","embeddable":true,"href":"https:\/\/m50.lv\/lv\/wp-json\/wp\/v2\/pwb-brand?post=185684"},{"taxonomy":"product_cat","embeddable":true,"href":"https:\/\/m50.lv\/lv\/wp-json\/wp\/v2\/product_cat?post=185684"},{"taxonomy":"product_tag","embeddable":true,"href":"https:\/\/m50.lv\/lv\/wp-json\/wp\/v2\/product_tag?post=185684"}],"curies":[{"name":"wp","href":"https:\/\/api.w.org\/{rel}","templated":true}]}}