{"id":185744,"date":"2025-10-04T17:30:35","date_gmt":"2025-10-04T15:30:35","guid":{"rendered":"https:\/\/m50.lv\/product\/m50-kepons-no-signal\/"},"modified":"2026-04-14T13:41:54","modified_gmt":"2026-04-14T11:41:54","slug":"m50-kepons-no-signal","status":"publish","type":"product","link":"https:\/\/m50.lv\/lv\/product\/m50-kepons-no-signal\/","title":{"rendered":"M50 Kepons | no signal"},"content":{"rendered":"<p style=\"text-align: left;\">100% mazg\u0101ta kokvilna<br \/>\nVint\u0101\u017eas stils<br \/>\nZema profila 6 pane\u013cu dizains<br \/>\nM\u012bksta virspuse<br \/>\nKokvilnas iek\u0161\u0113j\u0101 l\u012bnija<br \/>\n\u0112rti regul\u0113jams izm\u0113rs ar misi\u0146a spr\u0101dzi<br \/>\nVentil\u0101cijas cilpas<\/p>\n","protected":false},"excerpt":{"rendered":"<p style=\"text-align: center;\">Iedvesma n\u0101k no klusuma. &#8220;No Signal&#8221; kolekcija ir rad\u012bta tiem, kas v\u0113las pauzi no digital\u0101s p\u0101rslodzes &#8211; mazliet pal\u0113nin\u0101t tempu, b\u016bt \u0161eit un tagad.<br \/>\nrad\u012bts no 100% organiskas kokvilnas, ar izsmalcin\u0101tu, iz\u0161\u016btu \u201cno signal\u201d uzrakstu, kas simboliz\u0113 pauzi un atsl\u0113g\u0161anos. Minimalisms un kvalit\u0101te satiekas ikvien\u0101 deta\u013c\u0101, padarot \u0161o kolekciju par univers\u0101lu izv\u0113li gan z\u0113niem, gan meiten\u0113m.<br \/>\nPievienojies kust\u012bbai \u201cNO signal\u201d. \u013bauj sev elpot, nedaudz atk\u0101pties no ekr\u0101niem un izbaud\u012bt ikdienas mirk\u013cus piln\u012bb\u0101.<\/p>\n","protected":false},"featured_media":185740,"template":"","meta":{"_jet_sm_ready_style":"","_jet_sm_style":"","_jet_sm_controls_values":"","_jet_sm_fonts_collection":"","_jet_sm_fonts_links":""},"pwb-brand":[1249],"product_cat":[101,570],"product_tag":[1575,1522],"class_list":{"0":"post-185744","1":"product","2":"type-product","3":"status-publish","4":"has-post-thumbnail","6":"pwb-brand-m50-lv","7":"product_cat-aksesuari","8":"product_cat-keponi","9":"product_tag-m50-favoriti","10":"product_tag-no-signal-lv","12":"first","13":"instock","14":"taxable","15":"shipping-taxable","16":"purchasable","17":"product-type-simple"},"raw_content":{"name":"M50 Kepons | no signal","description":"<p style=\"text-align: left;\">100% mazg\u0101ta kokvilna\r\nVint\u0101\u017eas stils\r\nZema profila 6 pane\u013cu dizains\r\nM\u012bksta virspuse\r\nKokvilnas iek\u0161\u0113j\u0101 l\u012bnija\r\n\u0112rti regul\u0113jams izm\u0113rs ar misi\u0146a spr\u0101dzi\r\nVentil\u0101cijas cilpas<\/p>","short_description":"<p style=\"text-align: center;\">Iedvesma n\u0101k no klusuma. \"No Signal\" kolekcija ir rad\u012bta tiem, kas v\u0113las pauzi no digital\u0101s p\u0101rslodzes - mazliet pal\u0113nin\u0101t tempu, b\u016bt \u0161eit un tagad.\r\nrad\u012bts no 100% organiskas kokvilnas, ar izsmalcin\u0101tu, iz\u0161\u016btu \u201cno signal\u201d uzrakstu, kas simboliz\u0113 pauzi un atsl\u0113g\u0161anos. Minimalisms un kvalit\u0101te satiekas ikvien\u0101 deta\u013c\u0101, padarot \u0161o kolekciju par univers\u0101lu izv\u0113li gan z\u0113niem, gan meiten\u0113m.\r\nPievienojies kust\u012bbai \u201cNO signal\u201d. \u013bauj sev elpot, nedaudz atk\u0101pties no ekr\u0101niem un izbaud\u012bt ikdienas mirk\u013cus piln\u012bb\u0101.<\/p>","status":"publish","sku":"m50-cap-no-signal","original":185741},"wpml":{"translation_type":1,"has_translations":true,"original":185741,"duplicates":[],"translations":{"lv":185744,"en":185741}},"brands":[{"id":1249,"name":"M50","slug":"m50-lv"}],"_links":{"self":[{"href":"https:\/\/m50.lv\/lv\/wp-json\/wp\/v2\/product\/185744","targetHints":{"allow":["GET"]}}],"collection":[{"href":"https:\/\/m50.lv\/lv\/wp-json\/wp\/v2\/product"}],"about":[{"href":"https:\/\/m50.lv\/lv\/wp-json\/wp\/v2\/types\/product"}],"version-history":[{"count":0,"href":"https:\/\/m50.lv\/lv\/wp-json\/wp\/v2\/product\/185744\/revisions"}],"wp:featuredmedia":[{"embeddable":true,"href":"https:\/\/m50.lv\/lv\/wp-json\/wp\/v2\/media\/185740"}],"wp:attachment":[{"href":"https:\/\/m50.lv\/lv\/wp-json\/wp\/v2\/media?parent=185744"}],"wp:term":[{"taxonomy":"pwb-brand","embeddable":true,"href":"https:\/\/m50.lv\/lv\/wp-json\/wp\/v2\/pwb-brand?post=185744"},{"taxonomy":"product_cat","embeddable":true,"href":"https:\/\/m50.lv\/lv\/wp-json\/wp\/v2\/product_cat?post=185744"},{"taxonomy":"product_tag","embeddable":true,"href":"https:\/\/m50.lv\/lv\/wp-json\/wp\/v2\/product_tag?post=185744"}],"curies":[{"name":"wp","href":"https:\/\/api.w.org\/{rel}","templated":true}]}}