{"id":185918,"date":"2025-10-05T12:16:14","date_gmt":"2025-10-05T10:16:14","guid":{"rendered":"https:\/\/m50.lv\/product\/m50-organiskas-kokvilnas-usisex-t-krekls-no-signal-zils\/"},"modified":"2026-04-15T13:44:14","modified_gmt":"2026-04-15T11:44:14","slug":"m50-organiskas-kokvilnas-usisex-t-krekls-no-signal-zils","status":"publish","type":"product","link":"https:\/\/m50.lv\/lv\/product\/m50-organiskas-kokvilnas-usisex-t-krekls-no-signal-zils\/","title":{"rendered":"M50 Organiskas Kokvilnas Usisex T krekls | no signal | Zils"},"content":{"rendered":"<p style=\"text-align: left;\">Sast\u0101vs: vienkr\u0101sains d\u017eersijs 100% kokvilna &#8211; organiska,<br \/>\nauduma bl\u012bvums 280,0 GSM.<\/p>\n<p style=\"text-align: left;\">Kop\u0161anas instrukcija: L\u012bdz\u012bgas kr\u0101sas mazg\u0101t kop\u0101, negludin\u0101t uz iz\u0161uvuma, mazg\u0101t un gludin\u0101t ar kreiso pusi uz \u0101ru.<\/p>\n","protected":false},"excerpt":{"rendered":"<p style=\"text-align: center;\">Iedvesma n\u0101k no klusuma. &#8220;No Signal&#8221; kolekcija ir rad\u012bta tiem, kas v\u0113las pauzi no digital\u0101s p\u0101rslodzes &#8211; mazliet pal\u0113nin\u0101t tempu, b\u016bt \u0161eit un tagad.<br \/>\nrad\u012bts no 100% organiskas kokvilnas, ar izsmalcin\u0101tu, iz\u0161\u016btu \u201cno signal\u201d uzrakstu, kas simboliz\u0113 pauzi un atsl\u0113g\u0161anos. Minimalisms un kvalit\u0101te satiekas ikvien\u0101 deta\u013c\u0101, padarot \u0161o kolekciju par univers\u0101lu izv\u0113li gan z\u0113niem, gan meiten\u0113m.<br \/>\nPievienojies kust\u012bbai \u201cNO signal\u201d. \u013bauj sev elpot, nedaudz atk\u0101pties no ekr\u0101niem un izbaud\u012bt ikdienas mirk\u013cus piln\u012bb\u0101.<\/p>\n","protected":false},"featured_media":185847,"template":"","meta":{"_jet_sm_ready_style":"","_jet_sm_style":"","_jet_sm_controls_values":"","_jet_sm_fonts_collection":"","_jet_sm_fonts_links":""},"pwb-brand":[1249],"product_cat":[102,733,105,107,104,103],"product_tag":[1575,1522,1545],"class_list":{"0":"post-185918","1":"product","2":"type-product","3":"status-publish","4":"has-post-thumbnail","6":"pwb-brand-m50-lv","7":"product_cat-apgerbs","8":"product_cat-m50","9":"product_cat-sievietem","10":"product_cat-t-krekli-sievietem","11":"product_cat-t-krekli","12":"product_cat-viriesiem","13":"product_tag-m50-favoriti","14":"product_tag-no-signal-lv","15":"product_tag-ziemassvetku-davanas","17":"first","18":"instock","19":"taxable","20":"shipping-taxable","21":"purchasable","22":"product-type-variable"},"raw_content":{"name":"M50 Organiskas Kokvilnas Usisex T krekls | no signal | Zils","description":"<p style=\"text-align: left;\">Sast\u0101vs: vienkr\u0101sains d\u017eersijs 100% kokvilna - organiska,\r\nauduma bl\u012bvums 280,0 GSM.<\/p>\r\n<p style=\"text-align: left;\">Kop\u0161anas instrukcija: L\u012bdz\u012bgas kr\u0101sas mazg\u0101t kop\u0101, negludin\u0101t uz iz\u0161uvuma, mazg\u0101t un gludin\u0101t ar kreiso pusi uz \u0101ru.<\/p>","short_description":"<p style=\"text-align: center;\">Iedvesma n\u0101k no klusuma. \"No Signal\" kolekcija ir rad\u012bta tiem, kas v\u0113las pauzi no digital\u0101s p\u0101rslodzes - mazliet pal\u0113nin\u0101t tempu, b\u016bt \u0161eit un tagad.\r\nrad\u012bts no 100% organiskas kokvilnas, ar izsmalcin\u0101tu, iz\u0161\u016btu \u201cno signal\u201d uzrakstu, kas simboliz\u0113 pauzi un atsl\u0113g\u0161anos. Minimalisms un kvalit\u0101te satiekas ikvien\u0101 deta\u013c\u0101, padarot \u0161o kolekciju par univers\u0101lu izv\u0113li gan z\u0113niem, gan meiten\u0113m.\r\nPievienojies kust\u012bbai \u201cNO signal\u201d. \u013bauj sev elpot, nedaudz atk\u0101pties no ekr\u0101niem un izbaud\u012bt ikdienas mirk\u013cus piln\u012bb\u0101.<\/p>","status":"publish","sku":"M50-Unisex-T-shirt-no signal-Blue","original":185748},"wpml":{"translation_type":1,"has_translations":true,"original":185748,"duplicates":[],"translations":{"lv":185918,"en":185748}},"brands":[{"id":1249,"name":"M50","slug":"m50-lv"}],"_links":{"self":[{"href":"https:\/\/m50.lv\/lv\/wp-json\/wp\/v2\/product\/185918","targetHints":{"allow":["GET"]}}],"collection":[{"href":"https:\/\/m50.lv\/lv\/wp-json\/wp\/v2\/product"}],"about":[{"href":"https:\/\/m50.lv\/lv\/wp-json\/wp\/v2\/types\/product"}],"version-history":[{"count":0,"href":"https:\/\/m50.lv\/lv\/wp-json\/wp\/v2\/product\/185918\/revisions"}],"wp:featuredmedia":[{"embeddable":true,"href":"https:\/\/m50.lv\/lv\/wp-json\/wp\/v2\/media\/185847"}],"wp:attachment":[{"href":"https:\/\/m50.lv\/lv\/wp-json\/wp\/v2\/media?parent=185918"}],"wp:term":[{"taxonomy":"pwb-brand","embeddable":true,"href":"https:\/\/m50.lv\/lv\/wp-json\/wp\/v2\/pwb-brand?post=185918"},{"taxonomy":"product_cat","embeddable":true,"href":"https:\/\/m50.lv\/lv\/wp-json\/wp\/v2\/product_cat?post=185918"},{"taxonomy":"product_tag","embeddable":true,"href":"https:\/\/m50.lv\/lv\/wp-json\/wp\/v2\/product_tag?post=185918"}],"curies":[{"name":"wp","href":"https:\/\/api.w.org\/{rel}","templated":true}]}}