{"id":185932,"date":"2025-10-05T12:26:27","date_gmt":"2025-10-05T10:26:27","guid":{"rendered":"https:\/\/m50.lv\/product\/m50-unisex-dzemperis-ar-kapuci-no-signal-melns\/"},"modified":"2026-04-10T12:42:03","modified_gmt":"2026-04-10T10:42:03","slug":"m50-unisex-dzemperis-ar-kapuci-no-signal-melns","status":"publish","type":"product","link":"https:\/\/m50.lv\/lv\/product\/m50-unisex-dzemperis-ar-kapuci-no-signal-melns\/","title":{"rendered":"M50 Unisex D\u017eemperis ar kapuci | no signal | Melns"},"content":{"rendered":"<p style=\"text-align: left;\">Sast\u0101vs: 85% kokvilna &#8211; organiska, 15% poliesters &#8211; p\u0101rstr\u0101d\u0101ts &#8211; 350.0 GSM<\/p>\n<p style=\"text-align: left;\">Kop\u0161anas instrukcija Mazg\u0101t l\u012bdz\u012bgas kr\u0101sas kop\u0101, negludin\u0101t uz iz\u0161uvuma, mazg\u0101t un gludin\u0101t uz kreiso pusi.<\/p>\n","protected":false},"excerpt":{"rendered":"<p style=\"text-align: center;\">Iedvesma n\u0101k no klusuma. &#8220;No Signal&#8221; kolekcija ir rad\u012bta tiem, kas v\u0113las pauzi no digital\u0101s p\u0101rslodzes &#8211; mazliet pal\u0113nin\u0101t tempu, b\u016bt \u0161eit un tagad.<br \/>\nrad\u012bts no 100% organiskas kokvilnas, ar izsmalcin\u0101tu, iz\u0161\u016btu \u201cno signal\u201d uzrakstu, kas simboliz\u0113 pauzi un atsl\u0113g\u0161anos. Minimalisms un kvalit\u0101te satiekas ikvien\u0101 deta\u013c\u0101, padarot \u0161o kolekciju par univers\u0101lu izv\u0113li gan z\u0113niem, gan meiten\u0113m.<br \/>\nPievienojies kust\u012bbai \u201cNO signal\u201d. \u013bauj sev elpot, nedaudz atk\u0101pties no ekr\u0101niem un izbaud\u012bt ikdienas mirk\u013cus piln\u012bb\u0101.<\/p>\n","protected":false},"featured_media":185866,"template":"","meta":{"_jet_sm_ready_style":"","_jet_sm_style":"","_jet_sm_controls_values":"","_jet_sm_fonts_collection":"","_jet_sm_fonts_links":""},"pwb-brand":[1249],"product_cat":[102,201,199,733,105],"product_tag":[1575,1522,1545],"class_list":{"0":"post-185932","1":"product","2":"type-product","3":"status-publish","4":"has-post-thumbnail","6":"pwb-brand-m50-lv","7":"product_cat-apgerbs","8":"product_cat-dzemperi-lv","9":"product_cat-dzemperi","10":"product_cat-m50","11":"product_cat-sievietem","12":"product_tag-m50-favoriti","13":"product_tag-no-signal-lv","14":"product_tag-ziemassvetku-davanas","16":"first","17":"instock","18":"taxable","19":"shipping-taxable","20":"purchasable","21":"product-type-variable"},"raw_content":{"name":"M50 Unisex D\u017eemperis ar kapuci | no signal | Melns","description":"<p style=\"text-align: left;\">Sast\u0101vs: 85% kokvilna - organiska, 15% poliesters - p\u0101rstr\u0101d\u0101ts - 350.0 GSM<\/p>\r\n<p style=\"text-align: left;\">Kop\u0161anas instrukcija Mazg\u0101t l\u012bdz\u012bgas kr\u0101sas kop\u0101, negludin\u0101t uz iz\u0161uvuma, mazg\u0101t un gludin\u0101t uz kreiso pusi.<\/p>","short_description":"<p style=\"text-align: center;\">Iedvesma n\u0101k no klusuma. \"No Signal\" kolekcija ir rad\u012bta tiem, kas v\u0113las pauzi no digital\u0101s p\u0101rslodzes - mazliet pal\u0113nin\u0101t tempu, b\u016bt \u0161eit un tagad.\r\nrad\u012bts no 100% organiskas kokvilnas, ar izsmalcin\u0101tu, iz\u0161\u016btu \u201cno signal\u201d uzrakstu, kas simboliz\u0113 pauzi un atsl\u0113g\u0161anos. Minimalisms un kvalit\u0101te satiekas ikvien\u0101 deta\u013c\u0101, padarot \u0161o kolekciju par univers\u0101lu izv\u0113li gan z\u0113niem, gan meiten\u0113m.\r\nPievienojies kust\u012bbai \u201cNO signal\u201d. \u013bauj sev elpot, nedaudz atk\u0101pties no ekr\u0101niem un izbaud\u012bt ikdienas mirk\u013cus piln\u012bb\u0101.<\/p>","status":"publish","sku":"M50-Hoodie-no-signal-Black","original":185751},"wpml":{"translation_type":1,"has_translations":true,"original":185751,"duplicates":[],"translations":{"lv":185932,"en":185751}},"brands":[{"id":1249,"name":"M50","slug":"m50-lv"}],"_links":{"self":[{"href":"https:\/\/m50.lv\/lv\/wp-json\/wp\/v2\/product\/185932","targetHints":{"allow":["GET"]}}],"collection":[{"href":"https:\/\/m50.lv\/lv\/wp-json\/wp\/v2\/product"}],"about":[{"href":"https:\/\/m50.lv\/lv\/wp-json\/wp\/v2\/types\/product"}],"version-history":[{"count":0,"href":"https:\/\/m50.lv\/lv\/wp-json\/wp\/v2\/product\/185932\/revisions"}],"wp:featuredmedia":[{"embeddable":true,"href":"https:\/\/m50.lv\/lv\/wp-json\/wp\/v2\/media\/185866"}],"wp:attachment":[{"href":"https:\/\/m50.lv\/lv\/wp-json\/wp\/v2\/media?parent=185932"}],"wp:term":[{"taxonomy":"pwb-brand","embeddable":true,"href":"https:\/\/m50.lv\/lv\/wp-json\/wp\/v2\/pwb-brand?post=185932"},{"taxonomy":"product_cat","embeddable":true,"href":"https:\/\/m50.lv\/lv\/wp-json\/wp\/v2\/product_cat?post=185932"},{"taxonomy":"product_tag","embeddable":true,"href":"https:\/\/m50.lv\/lv\/wp-json\/wp\/v2\/product_tag?post=185932"}],"curies":[{"name":"wp","href":"https:\/\/api.w.org\/{rel}","templated":true}]}}