{"id":186285,"date":"2025-10-19T19:19:03","date_gmt":"2025-10-19T17:19:03","guid":{"rendered":"https:\/\/m50.lv\/product\/24bottles-urban-udenspudele-500ml-stone-adventure-friends-ar-sporta-korki\/"},"modified":"2026-04-15T13:43:13","modified_gmt":"2026-04-15T11:43:13","slug":"24bottles-urban-udenspudele-500ml-stone-adventure-friends-ar-sporta-korki","status":"publish","type":"product","link":"https:\/\/m50.lv\/lv\/product\/24bottles-urban-udenspudele-500ml-stone-adventure-friends-ar-sporta-korki\/","title":{"rendered":"24Bottles Urban \u016adenspudele 500ml | Stone Adventure Friends Ar Sporta Kor\u0137i"},"content":{"rendered":"<p style=\"text-align: left;\">\u012apa\u0161ais, mat\u0113tais un nel\u012bdzenais &#8220;Stone&#8221; p\u0101rkl\u0101jums ir iztur\u012bgs un nesl\u012bdo\u0161s, pie\u0161\u0137irot pudelei akmenim l\u012bdz\u012bgu tekst\u016bru un notur\u012bbu.<br \/>\nPlatais kakli\u0146\u0161 nodro\u0161ina \u0113rtu dzer\u0161anu un \u013cauj viegli ievietot ledus gabali\u0146us.<\/p>\n<p style=\"text-align: left;\">Ilgtsp\u0113j\u012bba var b\u016bt gan jautra, gan dro\u0161a \u2013 m\u0101c\u012bsim b\u0113rniem r\u016bp\u0113ties par plan\u0113tu ar ko\u0161u, atk\u0101rtoti lietojamu \u016bdens pudeli, kas izgatavota no p\u0101rtikai dro\u0161iem, sertific\u0113tiem materi\u0101liem.<\/p>\n<p style=\"text-align: left;\">B\u0113rnu pudele neuzs\u016bc arom\u0101tus.<\/p>\n","protected":false},"excerpt":{"rendered":"<p style=\"text-align: center;\">B\u0113rnu pudele ar salmi\u0146u ir \u012bpa\u0161i viegla, atk\u0101rtoti lietojama \u016bdens pudele, kas piem\u0113rota mazaj\u0101m roci\u0146\u0101m. T\u0101 \u013cauj b\u0113rniem \u0113rti un patst\u0101v\u012bgi dzert \u016bdeni m\u0101j\u0101s, skol\u0101 vai rota\u013cu laukum\u0101. V\u0101ci\u0146\u0161 ar integr\u0113tu atv\u0113r\u0161anas-aizv\u0113r\u0161anas salmi\u0146u ir 100% necaurlaid\u012bgs un \u013cauj \u0113rti dzert pat ar vienu roku.<\/p>\n","protected":false},"featured_media":186096,"template":"","meta":{"_jet_sm_ready_style":"","_jet_sm_style":"","_jet_sm_controls_values":"","_jet_sm_fonts_collection":"","_jet_sm_fonts_links":""},"pwb-brand":[1251],"product_cat":[202,782],"product_tag":[1545],"class_list":{"0":"post-186285","1":"product","2":"type-product","3":"status-publish","4":"has-post-thumbnail","6":"pwb-brand-24bottles-lv","7":"product_cat-24bottles-lv","8":"product_cat-bernu","9":"product_tag-ziemassvetku-davanas","11":"first","12":"instock","13":"taxable","14":"shipping-taxable","15":"purchasable","16":"product-type-simple"},"raw_content":{"name":"24Bottles Urban \u016adenspudele 500ml | Stone Adventure Friends Ar Sporta Kor\u0137i","description":"<p style=\"text-align: left;\">\u012apa\u0161ais, mat\u0113tais un nel\u012bdzenais \"Stone\" p\u0101rkl\u0101jums ir iztur\u012bgs un nesl\u012bdo\u0161s, pie\u0161\u0137irot pudelei akmenim l\u012bdz\u012bgu tekst\u016bru un notur\u012bbu.\r\nPlatais kakli\u0146\u0161 nodro\u0161ina \u0113rtu dzer\u0161anu un \u013cauj viegli ievietot ledus gabali\u0146us.<\/p>\r\n<p style=\"text-align: left;\">Ilgtsp\u0113j\u012bba var b\u016bt gan jautra, gan dro\u0161a \u2013 m\u0101c\u012bsim b\u0113rniem r\u016bp\u0113ties par plan\u0113tu ar ko\u0161u, atk\u0101rtoti lietojamu \u016bdens pudeli, kas izgatavota no p\u0101rtikai dro\u0161iem, sertific\u0113tiem materi\u0101liem.<\/p>\r\n<p style=\"text-align: left;\">B\u0113rnu pudele neuzs\u016bc arom\u0101tus.<\/p>","short_description":"<p style=\"text-align: center;\">B\u0113rnu pudele ar salmi\u0146u ir \u012bpa\u0161i viegla, atk\u0101rtoti lietojama \u016bdens pudele, kas piem\u0113rota mazaj\u0101m roci\u0146\u0101m. T\u0101 \u013cauj b\u0113rniem \u0113rti un patst\u0101v\u012bgi dzert \u016bdeni m\u0101j\u0101s, skol\u0101 vai rota\u013cu laukum\u0101. V\u0101ci\u0146\u0161 ar integr\u0113tu atv\u0113r\u0161anas-aizv\u0113r\u0161anas salmi\u0146u ir 100% necaurlaid\u012bgs un \u013cauj \u0113rti dzert pat ar vienu roku.<\/p>","status":"publish","sku":"urban-500-adventure","original":186085},"wpml":{"translation_type":1,"has_translations":true,"original":186085,"duplicates":[],"translations":{"lv":186285,"en":186085}},"brands":[{"id":1251,"name":"24Bottles","slug":"24bottles-lv"}],"_links":{"self":[{"href":"https:\/\/m50.lv\/lv\/wp-json\/wp\/v2\/product\/186285","targetHints":{"allow":["GET"]}}],"collection":[{"href":"https:\/\/m50.lv\/lv\/wp-json\/wp\/v2\/product"}],"about":[{"href":"https:\/\/m50.lv\/lv\/wp-json\/wp\/v2\/types\/product"}],"version-history":[{"count":0,"href":"https:\/\/m50.lv\/lv\/wp-json\/wp\/v2\/product\/186285\/revisions"}],"wp:featuredmedia":[{"embeddable":true,"href":"https:\/\/m50.lv\/lv\/wp-json\/wp\/v2\/media\/186096"}],"wp:attachment":[{"href":"https:\/\/m50.lv\/lv\/wp-json\/wp\/v2\/media?parent=186285"}],"wp:term":[{"taxonomy":"pwb-brand","embeddable":true,"href":"https:\/\/m50.lv\/lv\/wp-json\/wp\/v2\/pwb-brand?post=186285"},{"taxonomy":"product_cat","embeddable":true,"href":"https:\/\/m50.lv\/lv\/wp-json\/wp\/v2\/product_cat?post=186285"},{"taxonomy":"product_tag","embeddable":true,"href":"https:\/\/m50.lv\/lv\/wp-json\/wp\/v2\/product_tag?post=186285"}],"curies":[{"name":"wp","href":"https:\/\/api.w.org\/{rel}","templated":true}]}}