{"id":186297,"date":"2025-10-19T19:40:53","date_gmt":"2025-10-19T17:40:53","guid":{"rendered":"https:\/\/m50.lv\/product\/24bottles-clima-termopudele-500ml-dusty-pink\/"},"modified":"2026-02-04T15:35:09","modified_gmt":"2026-02-04T13:35:09","slug":"24bottles-clima-termopudele-500ml-dusty-pink","status":"publish","type":"product","link":"https:\/\/m50.lv\/lv\/product\/24bottles-clima-termopudele-500ml-dusty-pink\/","title":{"rendered":"24Bottles Clima Termopudele 500ml | Dusty Pink"},"content":{"rendered":"<p style=\"text-align: left;\">\u012apa\u0161ais, nel\u012bdzenais un mat\u0113tais &#8220;Stone&#8221; p\u0101rkl\u0101jums ir iztur\u012bgs un nesl\u012bdo\u0161s, pie\u0161\u0137irot pudelei akmenim l\u012bdz\u012bgu tekst\u016bru un pat\u012bkamu notur\u012bbas saj\u016btu.<\/p>\n<p style=\"text-align: left;\">Platais kakli\u0146\u0161 nodro\u0161ina \u0113rtu dzer\u0161anu un ledus gabali\u0146u ievieto\u0161anu.<br \/>\nPiem\u0113rota jebkuriem dz\u0113rieniem \u2013 neuzs\u016bc arom\u0101tus.<\/p>\n","protected":false},"excerpt":{"rendered":"<p style=\"text-align: center;\">Clima ir termo pudele, kas uztur dz\u0113rienus aukstus vai karstus vair\u0101kas stundas. T\u0101 ir viegla, kompakta un daudzpus\u012bga \u2013 piem\u0113rota vis\u0101m ikdienas vajadz\u012bb\u0101m un piedz\u012bvojumiem.<br \/>\nPudele neveido kondens\u0101tu.<\/p>\n","protected":false},"featured_media":186146,"template":"","meta":{"_jet_sm_ready_style":"","_jet_sm_style":"","_jet_sm_controls_values":"","_jet_sm_fonts_collection":"","_jet_sm_fonts_links":""},"pwb-brand":[1251],"product_cat":[202,708],"product_tag":[1562,1545],"class_list":{"0":"post-186297","1":"product","2":"type-product","3":"status-publish","4":"has-post-thumbnail","6":"pwb-brand-24bottles-lv","7":"product_cat-24bottles-lv","8":"product_cat-clima","9":"product_tag-valentindienas-davanas","10":"product_tag-ziemassvetku-davanas","12":"first","13":"outofstock","14":"taxable","15":"shipping-taxable","16":"purchasable","17":"product-type-simple"},"raw_content":{"name":"24Bottles Clima Termopudele 500ml | Dusty Pink","description":"<p style=\"text-align: left;\">\u012apa\u0161ais, nel\u012bdzenais un mat\u0113tais \"Stone\" p\u0101rkl\u0101jums ir iztur\u012bgs un nesl\u012bdo\u0161s, pie\u0161\u0137irot pudelei akmenim l\u012bdz\u012bgu tekst\u016bru un pat\u012bkamu notur\u012bbas saj\u016btu.<\/p>\r\n<p style=\"text-align: left;\">Platais kakli\u0146\u0161 nodro\u0161ina \u0113rtu dzer\u0161anu un ledus gabali\u0146u ievieto\u0161anu.\r\nPiem\u0113rota jebkuriem dz\u0113rieniem \u2013 neuzs\u016bc arom\u0101tus.<\/p>","short_description":"<p style=\"text-align: center;\">Clima ir termo pudele, kas uztur dz\u0113rienus aukstus vai karstus vair\u0101kas stundas. T\u0101 ir viegla, kompakta un daudzpus\u012bga \u2013 piem\u0113rota vis\u0101m ikdienas vajadz\u012bb\u0101m un piedz\u012bvojumiem.\r\nPudele neveido kondens\u0101tu.<\/p>","status":"publish","sku":"clima-500-dusty-pink","original":186137},"wpml":{"translation_type":1,"has_translations":true,"original":186137,"duplicates":[],"translations":{"lv":186297,"en":186137}},"brands":[{"id":1251,"name":"24Bottles","slug":"24bottles-lv"}],"_links":{"self":[{"href":"https:\/\/m50.lv\/lv\/wp-json\/wp\/v2\/product\/186297","targetHints":{"allow":["GET"]}}],"collection":[{"href":"https:\/\/m50.lv\/lv\/wp-json\/wp\/v2\/product"}],"about":[{"href":"https:\/\/m50.lv\/lv\/wp-json\/wp\/v2\/types\/product"}],"version-history":[{"count":0,"href":"https:\/\/m50.lv\/lv\/wp-json\/wp\/v2\/product\/186297\/revisions"}],"wp:featuredmedia":[{"embeddable":true,"href":"https:\/\/m50.lv\/lv\/wp-json\/wp\/v2\/media\/186146"}],"wp:attachment":[{"href":"https:\/\/m50.lv\/lv\/wp-json\/wp\/v2\/media?parent=186297"}],"wp:term":[{"taxonomy":"pwb-brand","embeddable":true,"href":"https:\/\/m50.lv\/lv\/wp-json\/wp\/v2\/pwb-brand?post=186297"},{"taxonomy":"product_cat","embeddable":true,"href":"https:\/\/m50.lv\/lv\/wp-json\/wp\/v2\/product_cat?post=186297"},{"taxonomy":"product_tag","embeddable":true,"href":"https:\/\/m50.lv\/lv\/wp-json\/wp\/v2\/product_tag?post=186297"}],"curies":[{"name":"wp","href":"https:\/\/api.w.org\/{rel}","templated":true}]}}