{"id":186304,"date":"2025-10-19T19:46:51","date_gmt":"2025-10-19T17:46:51","guid":{"rendered":"https:\/\/m50.lv\/product\/24bottles-travel-tumbler-termokruze-350ml-virtue\/"},"modified":"2026-04-03T12:11:09","modified_gmt":"2026-04-03T10:11:09","slug":"24bottles-travel-tumbler-termokruze-350ml-virtue","status":"publish","type":"product","link":"https:\/\/m50.lv\/lv\/product\/24bottles-travel-tumbler-termokruze-350ml-virtue\/","title":{"rendered":"24Bottles Travel Tumbler Termokr\u016bze 350ml | Virtue"},"content":{"rendered":"<p style=\"text-align: left;\">\u012apa\u0161ais, nel\u012bdzenais un mat\u0113tais &#8220;Stone&#8221; p\u0101rkl\u0101jums ir iztur\u012bgs un nesl\u012bdo\u0161s, pie\u0161\u0137irot pudelei akmenim l\u012bdz\u012bgu tekst\u016bru un pat\u012bkamu notur\u012bbas saj\u016btu.<br \/>\nPlatais kakli\u0146\u0161 nodro\u0161ina \u0113rtu dzer\u0161anu un ledus gabali\u0146u ievieto\u0161anu.<br \/>\nPiem\u0113rota jebkuriem dz\u0113rieniem \u2013 neuzs\u016bc arom\u0101tus.<\/p>\n","protected":false},"excerpt":{"rendered":"<p style=\"text-align: center;\">Travel Tumbler ir termo kr\u016bze, kas uztur dz\u0113rienus karstus vai aukstus vair\u0101kas stundas. T\u0101 ir 100% herm\u0113tisks un neveido kondens\u0101tu, ide\u0101li piem\u0113rota da\u017e\u0101d\u0101m situ\u0101cij\u0101m \u2013 ne tikai dz\u0113rieniem, bet ar\u012b \u0113dienam.<\/p>\n","protected":false},"featured_media":186214,"template":"","meta":{"_jet_sm_ready_style":"","_jet_sm_style":"","_jet_sm_controls_values":"","_jet_sm_fonts_collection":"","_jet_sm_fonts_links":""},"pwb-brand":[1251],"product_cat":[202,709],"product_tag":[1545],"class_list":{"0":"post-186304","1":"product","2":"type-product","3":"status-publish","4":"has-post-thumbnail","6":"pwb-brand-24bottles-lv","7":"product_cat-24bottles-lv","8":"product_cat-travel-tumbler-lv","9":"product_tag-ziemassvetku-davanas","11":"first","12":"outofstock","13":"taxable","14":"shipping-taxable","15":"purchasable","16":"product-type-simple"},"raw_content":{"name":"24Bottles Travel Tumbler Termokr\u016bze 350ml | Virtue","description":"<p style=\"text-align: left;\">\u012apa\u0161ais, nel\u012bdzenais un mat\u0113tais \"Stone\" p\u0101rkl\u0101jums ir iztur\u012bgs un nesl\u012bdo\u0161s, pie\u0161\u0137irot pudelei akmenim l\u012bdz\u012bgu tekst\u016bru un pat\u012bkamu notur\u012bbas saj\u016btu.\r\nPlatais kakli\u0146\u0161 nodro\u0161ina \u0113rtu dzer\u0161anu un ledus gabali\u0146u ievieto\u0161anu.\r\nPiem\u0113rota jebkuriem dz\u0113rieniem \u2013 neuzs\u016bc arom\u0101tus.<\/p>","short_description":"<p style=\"text-align: center;\">Travel Tumbler ir termo kr\u016bze, kas uztur dz\u0113rienus karstus vai aukstus vair\u0101kas stundas. T\u0101 ir 100% herm\u0113tisks un neveido kondens\u0101tu, ide\u0101li piem\u0113rota da\u017e\u0101d\u0101m situ\u0101cij\u0101m \u2013 ne tikai dz\u0113rieniem, bet ar\u012b \u0113dienam.<\/p>","status":"publish","sku":"tumbler-350-virtue","original":186208},"wpml":{"translation_type":1,"has_translations":true,"original":186208,"duplicates":[],"translations":{"lv":186304,"en":186208}},"brands":[{"id":1251,"name":"24Bottles","slug":"24bottles-lv"}],"_links":{"self":[{"href":"https:\/\/m50.lv\/lv\/wp-json\/wp\/v2\/product\/186304","targetHints":{"allow":["GET"]}}],"collection":[{"href":"https:\/\/m50.lv\/lv\/wp-json\/wp\/v2\/product"}],"about":[{"href":"https:\/\/m50.lv\/lv\/wp-json\/wp\/v2\/types\/product"}],"version-history":[{"count":0,"href":"https:\/\/m50.lv\/lv\/wp-json\/wp\/v2\/product\/186304\/revisions"}],"wp:featuredmedia":[{"embeddable":true,"href":"https:\/\/m50.lv\/lv\/wp-json\/wp\/v2\/media\/186214"}],"wp:attachment":[{"href":"https:\/\/m50.lv\/lv\/wp-json\/wp\/v2\/media?parent=186304"}],"wp:term":[{"taxonomy":"pwb-brand","embeddable":true,"href":"https:\/\/m50.lv\/lv\/wp-json\/wp\/v2\/pwb-brand?post=186304"},{"taxonomy":"product_cat","embeddable":true,"href":"https:\/\/m50.lv\/lv\/wp-json\/wp\/v2\/product_cat?post=186304"},{"taxonomy":"product_tag","embeddable":true,"href":"https:\/\/m50.lv\/lv\/wp-json\/wp\/v2\/product_tag?post=186304"}],"curies":[{"name":"wp","href":"https:\/\/api.w.org\/{rel}","templated":true}]}}