{"id":186306,"date":"2025-10-19T19:58:07","date_gmt":"2025-10-19T17:58:07","guid":{"rendered":"https:\/\/m50.lv\/product\/m50-x-zane-veldre-unisex-t-krekls-senes-balts\/"},"modified":"2026-02-23T14:43:52","modified_gmt":"2026-02-23T12:43:52","slug":"m50-x-zane-veldre-unisex-t-krekls-senes-balts","status":"publish","type":"product","link":"https:\/\/m50.lv\/lv\/product\/m50-x-zane-veldre-unisex-t-krekls-senes-balts\/","title":{"rendered":"M50 x Zane Veldre Unisex T krekls &#8220;S\u0113nes&#8221; | Balts"},"content":{"rendered":"<p style=\"text-align: left;\">\u0160is T krekls ra\u017eots no augstas kvalit\u0101tes 100% organiskas un PETA sertific\u0113tas kokvilnas. M\u012bksts un \u0113rts klasiska unisex mode\u013ca T krekls, ra\u017eots ES, druk\u0101ts R\u012bg\u0101.<\/p>\n<p style=\"text-align: left;\">Ieteicams mazg\u0101t 30C gr\u0101du temperat\u016br\u0101, izgrie\u017eot iek\u0161pusi uz \u0101ru, neizmantot autom\u0101tisko \u017e\u0101v\u0113t\u0101ju.<\/p>\n<p style=\"text-align: left;\">Auduma bl\u012bvums: 180 G\/M\u00b2<\/p>\n","protected":false},"excerpt":{"rendered":"<p style=\"text-align: center;\">Dabisks organisk\u0101s kokvilnas T-krekls ar akvare\u013cu ilustr\u0101cij\u0101m, kas atdz\u012bvina Latvijas me\u017eu s\u0113nes.<\/p>\n","protected":false},"featured_media":186343,"template":"","meta":{"_jet_sm_ready_style":"","_jet_sm_style":"","_jet_sm_controls_values":"","_jet_sm_fonts_collection":"","_jet_sm_fonts_links":""},"pwb-brand":[1281,1286],"product_cat":[102,105,107,104,103],"product_tag":[1545],"class_list":{"0":"post-186306","1":"product","2":"type-product","3":"status-publish","4":"has-post-thumbnail","6":"pwb-brand-m50-x-zane-veldre-lv","7":"pwb-brand-zane-veldre-lv","8":"product_cat-apgerbs","9":"product_cat-sievietem","10":"product_cat-t-krekli-sievietem","11":"product_cat-t-krekli","12":"product_cat-viriesiem","13":"product_tag-ziemassvetku-davanas","15":"first","16":"instock","17":"taxable","18":"shipping-taxable","19":"purchasable","20":"product-type-variable"},"raw_content":{"name":"M50 x Zane Veldre Unisex T krekls \"S\u0113nes\" | Balts","description":"<p style=\"text-align: left;\">\u0160is T krekls ra\u017eots no augstas kvalit\u0101tes 100% organiskas un PETA sertific\u0113tas kokvilnas. M\u012bksts un \u0113rts klasiska unisex mode\u013ca T krekls, ra\u017eots ES, druk\u0101ts R\u012bg\u0101.<\/p>\r\n<p style=\"text-align: left;\">Ieteicams mazg\u0101t 30C gr\u0101du temperat\u016br\u0101, izgrie\u017eot iek\u0161pusi uz \u0101ru, neizmantot autom\u0101tisko \u017e\u0101v\u0113t\u0101ju.<\/p>\r\n<p style=\"text-align: left;\">Auduma bl\u012bvums: 180 G\/M\u00b2<\/p>","short_description":"<p style=\"text-align: center;\">Dabisks organisk\u0101s kokvilnas T-krekls ar akvare\u013cu ilustr\u0101cij\u0101m, kas atdz\u012bvina Latvijas me\u017eu s\u0113nes.<\/p>","status":"publish","sku":"M50xZVMushroomsWhite","original":186239},"wpml":{"translation_type":1,"has_translations":true,"original":186239,"duplicates":[],"translations":{"lv":186306,"en":186239}},"brands":[{"id":1281,"name":"M50 x Zane Veldre","slug":"m50-x-zane-veldre-lv"},{"id":1286,"name":"Zane Veldre","slug":"zane-veldre-lv"}],"_links":{"self":[{"href":"https:\/\/m50.lv\/lv\/wp-json\/wp\/v2\/product\/186306","targetHints":{"allow":["GET"]}}],"collection":[{"href":"https:\/\/m50.lv\/lv\/wp-json\/wp\/v2\/product"}],"about":[{"href":"https:\/\/m50.lv\/lv\/wp-json\/wp\/v2\/types\/product"}],"version-history":[{"count":0,"href":"https:\/\/m50.lv\/lv\/wp-json\/wp\/v2\/product\/186306\/revisions"}],"wp:featuredmedia":[{"embeddable":true,"href":"https:\/\/m50.lv\/lv\/wp-json\/wp\/v2\/media\/186343"}],"wp:attachment":[{"href":"https:\/\/m50.lv\/lv\/wp-json\/wp\/v2\/media?parent=186306"}],"wp:term":[{"taxonomy":"pwb-brand","embeddable":true,"href":"https:\/\/m50.lv\/lv\/wp-json\/wp\/v2\/pwb-brand?post=186306"},{"taxonomy":"product_cat","embeddable":true,"href":"https:\/\/m50.lv\/lv\/wp-json\/wp\/v2\/product_cat?post=186306"},{"taxonomy":"product_tag","embeddable":true,"href":"https:\/\/m50.lv\/lv\/wp-json\/wp\/v2\/product_tag?post=186306"}],"curies":[{"name":"wp","href":"https:\/\/api.w.org\/{rel}","templated":true}]}}