{"id":186364,"date":"2025-10-26T15:14:01","date_gmt":"2025-10-26T13:14:01","guid":{"rendered":"https:\/\/m50.lv\/product\/oficialais-bernu-rapulitis-godalgotajai-animacijas-filmai-straume-flow-melns\/"},"modified":"2025-11-26T14:36:52","modified_gmt":"2025-11-26T12:36:52","slug":"oficialais-bernu-rapulitis-godalgotajai-animacijas-filmai-straume-flow-melns","status":"publish","type":"product","link":"https:\/\/m50.lv\/lv\/product\/oficialais-bernu-rapulitis-godalgotajai-animacijas-filmai-straume-flow-melns\/","title":{"rendered":"Ofici\u0101lais b\u0113rnu r\u0101pul\u012btis godalgotajai anim\u0101cijas filmai STRAUME \/ FLOW | Melns"},"content":{"rendered":"<p style=\"text-align: left;\">Materi\u0101ls: 100% organisk\u0101 kokvilna<br \/>\nIlgtsp\u0113j\u012bgs, videi draudz\u012bgs audums<br \/>\nDruk\u0101ts R\u012bg\u0101<\/p>\n<p style=\"text-align: left;\">Perfekts gan ikdienai, gan k\u0101 stil\u012bgs aksesu\u0101rs \u012bstiem filmas cien\u012bt\u0101jiem! \ud83c\udf3f\ud83d\udc3e<\/p>\n<p style=\"text-align: left;\">Ieteicams mazg\u0101t 30C gr\u0101du temperat\u016br\u0101, izgrie\u017eot iek\u0161pusi uz \u0101ru, neizmantot autom\u0101tisko \u017e\u0101v\u0113t\u0101ju.<\/p>\n<p style=\"text-align: left;\">Lai izv\u0113l\u0113tos pareizo izm\u0113ru, skatiet pievienoto tabulu:<\/p>\n","protected":false},"excerpt":{"rendered":"<p style=\"text-align: center;\">R\u0101pul\u012btis ir ide\u0101ls veids, k\u0101 izr\u0101d\u012bt savu m\u012blest\u012bbu pret Golden Globes godalgoto anim\u0101cijas filmu \u201cSTRAUME\u201d\/\u201dFLOW\u201d. Priek\u0161pus\u0113 att\u0113lots ka\u0137\u012btis \u2013 filmas galvenais t\u0113ls un neliels uzraksts \u201cFlow\u201d.<\/p>\n","protected":false},"featured_media":186356,"template":"","meta":{"_jet_sm_ready_style":"","_jet_sm_style":"","_jet_sm_controls_values":"","_jet_sm_fonts_collection":"","_jet_sm_fonts_links":""},"pwb-brand":[1458],"product_cat":[102,1242],"product_tag":[1547,1577,1502,1485,1545],"class_list":{"0":"post-186364","1":"product","2":"type-product","3":"status-publish","4":"has-post-thumbnail","6":"pwb-brand-filma-straume","7":"product_cat-apgerbs","8":"product_cat-bernu-apgerbi","9":"product_tag-straume-berniem","10":"product_tag-latvija","11":"product_tag-straume-lv","12":"product_tag-straume","13":"product_tag-ziemassvetku-davanas","15":"first","16":"instock","17":"taxable","18":"shipping-taxable","19":"purchasable","20":"product-type-variable"},"raw_content":{"name":"Ofici\u0101lais b\u0113rnu r\u0101pul\u012btis godalgotajai anim\u0101cijas filmai STRAUME \/ FLOW | Melns","description":"<p style=\"text-align: left;\">Materi\u0101ls: 100% organisk\u0101 kokvilna\r\nIlgtsp\u0113j\u012bgs, videi draudz\u012bgs audums\r\nDruk\u0101ts R\u012bg\u0101<\/p>\r\n<p style=\"text-align: left;\">Perfekts gan ikdienai, gan k\u0101 stil\u012bgs aksesu\u0101rs \u012bstiem filmas cien\u012bt\u0101jiem! \ud83c\udf3f\ud83d\udc3e<\/p>\r\n<p style=\"text-align: left;\">Ieteicams mazg\u0101t 30C gr\u0101du temperat\u016br\u0101, izgrie\u017eot iek\u0161pusi uz \u0101ru, neizmantot autom\u0101tisko \u017e\u0101v\u0113t\u0101ju.<\/p>\r\n<p style=\"text-align: left;\">Lai izv\u0113l\u0113tos pareizo izm\u0113ru, skatiet pievienoto tabulu:<\/p>","short_description":"<p style=\"text-align: center;\">R\u0101pul\u012btis ir ide\u0101ls veids, k\u0101 izr\u0101d\u012bt savu m\u012blest\u012bbu pret Golden Globes godalgoto anim\u0101cijas filmu \u201cSTRAUME\u201d\/\u201dFLOW\u201d. Priek\u0161pus\u0113 att\u0113lots ka\u0137\u012btis \u2013 filmas galvenais t\u0113ls un neliels uzraksts \u201cFlow\u201d.<\/p>","status":"publish","sku":"Flow-kids-bodie-black","original":186348},"wpml":{"translation_type":1,"has_translations":true,"original":186348,"duplicates":[],"translations":{"lv":186364,"en":186348}},"brands":[{"id":1458,"name":"Filma Straume","slug":"filma-straume"}],"_links":{"self":[{"href":"https:\/\/m50.lv\/lv\/wp-json\/wp\/v2\/product\/186364","targetHints":{"allow":["GET"]}}],"collection":[{"href":"https:\/\/m50.lv\/lv\/wp-json\/wp\/v2\/product"}],"about":[{"href":"https:\/\/m50.lv\/lv\/wp-json\/wp\/v2\/types\/product"}],"version-history":[{"count":0,"href":"https:\/\/m50.lv\/lv\/wp-json\/wp\/v2\/product\/186364\/revisions"}],"wp:featuredmedia":[{"embeddable":true,"href":"https:\/\/m50.lv\/lv\/wp-json\/wp\/v2\/media\/186356"}],"wp:attachment":[{"href":"https:\/\/m50.lv\/lv\/wp-json\/wp\/v2\/media?parent=186364"}],"wp:term":[{"taxonomy":"pwb-brand","embeddable":true,"href":"https:\/\/m50.lv\/lv\/wp-json\/wp\/v2\/pwb-brand?post=186364"},{"taxonomy":"product_cat","embeddable":true,"href":"https:\/\/m50.lv\/lv\/wp-json\/wp\/v2\/product_cat?post=186364"},{"taxonomy":"product_tag","embeddable":true,"href":"https:\/\/m50.lv\/lv\/wp-json\/wp\/v2\/product_tag?post=186364"}],"curies":[{"name":"wp","href":"https:\/\/api.w.org\/{rel}","templated":true}]}}