{"id":186479,"date":"2025-11-04T21:14:29","date_gmt":"2025-11-04T19:14:29","guid":{"rendered":"https:\/\/m50.lv\/product\/baltland-ikdienas-merino-vilnas-zekes-ar-polsterejumu-baltas\/"},"modified":"2026-02-23T18:00:08","modified_gmt":"2026-02-23T16:00:08","slug":"baltland-ikdienas-merino-vilnas-zekes-ar-polsterejumu-baltas","status":"publish","type":"product","link":"https:\/\/m50.lv\/lv\/product\/baltland-ikdienas-merino-vilnas-zekes-ar-polsterejumu-baltas\/","title":{"rendered":"Baltland Ikdienas merino vilnas ze\u0137es ar polster\u0113jumu | Baltas"},"content":{"rendered":"<p style=\"text-align: left;\">Papildu inform\u0101cija:<\/p>\n<p style=\"text-align: left;\">Elpojo\u0161s audums<br \/>\nRegul\u0113 temperat\u016bru<br \/>\nNov\u0113r\u0161 nepat\u012bkamu arom\u0101tu veido\u0161anos<br \/>\nAmortiz\u0113ta p\u0113das da\u013ca<br \/>\nElast\u012bga velves atbalsts<br \/>\n\u0100tri \u017e\u016bsto\u0161as<br \/>\nRievots un elast\u012bgs dizains<br \/>\nBez\u0161uvju purngals<br \/>\nTrad\u012bciju iedvesmots dizains<br \/>\nDzija no V\u0101cijas<br \/>\nRa\u017eots Latvij\u0101<br \/>\nOEKO-TEX\u00ae sertific\u0113ta vilna<br \/>\nMateri\u0101li<br \/>\n80% Merino vilna<br \/>\n17% Poliam\u012bds<br \/>\n3% Elast\u0101ns<\/p>\n","protected":false},"excerpt":{"rendered":"<p style=\"text-align: center;\">Ra\u017eotas no m\u012bkstas, elpojo\u0161as merino vilnas, t\u0101s nodro\u0161ina izcilu izol\u0101ciju un mitruma izvad\u012b\u0161anas veiktsp\u0113ju.<\/p>\n<p style=\"text-align: center;\">\u0160\u012bs ze\u0137es ar papildus velves atbalstu un m\u012bksto p\u0113das polster\u0113jumu nodro\u0161ina perfektu stila un komforta apvienojumu.<\/p>\n","protected":false},"featured_media":186453,"template":"","meta":{"_jet_sm_ready_style":"","_jet_sm_style":"","_jet_sm_controls_values":"","_jet_sm_fonts_collection":"","_jet_sm_fonts_links":""},"pwb-brand":[1537],"product_cat":[101,567],"product_tag":[1545],"class_list":{"0":"post-186479","1":"product","2":"type-product","3":"status-publish","4":"has-post-thumbnail","6":"pwb-brand-baltland-lv","7":"product_cat-aksesuari","8":"product_cat-zekes","9":"product_tag-ziemassvetku-davanas","11":"first","12":"instock","13":"taxable","14":"shipping-taxable","15":"purchasable","16":"product-type-variable"},"raw_content":{"name":"Baltland Ikdienas merino vilnas ze\u0137es ar polster\u0113jumu | Baltas","description":"<p style=\"text-align: left;\">Papildu inform\u0101cija:<\/p>\r\n<p style=\"text-align: left;\">Elpojo\u0161s audums\r\nRegul\u0113 temperat\u016bru\r\nNov\u0113r\u0161 nepat\u012bkamu arom\u0101tu veido\u0161anos\r\nAmortiz\u0113ta p\u0113das da\u013ca\r\nElast\u012bga velves atbalsts\r\n\u0100tri \u017e\u016bsto\u0161as\r\nRievots un elast\u012bgs dizains\r\nBez\u0161uvju purngals\r\nTrad\u012bciju iedvesmots dizains\r\nDzija no V\u0101cijas\r\nRa\u017eots Latvij\u0101\r\nOEKO-TEX\u00ae sertific\u0113ta vilna\r\nMateri\u0101li\r\n80% Merino vilna\r\n17% Poliam\u012bds\r\n3% Elast\u0101ns<\/p>","short_description":"<p style=\"text-align: center;\">Ra\u017eotas no m\u012bkstas, elpojo\u0161as merino vilnas, t\u0101s nodro\u0161ina izcilu izol\u0101ciju un mitruma izvad\u012b\u0161anas veiktsp\u0113ju.<\/p>\r\n<p style=\"text-align: center;\">\u0160\u012bs ze\u0137es ar papildus velves atbalstu un m\u012bksto p\u0113das polster\u0113jumu nodro\u0161ina perfektu stila un komforta apvienojumu.<\/p>","status":"publish","sku":"Baltland-merino-socks-White","original":186443},"wpml":{"translation_type":1,"has_translations":true,"original":186443,"duplicates":[],"translations":{"lv":186479,"en":186443}},"brands":[{"id":1537,"name":"Baltland","slug":"baltland-lv"}],"_links":{"self":[{"href":"https:\/\/m50.lv\/lv\/wp-json\/wp\/v2\/product\/186479","targetHints":{"allow":["GET"]}}],"collection":[{"href":"https:\/\/m50.lv\/lv\/wp-json\/wp\/v2\/product"}],"about":[{"href":"https:\/\/m50.lv\/lv\/wp-json\/wp\/v2\/types\/product"}],"version-history":[{"count":0,"href":"https:\/\/m50.lv\/lv\/wp-json\/wp\/v2\/product\/186479\/revisions"}],"wp:featuredmedia":[{"embeddable":true,"href":"https:\/\/m50.lv\/lv\/wp-json\/wp\/v2\/media\/186453"}],"wp:attachment":[{"href":"https:\/\/m50.lv\/lv\/wp-json\/wp\/v2\/media?parent=186479"}],"wp:term":[{"taxonomy":"pwb-brand","embeddable":true,"href":"https:\/\/m50.lv\/lv\/wp-json\/wp\/v2\/pwb-brand?post=186479"},{"taxonomy":"product_cat","embeddable":true,"href":"https:\/\/m50.lv\/lv\/wp-json\/wp\/v2\/product_cat?post=186479"},{"taxonomy":"product_tag","embeddable":true,"href":"https:\/\/m50.lv\/lv\/wp-json\/wp\/v2\/product_tag?post=186479"}],"curies":[{"name":"wp","href":"https:\/\/api.w.org\/{rel}","templated":true}]}}