{"id":186646,"date":"2025-11-12T21:00:36","date_gmt":"2025-11-12T19:00:36","guid":{"rendered":"https:\/\/m50.lv\/product\/m50-x-zane-veldre-unisex-t-krekls-latvijas-garsas-zals\/"},"modified":"2025-12-22T10:35:22","modified_gmt":"2025-12-22T08:35:22","slug":"m50-x-zane-veldre-unisex-t-krekls-latvijas-garsas-zals","status":"publish","type":"product","link":"https:\/\/m50.lv\/lv\/product\/m50-x-zane-veldre-unisex-t-krekls-latvijas-garsas-zals\/","title":{"rendered":"M50 x Zane Veldre Unisex T krekls &#8220;Latvijas gar\u0161as&#8221; | Za\u013c\u0161"},"content":{"rendered":"<p style=\"text-align: left;\">\u0160is T krekls ra\u017eots no augstas kvalit\u0101tes 100% organiskas un PETA sertific\u0113tas kokvilnas. M\u012bksts un \u0113rts klasiska unisex mode\u013ca T krekls, ra\u017eots ES, druk\u0101ts R\u012bg\u0101.<\/p>\n<p style=\"text-align: left;\">Ieteicams mazg\u0101t 30C gr\u0101du temperat\u016br\u0101, izgrie\u017eot iek\u0161pusi uz \u0101ru, neizmantot autom\u0101tisko \u017e\u0101v\u0113t\u0101ju.<\/p>\n<p style=\"text-align: left;\">Auduma bl\u012bvums: 180 G\/M\u00b2<\/p>\n","protected":false},"excerpt":{"rendered":"<p style=\"text-align: center;\">Iepaz\u012bstin\u0101m ar m\u016bsu \u201cLatvijas gar\u0161a\u201d T kreklu, kas izce\u013c ikoniskos Latvijas \u0113dienus. Dizain\u0101 att\u0113loti iecien\u012bti kulin\u0101rijas d\u0101rgumi, piem\u0113ram, aukst\u0101 bie\u0161u zupa, rupjmaize, dilles un \u0137iploki, skaisti izk\u0101rtoti ko\u0161\u0101 un pievilc\u012bg\u0101 kompoz\u012bcij\u0101. Izgatavots no augstas kvalit\u0101tes kokvilnas, \u0161is T krekls pied\u0101v\u0101 komfortu \u0113dienu m\u012b\u013cot\u0101jiem un tiem, kas ciena Latvijas bag\u0101t\u012bgo kulin\u0101rijas mantojumu. Valk\u0101jiet Latvijas gar\u0161as saj\u016btu jebkur\u0101 viet\u0101!<\/p>\n","protected":false},"featured_media":186613,"template":"","meta":{"_jet_sm_ready_style":"","_jet_sm_style":"","_jet_sm_controls_values":"","_jet_sm_fonts_collection":"","_jet_sm_fonts_links":""},"pwb-brand":[1281,1286],"product_cat":[102,105,104,107,103],"product_tag":[1545],"class_list":{"0":"post-186646","1":"product","2":"type-product","3":"status-publish","4":"has-post-thumbnail","6":"pwb-brand-m50-x-zane-veldre-lv","7":"pwb-brand-zane-veldre-lv","8":"product_cat-apgerbs","9":"product_cat-sievietem","10":"product_cat-t-krekli","11":"product_cat-t-krekli-sievietem","12":"product_cat-viriesiem","13":"product_tag-ziemassvetku-davanas","15":"first","16":"instock","17":"taxable","18":"shipping-taxable","19":"purchasable","20":"product-type-variable"},"raw_content":{"name":"M50 x Zane Veldre Unisex T krekls \"Latvijas gar\u0161as\" | Za\u013c\u0161","description":"<p style=\"text-align: left;\">\u0160is T krekls ra\u017eots no augstas kvalit\u0101tes 100% organiskas un PETA sertific\u0113tas kokvilnas. M\u012bksts un \u0113rts klasiska unisex mode\u013ca T krekls, ra\u017eots ES, druk\u0101ts R\u012bg\u0101.<\/p>\r\n<p style=\"text-align: left;\">Ieteicams mazg\u0101t 30C gr\u0101du temperat\u016br\u0101, izgrie\u017eot iek\u0161pusi uz \u0101ru, neizmantot autom\u0101tisko \u017e\u0101v\u0113t\u0101ju.<\/p>\r\n<p style=\"text-align: left;\">Auduma bl\u012bvums: 180 G\/M\u00b2<\/p>","short_description":"<p style=\"text-align: center;\">Iepaz\u012bstin\u0101m ar m\u016bsu \u201cLatvijas gar\u0161a\u201d T kreklu, kas izce\u013c ikoniskos Latvijas \u0113dienus. Dizain\u0101 att\u0113loti iecien\u012bti kulin\u0101rijas d\u0101rgumi, piem\u0113ram, aukst\u0101 bie\u0161u zupa, rupjmaize, dilles un \u0137iploki, skaisti izk\u0101rtoti ko\u0161\u0101 un pievilc\u012bg\u0101 kompoz\u012bcij\u0101. Izgatavots no augstas kvalit\u0101tes kokvilnas, \u0161is T krekls pied\u0101v\u0101 komfortu \u0113dienu m\u012b\u013cot\u0101jiem un tiem, kas ciena Latvijas bag\u0101t\u012bgo kulin\u0101rijas mantojumu. Valk\u0101jiet Latvijas gar\u0161as saj\u016btu jebkur\u0101 viet\u0101!<\/p>","status":"publish","sku":"M50-ZV-LVgarsa-T-shirt","original":186601},"wpml":{"translation_type":1,"has_translations":true,"original":186601,"duplicates":[],"translations":{"lv":186646,"en":186601}},"brands":[{"id":1281,"name":"M50 x Zane Veldre","slug":"m50-x-zane-veldre-lv"},{"id":1286,"name":"Zane Veldre","slug":"zane-veldre-lv"}],"_links":{"self":[{"href":"https:\/\/m50.lv\/lv\/wp-json\/wp\/v2\/product\/186646","targetHints":{"allow":["GET"]}}],"collection":[{"href":"https:\/\/m50.lv\/lv\/wp-json\/wp\/v2\/product"}],"about":[{"href":"https:\/\/m50.lv\/lv\/wp-json\/wp\/v2\/types\/product"}],"version-history":[{"count":0,"href":"https:\/\/m50.lv\/lv\/wp-json\/wp\/v2\/product\/186646\/revisions"}],"wp:featuredmedia":[{"embeddable":true,"href":"https:\/\/m50.lv\/lv\/wp-json\/wp\/v2\/media\/186613"}],"wp:attachment":[{"href":"https:\/\/m50.lv\/lv\/wp-json\/wp\/v2\/media?parent=186646"}],"wp:term":[{"taxonomy":"pwb-brand","embeddable":true,"href":"https:\/\/m50.lv\/lv\/wp-json\/wp\/v2\/pwb-brand?post=186646"},{"taxonomy":"product_cat","embeddable":true,"href":"https:\/\/m50.lv\/lv\/wp-json\/wp\/v2\/product_cat?post=186646"},{"taxonomy":"product_tag","embeddable":true,"href":"https:\/\/m50.lv\/lv\/wp-json\/wp\/v2\/product_tag?post=186646"}],"curies":[{"name":"wp","href":"https:\/\/api.w.org\/{rel}","templated":true}]}}