{"id":186709,"date":"2025-11-19T00:19:45","date_gmt":"2025-11-18T22:19:45","guid":{"rendered":"https:\/\/m50.lv\/?post_type=product&p=186709"},"modified":"2025-12-06T19:15:02","modified_gmt":"2025-12-06T17:15:02","slug":"viss-apnicis-kartite-zvanins-skan","status":"publish","type":"product","link":"https:\/\/m50.lv\/lv\/product\/viss-apnicis-kartite-zvanins-skan\/","title":{"rendered":"Viss apnicis kart\u012bte | Zvani\u0146\u0161 skan"},"content":{"rendered":"<p style=\"text-align: left;\">Izm\u0113rs: 10 x 15 cm<\/p>\n","protected":false},"excerpt":{"rendered":"<p style=\"text-align: center;\">Zvani\u0146\u0161 skan<\/p>\n","protected":false},"featured_media":186666,"template":"","meta":{"_jet_sm_ready_style":"","_jet_sm_style":"","_jet_sm_controls_values":"","_jet_sm_fonts_collection":"","_jet_sm_fonts_links":""},"pwb-brand":[1506],"product_cat":[193,110],"product_tag":[1545],"class_list":{"0":"post-186709","1":"product","2":"type-product","3":"status-publish","4":"has-post-thumbnail","6":"pwb-brand-viss-apnicis-lv","7":"product_cat-davanas","8":"product_cat-pastkartes","9":"product_tag-ziemassvetku-davanas","11":"first","12":"instock","13":"taxable","14":"shipping-taxable","15":"purchasable","16":"product-type-simple"},"raw_content":{"name":"Viss apnicis kart\u012bte | Zvani\u0146\u0161 skan","description":"<p style=\"text-align: left;\">Izm\u0113rs: 10 x 15 cm<\/p>","short_description":"<p style=\"text-align: center;\">Zvani\u0146\u0161 skan<\/p>","status":"publish","sku":"vissapnicis-zvanins","original":186655},"wpml":{"translation_type":1,"has_translations":true,"original":186655,"duplicates":[],"translations":{"lv":186709,"en":186655}},"brands":[{"id":1506,"name":"Viss apnicis","slug":"viss-apnicis-lv"}],"_links":{"self":[{"href":"https:\/\/m50.lv\/lv\/wp-json\/wp\/v2\/product\/186709","targetHints":{"allow":["GET"]}}],"collection":[{"href":"https:\/\/m50.lv\/lv\/wp-json\/wp\/v2\/product"}],"about":[{"href":"https:\/\/m50.lv\/lv\/wp-json\/wp\/v2\/types\/product"}],"version-history":[{"count":0,"href":"https:\/\/m50.lv\/lv\/wp-json\/wp\/v2\/product\/186709\/revisions"}],"wp:featuredmedia":[{"embeddable":true,"href":"https:\/\/m50.lv\/lv\/wp-json\/wp\/v2\/media\/186666"}],"wp:attachment":[{"href":"https:\/\/m50.lv\/lv\/wp-json\/wp\/v2\/media?parent=186709"}],"wp:term":[{"taxonomy":"pwb-brand","embeddable":true,"href":"https:\/\/m50.lv\/lv\/wp-json\/wp\/v2\/pwb-brand?post=186709"},{"taxonomy":"product_cat","embeddable":true,"href":"https:\/\/m50.lv\/lv\/wp-json\/wp\/v2\/product_cat?post=186709"},{"taxonomy":"product_tag","embeddable":true,"href":"https:\/\/m50.lv\/lv\/wp-json\/wp\/v2\/product_tag?post=186709"}],"curies":[{"name":"wp","href":"https:\/\/api.w.org\/{rel}","templated":true}]}}