{"id":186735,"date":"2025-11-12T22:27:48","date_gmt":"2025-11-12T20:27:48","guid":{"rendered":"https:\/\/m50.lv\/product\/oficialais-bernu-dzemperis-ar-kapuci-godalgotajai-animacijas-filmai-straume-zals\/"},"modified":"2026-03-05T15:38:38","modified_gmt":"2026-03-05T13:38:38","slug":"oficialais-bernu-dzemperis-ar-kapuci-godalgotajai-animacijas-filmai-straume-zals","status":"publish","type":"product","link":"https:\/\/m50.lv\/lv\/product\/oficialais-bernu-dzemperis-ar-kapuci-godalgotajai-animacijas-filmai-straume-zals\/","title":{"rendered":"Ofici\u0101lais b\u0113rnu d\u017eemperis ar kapuci godalgotajai anim\u0101cijas filmai Straume | Za\u013c\u0161"},"content":{"rendered":"<p style=\"text-align: left;\">Ofici\u0101lais suven\u012brs 2025. gada Zelta Globusa un Oskara balvu ieguvu\u0161ajai lab\u0101kajai anim\u0101cijas filmai. gar\u0161: Produkta apraksts<br \/>\nIde\u0101li piem\u0113rots ikdienas valk\u0101\u0161anai \u012bstiem filmas faniem \ud83c\udf3f\ud83d\udc3e<br \/>\nMateri\u0101ls: 100% organisk\u0101 kokvilna<br \/>\nDizains: Unisex piegriezne, piem\u0113rots ikvienam<br \/>\n\u0112rts un ilgtsp\u0113j\u012bgs dizains, videi draudz\u012bgs audums<\/p>\n<p style=\"text-align: left;\">Ieteicams mazg\u0101t 30C gr\u0101du temperat\u016br\u0101, izgrie\u017eot iek\u0161pusi uz \u0101ru, neizmantot autom\u0101tisko \u017e\u0101v\u0113t\u0101ju. Lai izv\u0113l\u0113tos pareizo izm\u0113ru, skatiet pievienoto tabulu<\/p>\n<p style=\"text-align: left;\">\u00a9 FLOW\u2122 2024, Dream Well Studio, Sacrebleu Productions, Take Five. Visas ties\u012bbas aizsarg\u0101tas.<\/p>\n","protected":false},"excerpt":{"rendered":"<p style=\"text-align: center;\">\u0160is hudijs ir lielisks veids, k\u0101 par\u0101d\u012bt savu m\u012blest\u012bbu pret godalgoto anim\u0101cijas filmu \u201cFLOW\u201d \/ \u201dSTRAUME\u201d ar\u012b mazajiem! Priek\u0161pus\u0113 uz sirds ir iz\u0161\u016bts neliels filmas galven\u0101 varo\u0146a \u2013 ka\u0137a att\u0113ls, uz muguras \u2013 ka\u0137\u012btim rakstur\u012bg\u0101s acis.<\/p>\n","protected":false},"featured_media":186721,"template":"","meta":{"_jet_sm_ready_style":"","_jet_sm_style":"","_jet_sm_controls_values":"","_jet_sm_fonts_collection":"","_jet_sm_fonts_links":""},"pwb-brand":[1458],"product_cat":[102,1242],"product_tag":[1547,1485,1502,1545],"class_list":{"0":"post-186735","1":"product","2":"type-product","3":"status-publish","4":"has-post-thumbnail","6":"pwb-brand-filma-straume","7":"product_cat-apgerbs","8":"product_cat-bernu-apgerbi","9":"product_tag-straume-berniem","10":"product_tag-straume","11":"product_tag-straume-lv","12":"product_tag-ziemassvetku-davanas","14":"first","15":"instock","16":"taxable","17":"shipping-taxable","18":"purchasable","19":"product-type-variable"},"raw_content":{"name":"Ofici\u0101lais b\u0113rnu d\u017eemperis ar kapuci godalgotajai anim\u0101cijas filmai Straume | Za\u013c\u0161","description":"<p style=\"text-align: left;\">Ofici\u0101lais suven\u012brs 2025. gada Zelta Globusa un Oskara balvu ieguvu\u0161ajai lab\u0101kajai anim\u0101cijas filmai. gar\u0161: Produkta apraksts\r\nIde\u0101li piem\u0113rots ikdienas valk\u0101\u0161anai \u012bstiem filmas faniem \ud83c\udf3f\ud83d\udc3e\r\nMateri\u0101ls: 100% organisk\u0101 kokvilna\r\nDizains: Unisex piegriezne, piem\u0113rots ikvienam\r\n\u0112rts un ilgtsp\u0113j\u012bgs dizains, videi draudz\u012bgs audums<\/p>\r\n<p style=\"text-align: left;\">Ieteicams mazg\u0101t 30C gr\u0101du temperat\u016br\u0101, izgrie\u017eot iek\u0161pusi uz \u0101ru, neizmantot autom\u0101tisko \u017e\u0101v\u0113t\u0101ju. Lai izv\u0113l\u0113tos pareizo izm\u0113ru, skatiet pievienoto tabulu<\/p>\r\n<p style=\"text-align: left;\">\u00a9 FLOW\u2122 2024, Dream Well Studio, Sacrebleu Productions, Take Five. Visas ties\u012bbas aizsarg\u0101tas.<\/p>","short_description":"<p style=\"text-align: center;\">\u0160is hudijs ir lielisks veids, k\u0101 par\u0101d\u012bt savu m\u012blest\u012bbu pret godalgoto anim\u0101cijas filmu \u201cFLOW\u201d \/ \u201dSTRAUME\u201d ar\u012b mazajiem! Priek\u0161pus\u0113 uz sirds ir iz\u0161\u016bts neliels filmas galven\u0101 varo\u0146a \u2013 ka\u0137a att\u0113ls, uz muguras \u2013 ka\u0137\u012btim rakstur\u012bg\u0101s acis.<\/p>","status":"publish","sku":"m50-flow-kids-hoodie-aloe","original":186717},"wpml":{"translation_type":1,"has_translations":true,"original":186717,"duplicates":[],"translations":{"lv":186735,"en":186717}},"brands":[{"id":1458,"name":"Filma Straume","slug":"filma-straume"}],"_links":{"self":[{"href":"https:\/\/m50.lv\/lv\/wp-json\/wp\/v2\/product\/186735","targetHints":{"allow":["GET"]}}],"collection":[{"href":"https:\/\/m50.lv\/lv\/wp-json\/wp\/v2\/product"}],"about":[{"href":"https:\/\/m50.lv\/lv\/wp-json\/wp\/v2\/types\/product"}],"version-history":[{"count":0,"href":"https:\/\/m50.lv\/lv\/wp-json\/wp\/v2\/product\/186735\/revisions"}],"wp:featuredmedia":[{"embeddable":true,"href":"https:\/\/m50.lv\/lv\/wp-json\/wp\/v2\/media\/186721"}],"wp:attachment":[{"href":"https:\/\/m50.lv\/lv\/wp-json\/wp\/v2\/media?parent=186735"}],"wp:term":[{"taxonomy":"pwb-brand","embeddable":true,"href":"https:\/\/m50.lv\/lv\/wp-json\/wp\/v2\/pwb-brand?post=186735"},{"taxonomy":"product_cat","embeddable":true,"href":"https:\/\/m50.lv\/lv\/wp-json\/wp\/v2\/product_cat?post=186735"},{"taxonomy":"product_tag","embeddable":true,"href":"https:\/\/m50.lv\/lv\/wp-json\/wp\/v2\/product_tag?post=186735"}],"curies":[{"name":"wp","href":"https:\/\/api.w.org\/{rel}","templated":true}]}}