{"id":186980,"date":"2025-11-24T17:21:05","date_gmt":"2025-11-24T15:21:05","guid":{"rendered":"https:\/\/m50.lv\/product\/labo-darbu-soma-labakais-iepirkumu-maisins-ikdienas-gaitam\/"},"modified":"2025-12-12T11:40:38","modified_gmt":"2025-12-12T09:40:38","slug":"labo-darbu-soma-labakais-iepirkumu-maisins-ikdienas-gaitam","status":"publish","type":"product","link":"https:\/\/m50.lv\/lv\/product\/labo-darbu-soma-labakais-iepirkumu-maisins-ikdienas-gaitam\/","title":{"rendered":"LABO DARBU soma &#8211; lab\u0101kais iepirkumu maisi\u0146\u0161 ikdienas gait\u0101m!"},"content":{"rendered":"<p style=\"text-align: left;\">B\u0113rnu slimn\u012bcas fonds, kop\u0101 ar da\u017e\u0101diem Latvijas uz\u0146\u0113mumiem, ir rad\u012bju\u0161i \u012bpa\u0161u d\u0101vanu kolekciju, kur\u0101 katrs priek\u0161mets ne tikai iepriecin\u0101s d\u0101vanas sa\u0146\u0113m\u0113ju un sag\u0101d\u0101s gandar\u012bjumu d\u0101vin\u0101t\u0101jam, bet ar\u012b sniegs atbalstu b\u0113rniem, kuri ik dienu c\u012bn\u0101s ar slim\u012bbu. Visa \u0161\u012b projekta pe\u013c\u0146a tiek novirz\u012bta b\u0113rnu vesel\u012bbas atbalstam.<\/p>\n<p style=\"text-align: left;\">D\u0101vini \u0161o prieku sev, saviem tuviniekiem, vai k\u0101dam, kuru Tu pat nepaz\u012bsti, bet kuram Tava izv\u0113le var main\u012bt visu!<\/p>\n<p style=\"text-align: left;\">Iepirkumu somas materi\u0101ls ir 80% p\u0101rstr\u0101d\u0101ta kokvilna, 20% p\u0101rstr\u0101d\u0101ts poliesters, kr\u0101sa dabiski b\u0113\u0161a.<\/p>\n<p>Maisi\u0146u iesp\u0113jams ar\u012b personaliz\u0113t ar sava uz\u0146\u0113muma logo, s\u0101kot no 1 gab &#8211; par \u0161o l\u016bdzu sazzinieties ar mums, rakstot info@M50.lv.<br \/>\nProjekt\u0101 piedal\u0101s ar\u012b m\u016bsu drukas partneris &#8211; P42 &#8211; paldies vi\u0146iem par to!<\/p>\n<p>Visas sirsn\u012bg\u0101s d\u0101vanas mekl\u0113 https:\/\/www.sirsnigasdavanas.com\/<\/p>\n","protected":false},"excerpt":{"rendered":"<p style=\"text-align: center;\">Priec\u0101jamies b\u016bt da\u013ca no projekta &#8220;Sirsn\u012bgas d\u0101vanas&#8221; &#8211; kur katrs pirkums k\u013c\u016bst par labest\u012bbas v\u0113stnesi!<\/p>\n","protected":false},"featured_media":186969,"template":"","meta":{"_jet_sm_ready_style":"","_jet_sm_style":"","_jet_sm_controls_values":"","_jet_sm_fonts_collection":"","_jet_sm_fonts_links":""},"pwb-brand":[1249],"product_cat":[101,205,193],"product_tag":[],"class_list":{"0":"post-186980","1":"product","2":"type-product","3":"status-publish","4":"has-post-thumbnail","6":"pwb-brand-m50-lv","7":"product_cat-aksesuari","8":"product_cat-auduma-maisini","9":"product_cat-davanas","11":"first","12":"instock","13":"taxable","14":"shipping-taxable","15":"purchasable","16":"product-type-simple"},"raw_content":{"name":"LABO DARBU soma - lab\u0101kais iepirkumu maisi\u0146\u0161 ikdienas gait\u0101m!","description":"<p style=\"text-align: left;\">B\u0113rnu slimn\u012bcas fonds, kop\u0101 ar da\u017e\u0101diem Latvijas uz\u0146\u0113mumiem, ir rad\u012bju\u0161i \u012bpa\u0161u d\u0101vanu kolekciju, kur\u0101 katrs priek\u0161mets ne tikai iepriecin\u0101s d\u0101vanas sa\u0146\u0113m\u0113ju un sag\u0101d\u0101s gandar\u012bjumu d\u0101vin\u0101t\u0101jam, bet ar\u012b sniegs atbalstu b\u0113rniem, kuri ik dienu c\u012bn\u0101s ar slim\u012bbu. Visa \u0161\u012b projekta pe\u013c\u0146a tiek novirz\u012bta b\u0113rnu vesel\u012bbas atbalstam.<\/p>\r\n<p style=\"text-align: left;\">D\u0101vini \u0161o prieku sev, saviem tuviniekiem, vai k\u0101dam, kuru Tu pat nepaz\u012bsti, bet kuram Tava izv\u0113le var main\u012bt visu!<\/p>\r\n<p style=\"text-align: left;\">Iepirkumu somas materi\u0101ls ir 80% p\u0101rstr\u0101d\u0101ta kokvilna, 20% p\u0101rstr\u0101d\u0101ts poliesters, kr\u0101sa dabiski b\u0113\u0161a.\r\n\r\nMaisi\u0146u iesp\u0113jams ar\u012b personaliz\u0113t ar sava uz\u0146\u0113muma logo, s\u0101kot no 1 gab - par \u0161o l\u016bdzu sazzinieties ar mums, rakstot info@M50.lv.\r\nProjekt\u0101 piedal\u0101s ar\u012b m\u016bsu drukas partneris - P42 - paldies vi\u0146iem par to!\r\n\r\nVisas sirsn\u012bg\u0101s d\u0101vanas mekl\u0113 https:\/\/www.sirsnigasdavanas.com\/<\/p>","short_description":"<p style=\"text-align: center;\">Priec\u0101jamies b\u016bt da\u013ca no projekta \"Sirsn\u012bgas d\u0101vanas\" - kur katrs pirkums k\u013c\u016bst par labest\u012bbas v\u0113stnesi!<\/p>","status":"publish","sku":"labo-darbu-soma","original":186967},"wpml":{"translation_type":1,"has_translations":true,"original":186967,"duplicates":[],"translations":{"lv":186980,"en":186967}},"brands":[{"id":1249,"name":"M50","slug":"m50-lv"}],"_links":{"self":[{"href":"https:\/\/m50.lv\/lv\/wp-json\/wp\/v2\/product\/186980","targetHints":{"allow":["GET"]}}],"collection":[{"href":"https:\/\/m50.lv\/lv\/wp-json\/wp\/v2\/product"}],"about":[{"href":"https:\/\/m50.lv\/lv\/wp-json\/wp\/v2\/types\/product"}],"version-history":[{"count":0,"href":"https:\/\/m50.lv\/lv\/wp-json\/wp\/v2\/product\/186980\/revisions"}],"wp:featuredmedia":[{"embeddable":true,"href":"https:\/\/m50.lv\/lv\/wp-json\/wp\/v2\/media\/186969"}],"wp:attachment":[{"href":"https:\/\/m50.lv\/lv\/wp-json\/wp\/v2\/media?parent=186980"}],"wp:term":[{"taxonomy":"pwb-brand","embeddable":true,"href":"https:\/\/m50.lv\/lv\/wp-json\/wp\/v2\/pwb-brand?post=186980"},{"taxonomy":"product_cat","embeddable":true,"href":"https:\/\/m50.lv\/lv\/wp-json\/wp\/v2\/product_cat?post=186980"},{"taxonomy":"product_tag","embeddable":true,"href":"https:\/\/m50.lv\/lv\/wp-json\/wp\/v2\/product_tag?post=186980"}],"curies":[{"name":"wp","href":"https:\/\/api.w.org\/{rel}","templated":true}]}}