{"id":187046,"date":"2025-11-24T19:53:15","date_gmt":"2025-11-24T17:53:15","guid":{"rendered":"https:\/\/m50.lv\/product\/24bottles-kruze-ar-salminu-800ml-mocha\/"},"modified":"2026-04-23T14:43:30","modified_gmt":"2026-04-23T12:43:30","slug":"24bottles-kruze-ar-salminu-800ml-mocha","status":"publish","type":"product","link":"https:\/\/m50.lv\/lv\/product\/24bottles-kruze-ar-salminu-800ml-mocha\/","title":{"rendered":"24Bottles Kr\u016bze ar salmi\u0146u 800ml | Mocha"},"content":{"rendered":"","protected":false},"excerpt":{"rendered":"<p style=\"text-align: center;\">Kr\u016bze ar salmi\u0146u ir rad\u012bta biroja darbiniekiem, datorsp\u0113\u013cu sp\u0113l\u0113t\u0101jiem un jogas cien\u012bt\u0101jiem. T\u0101 paredz\u0113ta \u0113rtai malko\u0161anai pie rakst\u0101mgalda, sp\u0113\u013cu maratonu laik\u0101 vai esot ce\u013c\u0101, un t\u0101s pamatne ir piem\u0113rota lieto\u0161anai automa\u0161\u012bn\u0101, nodro\u0161inot \u0113rtu l\u012bdz\u0146em\u0161anu.<\/p>\n","protected":false},"featured_media":187023,"template":"","meta":{"_jet_sm_ready_style":"","_jet_sm_style":"","_jet_sm_controls_values":"","_jet_sm_fonts_collection":"","_jet_sm_fonts_links":""},"pwb-brand":[1251],"product_cat":[202,1550],"product_tag":[1575],"class_list":{"0":"post-187046","1":"product","2":"type-product","3":"status-publish","4":"has-post-thumbnail","6":"pwb-brand-24bottles-lv","7":"product_cat-24bottles-lv","8":"product_cat-straw-cup","9":"product_tag-m50-favoriti","11":"first","12":"instock","13":"taxable","14":"shipping-taxable","15":"purchasable","16":"product-type-simple"},"raw_content":{"name":"24Bottles Kr\u016bze ar salmi\u0146u 800ml | Mocha","description":"","short_description":"<p style=\"text-align: center;\">Kr\u016bze ar salmi\u0146u ir rad\u012bta biroja darbiniekiem, datorsp\u0113\u013cu sp\u0113l\u0113t\u0101jiem un jogas cien\u012bt\u0101jiem. T\u0101 paredz\u0113ta \u0113rtai malko\u0161anai pie rakst\u0101mgalda, sp\u0113\u013cu maratonu laik\u0101 vai esot ce\u013c\u0101, un t\u0101s pamatne ir piem\u0113rota lieto\u0161anai automa\u0161\u012bn\u0101, nodro\u0161inot \u0113rtu l\u012bdz\u0146em\u0161anu.<\/p>","status":"publish","sku":"straw-cup-800-mocha","original":186986},"wpml":{"translation_type":1,"has_translations":true,"original":186986,"duplicates":[],"translations":{"lv":187046,"en":186986}},"brands":[{"id":1251,"name":"24Bottles","slug":"24bottles-lv"}],"_links":{"self":[{"href":"https:\/\/m50.lv\/lv\/wp-json\/wp\/v2\/product\/187046","targetHints":{"allow":["GET"]}}],"collection":[{"href":"https:\/\/m50.lv\/lv\/wp-json\/wp\/v2\/product"}],"about":[{"href":"https:\/\/m50.lv\/lv\/wp-json\/wp\/v2\/types\/product"}],"version-history":[{"count":0,"href":"https:\/\/m50.lv\/lv\/wp-json\/wp\/v2\/product\/187046\/revisions"}],"wp:featuredmedia":[{"embeddable":true,"href":"https:\/\/m50.lv\/lv\/wp-json\/wp\/v2\/media\/187023"}],"wp:attachment":[{"href":"https:\/\/m50.lv\/lv\/wp-json\/wp\/v2\/media?parent=187046"}],"wp:term":[{"taxonomy":"pwb-brand","embeddable":true,"href":"https:\/\/m50.lv\/lv\/wp-json\/wp\/v2\/pwb-brand?post=187046"},{"taxonomy":"product_cat","embeddable":true,"href":"https:\/\/m50.lv\/lv\/wp-json\/wp\/v2\/product_cat?post=187046"},{"taxonomy":"product_tag","embeddable":true,"href":"https:\/\/m50.lv\/lv\/wp-json\/wp\/v2\/product_tag?post=187046"}],"curies":[{"name":"wp","href":"https:\/\/api.w.org\/{rel}","templated":true}]}}