{"id":187047,"date":"2025-11-24T19:54:22","date_gmt":"2025-11-24T17:54:22","guid":{"rendered":"https:\/\/m50.lv\/product\/24bottles-pudele-ar-rokturi-730ml-dusk\/"},"modified":"2026-04-24T14:56:05","modified_gmt":"2026-04-24T12:56:05","slug":"24bottles-pudele-ar-rokturi-730ml-dusk","status":"publish","type":"product","link":"https:\/\/m50.lv\/lv\/product\/24bottles-pudele-ar-rokturi-730ml-dusk\/","title":{"rendered":"24Bottles Pudele ar rokturi 730ml | Dusk"},"content":{"rendered":"","protected":false},"excerpt":{"rendered":"<p style=\"text-align: center;\">Tiem, kas v\u0113las maksim\u0101lu daudzpus\u012bbu jebkuros apst\u0101k\u013cos. Termopudele ir apr\u012bkota ar \u0113rtu rokturi un caursp\u012bd\u012bgu iek\u0161\u0113jo v\u0101ci\u0146u, kas atvieglo t\u012br\u012b\u0161anu un \u013cauj uzreiz redz\u0113t dz\u0113riena saturu \u2014 ide\u0101li piem\u0113rota piedz\u012bvojumiem br\u012bv\u0101 dab\u0101, uzl\u0113jumiem vai vienk\u0101r\u0161i \u0113rt\u0101kai ikdienai.<\/p>\n","protected":false},"featured_media":187011,"template":"","meta":{"_jet_sm_ready_style":"","_jet_sm_style":"","_jet_sm_controls_values":"","_jet_sm_fonts_collection":"","_jet_sm_fonts_links":""},"pwb-brand":[1251],"product_cat":[202,1551],"product_tag":[1562],"class_list":{"0":"post-187047","1":"product","2":"type-product","3":"status-publish","4":"has-post-thumbnail","6":"pwb-brand-24bottles-lv","7":"product_cat-24bottles-lv","8":"product_cat-spin-bottle","9":"product_tag-valentindienas-davanas","11":"first","12":"instock","13":"taxable","14":"shipping-taxable","15":"purchasable","16":"product-type-simple"},"raw_content":{"name":"24Bottles Pudele ar rokturi 730ml | Dusk","description":"","short_description":"<p style=\"text-align: center;\">Tiem, kas v\u0113las maksim\u0101lu daudzpus\u012bbu jebkuros apst\u0101k\u013cos. Termopudele ir apr\u012bkota ar \u0113rtu rokturi un caursp\u012bd\u012bgu iek\u0161\u0113jo v\u0101ci\u0146u, kas atvieglo t\u012br\u012b\u0161anu un \u013cauj uzreiz redz\u0113t dz\u0113riena saturu \u2014 ide\u0101li piem\u0113rota piedz\u012bvojumiem br\u012bv\u0101 dab\u0101, uzl\u0113jumiem vai vienk\u0101r\u0161i \u0113rt\u0101kai ikdienai.<\/p>","status":"publish","sku":"spin-730ml-dusk","original":186989},"wpml":{"translation_type":1,"has_translations":true,"original":186989,"duplicates":[],"translations":{"lv":187047,"en":186989}},"brands":[{"id":1251,"name":"24Bottles","slug":"24bottles-lv"}],"_links":{"self":[{"href":"https:\/\/m50.lv\/lv\/wp-json\/wp\/v2\/product\/187047","targetHints":{"allow":["GET"]}}],"collection":[{"href":"https:\/\/m50.lv\/lv\/wp-json\/wp\/v2\/product"}],"about":[{"href":"https:\/\/m50.lv\/lv\/wp-json\/wp\/v2\/types\/product"}],"version-history":[{"count":0,"href":"https:\/\/m50.lv\/lv\/wp-json\/wp\/v2\/product\/187047\/revisions"}],"wp:featuredmedia":[{"embeddable":true,"href":"https:\/\/m50.lv\/lv\/wp-json\/wp\/v2\/media\/187011"}],"wp:attachment":[{"href":"https:\/\/m50.lv\/lv\/wp-json\/wp\/v2\/media?parent=187047"}],"wp:term":[{"taxonomy":"pwb-brand","embeddable":true,"href":"https:\/\/m50.lv\/lv\/wp-json\/wp\/v2\/pwb-brand?post=187047"},{"taxonomy":"product_cat","embeddable":true,"href":"https:\/\/m50.lv\/lv\/wp-json\/wp\/v2\/product_cat?post=187047"},{"taxonomy":"product_tag","embeddable":true,"href":"https:\/\/m50.lv\/lv\/wp-json\/wp\/v2\/product_tag?post=187047"}],"curies":[{"name":"wp","href":"https:\/\/api.w.org\/{rel}","templated":true}]}}