{"id":187619,"date":"2025-12-09T08:38:06","date_gmt":"2025-12-09T06:38:06","guid":{"rendered":"https:\/\/m50.lv\/product\/m50-x-zane-veldre-unisex-t-krekls-zivis-smilskrasas\/"},"modified":"2026-03-19T10:16:25","modified_gmt":"2026-03-19T08:16:25","slug":"m50-x-zane-veldre-unisex-t-krekls-zivis-smilskrasas","status":"publish","type":"product","link":"https:\/\/m50.lv\/lv\/product\/m50-x-zane-veldre-unisex-t-krekls-zivis-smilskrasas\/","title":{"rendered":"M50 x Zane Veldre Unisex T krekls &#8220;Zivis&#8221; | Smil\u0161kr\u0101sas"},"content":{"rendered":"<p style=\"text-align: left;\">\u0160is T krekls ra\u017eots no augstas kvalit\u0101tes 100% organiskas un PETA sertific\u0113tas kokvilnas. M\u012bksts un \u0113rts klasiska unisex mode\u013ca T krekls, ra\u017eots ES, druk\u0101ts R\u012bg\u0101.<\/p>\n<p style=\"text-align: left;\">Ieteicams mazg\u0101t 30C gr\u0101du temperat\u016br\u0101, izgrie\u017eot iek\u0161pusi uz \u0101ru, neizmantot autom\u0101tisko \u017e\u0101v\u0113t\u0101ju.<\/p>\n<p style=\"text-align: left;\">Auduma bl\u012bvums: 180 G\/M\u00b2<\/p>\n","protected":false},"excerpt":{"rendered":"<p style=\"text-align: center;\">\u0112rts un stil\u012bgs unisex T-krekls no 100% organisk\u0101s kokvilnas. Dizainu rot\u0101 akvare\u013ctehnik\u0101 z\u012bm\u0113tas zivis, kas sastopamas Latvijas ezeros un up\u0113s. Dabai draudz\u012bgs un iedvesmots no Latvijas \u016bde\u0146u skaistuma.<\/p>\n","protected":false},"featured_media":187558,"template":"","meta":{"_jet_sm_ready_style":"","_jet_sm_style":"","_jet_sm_controls_values":"","_jet_sm_fonts_collection":"","_jet_sm_fonts_links":""},"pwb-brand":[1281,1286],"product_cat":[102,105,107,104,103],"product_tag":[1577,1200,1563,845,1436],"class_list":{"0":"post-187619","1":"product","2":"type-product","3":"status-publish","4":"has-post-thumbnail","6":"pwb-brand-m50-x-zane-veldre-lv","7":"pwb-brand-zane-veldre-lv","8":"product_cat-apgerbs","9":"product_cat-sievietem","10":"product_cat-t-krekli-sievietem","11":"product_cat-t-krekli","12":"product_cat-viriesiem","13":"product_tag-latvija","14":"product_tag-m50-t-krekli","15":"product_tag-man-t-shirt","16":"product_tag-t-krekli","17":"product_tag-t-shirt-lv","19":"first","20":"instock","21":"taxable","22":"shipping-taxable","23":"purchasable","24":"product-type-variable"},"raw_content":{"name":"M50 x Zane Veldre Unisex T krekls \"Zivis\" | Smil\u0161kr\u0101sas","description":"<p style=\"text-align: left;\">\u0160is T krekls ra\u017eots no augstas kvalit\u0101tes 100% organiskas un PETA sertific\u0113tas kokvilnas. M\u012bksts un \u0113rts klasiska unisex mode\u013ca T krekls, ra\u017eots ES, druk\u0101ts R\u012bg\u0101.<\/p>\r\n<p style=\"text-align: left;\">Ieteicams mazg\u0101t 30C gr\u0101du temperat\u016br\u0101, izgrie\u017eot iek\u0161pusi uz \u0101ru, neizmantot autom\u0101tisko \u017e\u0101v\u0113t\u0101ju.<\/p>\r\n<p style=\"text-align: left;\">Auduma bl\u012bvums: 180 G\/M\u00b2<\/p>","short_description":"<p style=\"text-align: center;\">\u0112rts un stil\u012bgs unisex T-krekls no 100% organisk\u0101s kokvilnas. Dizainu rot\u0101 akvare\u013ctehnik\u0101 z\u012bm\u0113tas zivis, kas sastopamas Latvijas ezeros un up\u0113s. Dabai draudz\u012bgs un iedvesmots no Latvijas \u016bde\u0146u skaistuma.<\/p>","status":"publish","sku":"M50xZaneVeldre-Fish-Sand","original":187506},"wpml":{"translation_type":1,"has_translations":true,"original":187506,"duplicates":[],"translations":{"lv":187619,"en":187506}},"brands":[{"id":1281,"name":"M50 x Zane Veldre","slug":"m50-x-zane-veldre-lv"},{"id":1286,"name":"Zane Veldre","slug":"zane-veldre-lv"}],"_links":{"self":[{"href":"https:\/\/m50.lv\/lv\/wp-json\/wp\/v2\/product\/187619","targetHints":{"allow":["GET"]}}],"collection":[{"href":"https:\/\/m50.lv\/lv\/wp-json\/wp\/v2\/product"}],"about":[{"href":"https:\/\/m50.lv\/lv\/wp-json\/wp\/v2\/types\/product"}],"version-history":[{"count":0,"href":"https:\/\/m50.lv\/lv\/wp-json\/wp\/v2\/product\/187619\/revisions"}],"wp:featuredmedia":[{"embeddable":true,"href":"https:\/\/m50.lv\/lv\/wp-json\/wp\/v2\/media\/187558"}],"wp:attachment":[{"href":"https:\/\/m50.lv\/lv\/wp-json\/wp\/v2\/media?parent=187619"}],"wp:term":[{"taxonomy":"pwb-brand","embeddable":true,"href":"https:\/\/m50.lv\/lv\/wp-json\/wp\/v2\/pwb-brand?post=187619"},{"taxonomy":"product_cat","embeddable":true,"href":"https:\/\/m50.lv\/lv\/wp-json\/wp\/v2\/product_cat?post=187619"},{"taxonomy":"product_tag","embeddable":true,"href":"https:\/\/m50.lv\/lv\/wp-json\/wp\/v2\/product_tag?post=187619"}],"curies":[{"name":"wp","href":"https:\/\/api.w.org\/{rel}","templated":true}]}}