{"id":187628,"date":"2025-12-09T09:11:12","date_gmt":"2025-12-09T07:11:12","guid":{"rendered":"https:\/\/m50.lv\/product\/m50-dzemperis-ar-kapuci-i-see-you-peleks\/"},"modified":"2026-03-10T15:52:03","modified_gmt":"2026-03-10T13:52:03","slug":"m50-dzemperis-ar-kapuci-i-see-you-peleks","status":"publish","type":"product","link":"https:\/\/m50.lv\/lv\/product\/m50-dzemperis-ar-kapuci-i-see-you-peleks\/","title":{"rendered":"M50 D\u017eemperis ar kapuci | I See You | Pel\u0113ks"},"content":{"rendered":"<p style=\"text-align: left;\">Izgatavots no sertific\u0113tas organisk\u0101s kokvilnas, tas ir m\u012bksts, elpojo\u0161s un paredz\u0113ts ikdienas valk\u0101\u0161anai.<\/p>\n<p style=\"text-align: left;\">Modele ir 1.78m gara un mugur\u0101 vi\u0146ai ir S izm\u0113ra d\u017eeperis.<br \/>\nSast\u0101vs: 85% KOKVILNA, 15% POLIESTERS \u2013 P\u0100RSTR\u0100D\u0100TS, 350 G\/M\u00b2<\/p>\n","protected":false},"excerpt":{"rendered":"<p style=\"text-align: center;\">D\u017eemperis ar kapuci, kura muguru rot\u0101 iz\u0161\u016bta acs, apvieno ikdienas komfortu ar izteiksm\u012bgu vizu\u0101lo elementu. Organisk\u0101s kokvilnas audums un univers\u0101lais piegriezums padara to par p\u0101rliecino\u0161u akcentu garderob\u0113 \u2014 gan stils, gan kvalit\u0101te vien\u0101 gabal\u0101. Redzi vair\u0101k nek\u0101 tikai ac\u012bm tveram!<\/p>\n","protected":false},"featured_media":187523,"template":"","meta":{"_jet_sm_ready_style":"","_jet_sm_style":"","_jet_sm_controls_values":"","_jet_sm_fonts_collection":"","_jet_sm_fonts_links":""},"pwb-brand":[1249],"product_cat":[102,201,199,733,105,103],"product_tag":[1575],"class_list":{"0":"post-187628","1":"product","2":"type-product","3":"status-publish","4":"has-post-thumbnail","6":"pwb-brand-m50-lv","7":"product_cat-apgerbs","8":"product_cat-dzemperi-lv","9":"product_cat-dzemperi","10":"product_cat-m50","11":"product_cat-sievietem","12":"product_cat-viriesiem","13":"product_tag-m50-favoriti","15":"first","16":"instock","17":"taxable","18":"shipping-taxable","19":"purchasable","20":"product-type-variable"},"raw_content":{"name":"M50 D\u017eemperis ar kapuci | I See You | Pel\u0113ks","description":"<p style=\"text-align: left;\">Izgatavots no sertific\u0113tas organisk\u0101s kokvilnas, tas ir m\u012bksts, elpojo\u0161s un paredz\u0113ts ikdienas valk\u0101\u0161anai.<\/p>\r\n<p style=\"text-align: left;\">Modele ir 1.78m gara un mugur\u0101 vi\u0146ai ir S izm\u0113ra d\u017eeperis.\r\nSast\u0101vs: 85% KOKVILNA, 15% POLIESTERS \u2013 P\u0100RSTR\u0100D\u0100TS, 350 G\/M\u00b2<\/p>","short_description":"<p style=\"text-align: center;\">D\u017eemperis ar kapuci, kura muguru rot\u0101 iz\u0161\u016bta acs, apvieno ikdienas komfortu ar izteiksm\u012bgu vizu\u0101lo elementu. Organisk\u0101s kokvilnas audums un univers\u0101lais piegriezums padara to par p\u0101rliecino\u0161u akcentu garderob\u0113 \u2014 gan stils, gan kvalit\u0101te vien\u0101 gabal\u0101. Redzi vair\u0101k nek\u0101 tikai ac\u012bm tveram!<\/p>","status":"publish","sku":"M50Hoodie-ISeeYou-Grey","original":187569},"wpml":{"translation_type":1,"has_translations":true,"original":187569,"duplicates":[],"translations":{"lv":187628,"en":187569}},"brands":[{"id":1249,"name":"M50","slug":"m50-lv"}],"_links":{"self":[{"href":"https:\/\/m50.lv\/lv\/wp-json\/wp\/v2\/product\/187628","targetHints":{"allow":["GET"]}}],"collection":[{"href":"https:\/\/m50.lv\/lv\/wp-json\/wp\/v2\/product"}],"about":[{"href":"https:\/\/m50.lv\/lv\/wp-json\/wp\/v2\/types\/product"}],"version-history":[{"count":0,"href":"https:\/\/m50.lv\/lv\/wp-json\/wp\/v2\/product\/187628\/revisions"}],"wp:featuredmedia":[{"embeddable":true,"href":"https:\/\/m50.lv\/lv\/wp-json\/wp\/v2\/media\/187523"}],"wp:attachment":[{"href":"https:\/\/m50.lv\/lv\/wp-json\/wp\/v2\/media?parent=187628"}],"wp:term":[{"taxonomy":"pwb-brand","embeddable":true,"href":"https:\/\/m50.lv\/lv\/wp-json\/wp\/v2\/pwb-brand?post=187628"},{"taxonomy":"product_cat","embeddable":true,"href":"https:\/\/m50.lv\/lv\/wp-json\/wp\/v2\/product_cat?post=187628"},{"taxonomy":"product_tag","embeddable":true,"href":"https:\/\/m50.lv\/lv\/wp-json\/wp\/v2\/product_tag?post=187628"}],"curies":[{"name":"wp","href":"https:\/\/api.w.org\/{rel}","templated":true}]}}