{"id":187635,"date":"2025-12-09T09:06:58","date_gmt":"2025-12-09T07:06:58","guid":{"rendered":"https:\/\/m50.lv\/product\/m50-briva-piegriezuma-ziemassvetku-dzemperis-balts\/"},"modified":"2026-01-24T16:31:36","modified_gmt":"2026-01-24T14:31:36","slug":"m50-briva-piegriezuma-ziemassvetku-dzemperis-balts","status":"publish","type":"product","link":"https:\/\/m50.lv\/lv\/product\/m50-briva-piegriezuma-ziemassvetku-dzemperis-balts\/","title":{"rendered":"M50 Br\u012bva Piegriezuma Ziemassv\u0113tku d\u017eemperis | Balts"},"content":{"rendered":"<p style=\"text-align: left;\">Izgatavots no sertific\u0113tas organisk\u0101s kokvilnas, tas ir m\u012bksts, elpojo\u0161s un paredz\u0113ts ikdienas valk\u0101\u0161anai.<\/p>\n<p style=\"text-align: left;\">Modele ir 1.81m gara un mugur\u0101 vi\u0146ai ir S izm\u0113ra d\u017eeperis. Iesak\u0101m izv\u0113l\u0113ties vienu izm\u0113ru maz\u0101ku!<\/p>\n<p style=\"text-align: left;\">Sast\u0101vs: 85% KOKVILNA, 15% POLIESTERS \u2013 P\u0100RSTR\u0100D\u0100TS, 350 G\/M\u00b2<\/p>\n","protected":false},"excerpt":{"rendered":"<p style=\"text-align: center;\">Organisk\u0101s kokvilnas unisex d\u017eemperis ar m\u016bsu iecien\u012bt\u0101kajiem Ziemassv\u0113tku simboliem apvieno komfortu, stilu un ilgtsp\u0113j\u012bbu vien\u0101 ide\u0101l\u0101 gabal\u0101.<\/p>\n","protected":false},"featured_media":187539,"template":"","meta":{"_jet_sm_ready_style":"","_jet_sm_style":"","_jet_sm_controls_values":"","_jet_sm_fonts_collection":"","_jet_sm_fonts_links":""},"pwb-brand":[1249],"product_cat":[102,193,199,201,105,103],"product_tag":[1543],"class_list":{"0":"post-187635","1":"product","2":"type-product","3":"status-publish","4":"has-post-thumbnail","6":"pwb-brand-m50-lv","7":"product_cat-apgerbs","8":"product_cat-davanas","9":"product_cat-dzemperi","10":"product_cat-dzemperi-lv","11":"product_cat-sievietem","12":"product_cat-viriesiem","13":"product_tag-ziemassvetku-dzemperis","15":"first","16":"instock","17":"sale","18":"taxable","19":"shipping-taxable","20":"purchasable","21":"product-type-variable"},"raw_content":{"name":"M50 Br\u012bva Piegriezuma Ziemassv\u0113tku d\u017eemperis | Balts","description":"<p style=\"text-align: left;\">Izgatavots no sertific\u0113tas organisk\u0101s kokvilnas, tas ir m\u012bksts, elpojo\u0161s un paredz\u0113ts ikdienas valk\u0101\u0161anai.<\/p>\r\n<p style=\"text-align: left;\">Modele ir 1.81m gara un mugur\u0101 vi\u0146ai ir S izm\u0113ra d\u017eeperis. Iesak\u0101m izv\u0113l\u0113ties vienu izm\u0113ru maz\u0101ku!<\/p>\r\n<p style=\"text-align: left;\">Sast\u0101vs: 85% KOKVILNA, 15% POLIESTERS \u2013 P\u0100RSTR\u0100D\u0100TS, 350 G\/M\u00b2<\/p>","short_description":"<p style=\"text-align: center;\">Organisk\u0101s kokvilnas unisex d\u017eemperis ar m\u016bsu iecien\u012bt\u0101kajiem Ziemassv\u0113tku simboliem apvieno komfortu, stilu un ilgtsp\u0113j\u012bbu vien\u0101 ide\u0101l\u0101 gabal\u0101.<\/p>","status":"publish","sku":"M50-relaxed-Christmas-Sweater-White","original":187567},"wpml":{"translation_type":1,"has_translations":true,"original":187567,"duplicates":[],"translations":{"lv":187635,"en":187567}},"brands":[{"id":1249,"name":"M50","slug":"m50-lv"}],"_links":{"self":[{"href":"https:\/\/m50.lv\/lv\/wp-json\/wp\/v2\/product\/187635","targetHints":{"allow":["GET"]}}],"collection":[{"href":"https:\/\/m50.lv\/lv\/wp-json\/wp\/v2\/product"}],"about":[{"href":"https:\/\/m50.lv\/lv\/wp-json\/wp\/v2\/types\/product"}],"version-history":[{"count":0,"href":"https:\/\/m50.lv\/lv\/wp-json\/wp\/v2\/product\/187635\/revisions"}],"wp:featuredmedia":[{"embeddable":true,"href":"https:\/\/m50.lv\/lv\/wp-json\/wp\/v2\/media\/187539"}],"wp:attachment":[{"href":"https:\/\/m50.lv\/lv\/wp-json\/wp\/v2\/media?parent=187635"}],"wp:term":[{"taxonomy":"pwb-brand","embeddable":true,"href":"https:\/\/m50.lv\/lv\/wp-json\/wp\/v2\/pwb-brand?post=187635"},{"taxonomy":"product_cat","embeddable":true,"href":"https:\/\/m50.lv\/lv\/wp-json\/wp\/v2\/product_cat?post=187635"},{"taxonomy":"product_tag","embeddable":true,"href":"https:\/\/m50.lv\/lv\/wp-json\/wp\/v2\/product_tag?post=187635"}],"curies":[{"name":"wp","href":"https:\/\/api.w.org\/{rel}","templated":true}]}}