{"id":187982,"date":"2025-12-10T21:17:24","date_gmt":"2025-12-10T19:17:24","guid":{"rendered":"https:\/\/m50.lv\/product\/laimigais-kalendars-planotajs-you-got-this-girl-2026\/"},"modified":"2025-12-10T21:17:24","modified_gmt":"2025-12-10T19:17:24","slug":"laimigais-kalendars-planotajs-you-got-this-girl-2026","status":"publish","type":"product","link":"https:\/\/m50.lv\/lv\/product\/laimigais-kalendars-planotajs-you-got-this-girl-2026\/","title":{"rendered":"Laim\u012bgais Kalend\u0101rs \u2013 pl\u0101not\u0101js | You got this girl 2026"},"content":{"rendered":"<p>\u0160is pl\u0101not\u0101js ir piem\u0113rots gan skol\u0113niem septembr\u012b, gan cilv\u0113kiem, kuriem pat\u012bk s\u0101kt pl\u0101not gada s\u0101kum\u0101. Pl\u0101not\u0101ja galvenais m\u0113r\u0137is ir padar\u012bt j\u016bs laim\u012bg\u0101kus un apzin\u0101ties katras dienas v\u0113rt\u012bbu. M\u0113s esam izm\u0113\u0123in\u0101ju\u0161i da\u017e\u0101das metodes un secin\u0101ju\u0161i, ka cilv\u0113ki ir laim\u012bg\u0101ki, kad ikdien\u0101 piefiks\u0113 priec\u012bgos s\u012bkumus, kas padara tos gada beig\u0101s laim\u012bg\u0101kus.<br \/>\nJanv\u0101ris 2026 \u2013 decembris 2026<br \/>\nPl\u0101not\u0101ja izm\u0113rs: 15\u00d722 cm<\/p>\n","protected":false},"excerpt":{"rendered":"<p style=\"text-align: center;\">Vis\u0101m tav\u0101m ikdienas aktivit\u0101t\u0113m, cer\u012bb\u0101m un sap\u0146iem. Ned\u0113\u013cas uzdevumu pierakst\u012b\u0161anai ir daudz vietas. Turkl\u0101t ir lapas, kur\u0101s atskat\u012bties un analiz\u0113t savus pan\u0101kumus.<\/p>\n","protected":false},"featured_media":187811,"template":"","meta":{"_jet_sm_ready_style":"","_jet_sm_style":"","_jet_sm_controls_values":"","_jet_sm_fonts_collection":"","_jet_sm_fonts_links":""},"pwb-brand":[1266],"product_cat":[193,779],"product_tag":[1558],"class_list":{"0":"post-187982","1":"product","2":"type-product","3":"status-publish","4":"has-post-thumbnail","6":"pwb-brand-seik-lv","7":"product_cat-davanas","8":"product_cat-planotaji","9":"product_tag-kalendari-un-planotaji","11":"first","12":"outofstock","13":"taxable","14":"shipping-taxable","15":"purchasable","16":"product-type-simple"},"raw_content":{"name":"Laim\u012bgais Kalend\u0101rs \u2013 pl\u0101not\u0101js | You got this girl 2026","description":"<p>\u0160is pl\u0101not\u0101js ir piem\u0113rots gan skol\u0113niem septembr\u012b, gan cilv\u0113kiem, kuriem pat\u012bk s\u0101kt pl\u0101not gada s\u0101kum\u0101. Pl\u0101not\u0101ja galvenais m\u0113r\u0137is ir padar\u012bt j\u016bs laim\u012bg\u0101kus un apzin\u0101ties katras dienas v\u0113rt\u012bbu. M\u0113s esam izm\u0113\u0123in\u0101ju\u0161i da\u017e\u0101das metodes un secin\u0101ju\u0161i, ka cilv\u0113ki ir laim\u012bg\u0101ki, kad ikdien\u0101 piefiks\u0113 priec\u012bgos s\u012bkumus, kas padara tos gada beig\u0101s laim\u012bg\u0101kus.<br \/>\r\nJanv\u0101ris 2026 \u2013 decembris 2026<br \/>\r\nPl\u0101not\u0101ja izm\u0113rs: 15\u00d722 cm<\/p>\r\n","short_description":"<p style=\"text-align: center;\">Vis\u0101m tav\u0101m ikdienas aktivit\u0101t\u0113m, cer\u012bb\u0101m un sap\u0146iem. Ned\u0113\u013cas uzdevumu pierakst\u012b\u0161anai ir daudz vietas. Turkl\u0101t ir lapas, kur\u0101s atskat\u012bties un analiz\u0113t savus pan\u0101kumus.<\/p>","status":"publish","sku":"seik-2026-you-girl","original":187779},"wpml":{"translation_type":1,"has_translations":true,"original":187779,"duplicates":[],"translations":{"lv":187982,"en":187779}},"brands":[{"id":1266,"name":"SEIK","slug":"seik-lv"}],"_links":{"self":[{"href":"https:\/\/m50.lv\/lv\/wp-json\/wp\/v2\/product\/187982","targetHints":{"allow":["GET"]}}],"collection":[{"href":"https:\/\/m50.lv\/lv\/wp-json\/wp\/v2\/product"}],"about":[{"href":"https:\/\/m50.lv\/lv\/wp-json\/wp\/v2\/types\/product"}],"version-history":[{"count":0,"href":"https:\/\/m50.lv\/lv\/wp-json\/wp\/v2\/product\/187982\/revisions"}],"wp:featuredmedia":[{"embeddable":true,"href":"https:\/\/m50.lv\/lv\/wp-json\/wp\/v2\/media\/187811"}],"wp:attachment":[{"href":"https:\/\/m50.lv\/lv\/wp-json\/wp\/v2\/media?parent=187982"}],"wp:term":[{"taxonomy":"pwb-brand","embeddable":true,"href":"https:\/\/m50.lv\/lv\/wp-json\/wp\/v2\/pwb-brand?post=187982"},{"taxonomy":"product_cat","embeddable":true,"href":"https:\/\/m50.lv\/lv\/wp-json\/wp\/v2\/product_cat?post=187982"},{"taxonomy":"product_tag","embeddable":true,"href":"https:\/\/m50.lv\/lv\/wp-json\/wp\/v2\/product_tag?post=187982"}],"curies":[{"name":"wp","href":"https:\/\/api.w.org\/{rel}","templated":true}]}}