{"id":187986,"date":"2025-12-10T21:28:06","date_gmt":"2025-12-10T19:28:06","guid":{"rendered":"https:\/\/m50.lv\/product\/seik-laimigais-galda-kalendars-latvijas-daba-2026\/"},"modified":"2025-12-11T17:58:42","modified_gmt":"2025-12-11T15:58:42","slug":"seik-laimigais-galda-kalendars-latvijas-daba-2026","status":"publish","type":"product","link":"https:\/\/m50.lv\/lv\/product\/seik-laimigais-galda-kalendars-latvijas-daba-2026\/","title":{"rendered":"SEIK LAIM\u012aGAIS GALDA KALEND\u0100RS | Latvijas daba 2026"},"content":{"rendered":"<p>Kalend\u0101r\u0101 ir katrai dienai nelieli izaicin\u0101jumi, kas b\u016bs piem\u0113roti ikvienam. Bet, ja, piem\u0113ram, nav sniega, bet kalend\u0101rs v\u0113sta, ka j\u0101taisa sniegav\u012brs, esiet rado\u0161i un uztaisiet to no pap\u012bra vai dariet ko citu, piem\u0113ram, labdar\u012bbai. Gada laik\u0101 j\u016bs un j\u016bsu \u0123imene kop\u0101 rad\u012bsiet daudz aizraujo\u0161u atmi\u0146u.<br \/>\n13 m\u0113ne\u0161i: Decembris 25 \u2013 decembris 26<br \/>\nGalda kalend\u0101ram ir koka pamatne ar izm\u0113riem 180\u00d7100 mm. Tas ir druk\u0101ts uz augstas kvalit\u0101tes pap\u012bra.<\/p>\n","protected":false},"excerpt":{"rendered":"<p style=\"text-align: center;\">M\u0113s aicin\u0101m j\u016bs doties piedz\u012bvojum\u0101, kas gada garum\u0101 pal\u012bdz\u0113s izaicin\u0101t sevi un dabu, ieraudz\u012bt vair\u0101k pozit\u012bv\u0101 un ar vienk\u0101r\u0161iem ikdienas so\u013ciem r\u016bp\u0113ties par apk\u0101rt\u0113jo vidi.<\/p>\n","protected":false},"featured_media":187851,"template":"","meta":{"_jet_sm_ready_style":"","_jet_sm_style":"","_jet_sm_controls_values":"","_jet_sm_fonts_collection":"","_jet_sm_fonts_links":""},"pwb-brand":[1266],"product_cat":[193,779],"product_tag":[],"class_list":{"0":"post-187986","1":"product","2":"type-product","3":"status-publish","4":"has-post-thumbnail","6":"pwb-brand-seik-lv","7":"product_cat-davanas","8":"product_cat-planotaji","10":"first","11":"outofstock","12":"taxable","13":"shipping-taxable","14":"purchasable","15":"product-type-simple"},"raw_content":{"name":"SEIK LAIM\u012aGAIS GALDA KALEND\u0100RS | Latvijas daba 2026","description":"<p>Kalend\u0101r\u0101 ir katrai dienai nelieli izaicin\u0101jumi, kas b\u016bs piem\u0113roti ikvienam. Bet, ja, piem\u0113ram, nav sniega, bet kalend\u0101rs v\u0113sta, ka j\u0101taisa sniegav\u012brs, esiet rado\u0161i un uztaisiet to no pap\u012bra vai dariet ko citu, piem\u0113ram, labdar\u012bbai. Gada laik\u0101 j\u016bs un j\u016bsu \u0123imene kop\u0101 rad\u012bsiet daudz aizraujo\u0161u atmi\u0146u.<br \/>\r\n13 m\u0113ne\u0161i: Decembris 25 \u2013 decembris 26<br \/>\r\nGalda kalend\u0101ram ir koka pamatne ar izm\u0113riem 180\u00d7100 mm. Tas ir druk\u0101ts uz augstas kvalit\u0101tes pap\u012bra.<\/p>\r\n","short_description":"<p style=\"text-align: center;\">M\u0113s aicin\u0101m j\u016bs doties piedz\u012bvojum\u0101, kas gada garum\u0101 pal\u012bdz\u0113s izaicin\u0101t sevi un dabu, ieraudz\u012bt vair\u0101k pozit\u012bv\u0101 un ar vienk\u0101r\u0161iem ikdienas so\u013ciem r\u016bp\u0113ties par apk\u0101rt\u0113jo vidi.<\/p>","status":"publish","sku":"seik-2026-galda-daba","original":187782},"wpml":{"translation_type":1,"has_translations":true,"original":187782,"duplicates":[],"translations":{"lv":187986,"en":187782}},"brands":[{"id":1266,"name":"SEIK","slug":"seik-lv"}],"_links":{"self":[{"href":"https:\/\/m50.lv\/lv\/wp-json\/wp\/v2\/product\/187986","targetHints":{"allow":["GET"]}}],"collection":[{"href":"https:\/\/m50.lv\/lv\/wp-json\/wp\/v2\/product"}],"about":[{"href":"https:\/\/m50.lv\/lv\/wp-json\/wp\/v2\/types\/product"}],"version-history":[{"count":0,"href":"https:\/\/m50.lv\/lv\/wp-json\/wp\/v2\/product\/187986\/revisions"}],"wp:featuredmedia":[{"embeddable":true,"href":"https:\/\/m50.lv\/lv\/wp-json\/wp\/v2\/media\/187851"}],"wp:attachment":[{"href":"https:\/\/m50.lv\/lv\/wp-json\/wp\/v2\/media?parent=187986"}],"wp:term":[{"taxonomy":"pwb-brand","embeddable":true,"href":"https:\/\/m50.lv\/lv\/wp-json\/wp\/v2\/pwb-brand?post=187986"},{"taxonomy":"product_cat","embeddable":true,"href":"https:\/\/m50.lv\/lv\/wp-json\/wp\/v2\/product_cat?post=187986"},{"taxonomy":"product_tag","embeddable":true,"href":"https:\/\/m50.lv\/lv\/wp-json\/wp\/v2\/product_tag?post=187986"}],"curies":[{"name":"wp","href":"https:\/\/api.w.org\/{rel}","templated":true}]}}