{"id":187988,"date":"2025-12-10T21:31:42","date_gmt":"2025-12-10T19:31:42","guid":{"rendered":"https:\/\/m50.lv\/product\/seik-laimigais-sienas-kalendars-darbs-un-majas-2026\/"},"modified":"2025-12-11T17:58:41","modified_gmt":"2025-12-11T15:58:41","slug":"seik-laimigais-sienas-kalendars-darbs-un-majas-2026","status":"publish","type":"product","link":"https:\/\/m50.lv\/lv\/product\/seik-laimigais-sienas-kalendars-darbs-un-majas-2026\/","title":{"rendered":"SEIK LAIM\u012aGAIS SIENAS KALEND\u0100RS \u2013 Darbs un m\u0101jas 2026"},"content":{"rendered":"<p>Kalend\u0101r\u0101 ir katrai dienai nelieli izaicin\u0101jumi, kas b\u016bs piem\u0113roti ikvienam. Bet, ja, piem\u0113ram, nav sniega, bet kalend\u0101rs v\u0113sta, ka j\u0101taisa sniegav\u012brs, esiet rado\u0161i un uztaisiet to no pap\u012bra vai dariet ko citu, piem\u0113ram, labdar\u012bbai. Gada laik\u0101 j\u016bs un j\u016bsu \u0123imene kop\u0101 rad\u012bsiet daudz aizraujo\u0161u atmi\u0146u.<br \/>\nK\u0101p\u0113c tas ir lab\u0101kais risin\u0101jums \u0123imen\u0113m un darbam?<br \/>\n5 atsevi\u0161\u0137as kolonnas \u2013 katram dal\u012bbniekam ir sava aile, kur pierakst\u012bt dienas pl\u0101nus, aktivit\u0101tes vai ko citu un, lai ikviens var\u0113tu vienm\u0113r redz\u0113t savus pl\u0101nus.<br \/>\nLiela un p\u0101rskat\u0101ma datuma zona \u2013 daudz vietas piez\u012bm\u0113m.<br \/>\nSkaists dizains \u2013 ikm\u0113ne\u0161a m\u0101ksliniecisk\u0101s deta\u013cas pie\u0161\u0137ir prieku katram m\u0113nesim.<br \/>\nAugstas kvalit\u0101tes pap\u012brs \u2013 Uz t\u0101 ir viegli rakst\u012bt un uz t\u0101 neveidojas tintes traipi.<br \/>\nSv\u0113tku un v\u0101rda dienas \u2013 Kalend\u0101r\u0101 jau ir iek\u013cautas visas svar\u012bg\u0101k\u0101s valsts sv\u0113tku un sv\u0113tku dienas. 12 M\u0112NE\u0160I: 2026 JANV\u0100RIS \u2013 2026 DECEMBRIS<br \/>\nKalend\u0101ra izm\u0113rs: 30\u00d742 cm<\/p>\n","protected":false},"excerpt":{"rendered":"<p style=\"text-align: center;\">M\u0113s aicin\u0101m j\u016bs doties piedz\u012bvojum\u0101, kas gada garum\u0101 pal\u012bdz\u0113s izaicin\u0101t sevi un dabu, ieraudz\u012bt vair\u0101k pozit\u012bv\u0101 un ar vienk\u0101r\u0161iem ikdienas so\u013ciem r\u016bp\u0113ties par apk\u0101rt\u0113jo vidi.<\/p>\n","protected":false},"featured_media":187856,"template":"","meta":{"_jet_sm_ready_style":"","_jet_sm_style":"","_jet_sm_controls_values":"","_jet_sm_fonts_collection":"","_jet_sm_fonts_links":""},"pwb-brand":[1266],"product_cat":[193,779],"product_tag":[1558],"class_list":{"0":"post-187988","1":"product","2":"type-product","3":"status-publish","4":"has-post-thumbnail","6":"pwb-brand-seik-lv","7":"product_cat-davanas","8":"product_cat-planotaji","9":"product_tag-kalendari-un-planotaji","11":"first","12":"outofstock","13":"taxable","14":"shipping-taxable","15":"purchasable","16":"product-type-simple"},"raw_content":{"name":"SEIK LAIM\u012aGAIS SIENAS KALEND\u0100RS \u2013 Darbs un m\u0101jas 2026","description":"<p>Kalend\u0101r\u0101 ir katrai dienai nelieli izaicin\u0101jumi, kas b\u016bs piem\u0113roti ikvienam. Bet, ja, piem\u0113ram, nav sniega, bet kalend\u0101rs v\u0113sta, ka j\u0101taisa sniegav\u012brs, esiet rado\u0161i un uztaisiet to no pap\u012bra vai dariet ko citu, piem\u0113ram, labdar\u012bbai. Gada laik\u0101 j\u016bs un j\u016bsu \u0123imene kop\u0101 rad\u012bsiet daudz aizraujo\u0161u atmi\u0146u.<br \/>\r\nK\u0101p\u0113c tas ir lab\u0101kais risin\u0101jums \u0123imen\u0113m un darbam?<br \/>\r\n5 atsevi\u0161\u0137as kolonnas \u2013 katram dal\u012bbniekam ir sava aile, kur pierakst\u012bt dienas pl\u0101nus, aktivit\u0101tes vai ko citu un, lai ikviens var\u0113tu vienm\u0113r redz\u0113t savus pl\u0101nus.<br \/>\r\nLiela un p\u0101rskat\u0101ma datuma zona \u2013 daudz vietas piez\u012bm\u0113m.<br \/>\r\nSkaists dizains \u2013 ikm\u0113ne\u0161a m\u0101ksliniecisk\u0101s deta\u013cas pie\u0161\u0137ir prieku katram m\u0113nesim.<br \/>\r\nAugstas kvalit\u0101tes pap\u012brs \u2013 Uz t\u0101 ir viegli rakst\u012bt un uz t\u0101 neveidojas tintes traipi.<br \/>\r\nSv\u0113tku un v\u0101rda dienas \u2013 Kalend\u0101r\u0101 jau ir iek\u013cautas visas svar\u012bg\u0101k\u0101s valsts sv\u0113tku un sv\u0113tku dienas. 12 M\u0112NE\u0160I: 2026 JANV\u0100RIS \u2013 2026 DECEMBRIS<br \/>\r\nKalend\u0101ra izm\u0113rs: 30\u00d742 cm<\/p>\r\n","short_description":"<p style=\"text-align: center;\">M\u0113s aicin\u0101m j\u016bs doties piedz\u012bvojum\u0101, kas gada garum\u0101 pal\u012bdz\u0113s izaicin\u0101t sevi un dabu, ieraudz\u012bt vair\u0101k pozit\u012bv\u0101 un ar vienk\u0101r\u0161iem ikdienas so\u013ciem r\u016bp\u0113ties par apk\u0101rt\u0113jo vidi.<\/p>","status":"publish","sku":"seik-2026-sienas","original":187785},"wpml":{"translation_type":1,"has_translations":true,"original":187785,"duplicates":[],"translations":{"lv":187988,"en":187785}},"brands":[{"id":1266,"name":"SEIK","slug":"seik-lv"}],"_links":{"self":[{"href":"https:\/\/m50.lv\/lv\/wp-json\/wp\/v2\/product\/187988","targetHints":{"allow":["GET"]}}],"collection":[{"href":"https:\/\/m50.lv\/lv\/wp-json\/wp\/v2\/product"}],"about":[{"href":"https:\/\/m50.lv\/lv\/wp-json\/wp\/v2\/types\/product"}],"version-history":[{"count":0,"href":"https:\/\/m50.lv\/lv\/wp-json\/wp\/v2\/product\/187988\/revisions"}],"wp:featuredmedia":[{"embeddable":true,"href":"https:\/\/m50.lv\/lv\/wp-json\/wp\/v2\/media\/187856"}],"wp:attachment":[{"href":"https:\/\/m50.lv\/lv\/wp-json\/wp\/v2\/media?parent=187988"}],"wp:term":[{"taxonomy":"pwb-brand","embeddable":true,"href":"https:\/\/m50.lv\/lv\/wp-json\/wp\/v2\/pwb-brand?post=187988"},{"taxonomy":"product_cat","embeddable":true,"href":"https:\/\/m50.lv\/lv\/wp-json\/wp\/v2\/product_cat?post=187988"},{"taxonomy":"product_tag","embeddable":true,"href":"https:\/\/m50.lv\/lv\/wp-json\/wp\/v2\/product_tag?post=187988"}],"curies":[{"name":"wp","href":"https:\/\/api.w.org\/{rel}","templated":true}]}}