{"id":187989,"date":"2025-12-10T21:35:13","date_gmt":"2025-12-10T19:35:13","guid":{"rendered":"https:\/\/m50.lv\/product\/seik-sarunu-kartis-visas-kartis-uz-galda\/"},"modified":"2026-03-18T16:42:06","modified_gmt":"2026-03-18T14:42:06","slug":"seik-sarunu-kartis-visas-kartis-uz-galda","status":"publish","type":"product","link":"https:\/\/m50.lv\/lv\/product\/seik-sarunu-kartis-visas-kartis-uz-galda\/","title":{"rendered":"SEIK Sarunu k\u0101rtis | Visas k\u0101rtis uz galda"},"content":{"rendered":"<p>Sarunu kartis sast\u0101v no 3 aizraujo\u0161iem l\u012bme\u0146iem, ar katru jaunu l\u012bmeni jaut\u0101jumi k\u013c\u016bst arvien dzi\u013c\u0101ki un j\u016bsu savstarp\u0113j\u0101 saikne pieaug. Turkl\u0101t d\u017eokera k\u0101r\u0161u komplekts padar\u012bs j\u016bsu kop\u0101 pavad\u012bto laiku v\u0113l aizraujo\u0161\u0101ku ar interesantiem izaicin\u0101jumiem.<br \/>\nIzm\u0113rs: 18.5 \u00d7 13.5 \u00d7 4 cm<\/p>\n","protected":false},"excerpt":{"rendered":"<p style=\"text-align: center;\">Vai tev k\u0101dreiz ir saj\u016bta, kad tu pavadi laiku kop\u0101 ar saviem m\u012b\u013cajiem, bet paties\u012bb\u0101 tu vi\u0146us tik labi nepaz\u012bsti? Vai tu zini, ko tavs partneris no\u017e\u0113lo? Vai kas iedvesmo tavu lab\u0101ko draugu? Katr\u0101 cilv\u0113k\u0101 ir tik daudz ko atkl\u0101t un tik daudz st\u0101stu, kas sl\u0113pjas vi\u0146os un ar kuriem vi\u0146i nekad nav dal\u012bju\u0161ies. Ta\u010du m\u016bsdienu straujaj\u0101 dz\u012bves ritm\u0101 bie\u017ei vien ir gr\u016bti atrast laiku \u0161\u012bm sarun\u0101m. M\u0113s izveidoj\u0101m sarunu kartis, lai padar\u012btu to nedaudz viegl\u0101ku. Nav svar\u012bgi, vai v\u0113lies atkl\u0101t savu iek\u0161\u0113jo pasauli dz\u012bves partnerim, atrast sarunu t\u0113mas meite\u0146u vakaram vai vienk\u0101r\u0161i pavad\u012bt vakaru ar savu lab\u0101ko draugu un pilnveidot savstarp\u0113jo sapratni \u2013 sarunu kartis var pal\u012bdz\u0113t jums izveidot stipr\u0101ku saikni. Vai esat gatavi izlikt visas savas k\u0101rtis uz galda?<\/p>\n","protected":false},"featured_media":187884,"template":"","meta":{"_jet_sm_ready_style":"","_jet_sm_style":"","_jet_sm_controls_values":"","_jet_sm_fonts_collection":"","_jet_sm_fonts_links":""},"pwb-brand":[1266],"product_cat":[193,1195],"product_tag":[1562],"class_list":{"0":"post-187989","1":"product","2":"type-product","3":"status-publish","4":"has-post-thumbnail","6":"pwb-brand-seik-lv","7":"product_cat-davanas","8":"product_cat-speles-un-kartis","9":"product_tag-valentindienas-davanas","11":"first","12":"instock","13":"taxable","14":"shipping-taxable","15":"purchasable","16":"product-type-simple"},"raw_content":{"name":"SEIK Sarunu k\u0101rtis | Visas k\u0101rtis uz galda","description":"<p>Sarunu kartis sast\u0101v no 3 aizraujo\u0161iem l\u012bme\u0146iem, ar katru jaunu l\u012bmeni jaut\u0101jumi k\u013c\u016bst arvien dzi\u013c\u0101ki un j\u016bsu savstarp\u0113j\u0101 saikne pieaug. Turkl\u0101t d\u017eokera k\u0101r\u0161u komplekts padar\u012bs j\u016bsu kop\u0101 pavad\u012bto laiku v\u0113l aizraujo\u0161\u0101ku ar interesantiem izaicin\u0101jumiem.<br \/>\r\nIzm\u0113rs: 18.5 \u00d7 13.5 \u00d7 4 cm<\/p>\r\n","short_description":"<p style=\"text-align: center;\">Vai tev k\u0101dreiz ir saj\u016bta, kad tu pavadi laiku kop\u0101 ar saviem m\u012b\u013cajiem, bet paties\u012bb\u0101 tu vi\u0146us tik labi nepaz\u012bsti? Vai tu zini, ko tavs partneris no\u017e\u0113lo? Vai kas iedvesmo tavu lab\u0101ko draugu? Katr\u0101 cilv\u0113k\u0101 ir tik daudz ko atkl\u0101t un tik daudz st\u0101stu, kas sl\u0113pjas vi\u0146os un ar kuriem vi\u0146i nekad nav dal\u012bju\u0161ies. Ta\u010du m\u016bsdienu straujaj\u0101 dz\u012bves ritm\u0101 bie\u017ei vien ir gr\u016bti atrast laiku \u0161\u012bm sarun\u0101m. M\u0113s izveidoj\u0101m sarunu kartis, lai padar\u012btu to nedaudz viegl\u0101ku. Nav svar\u012bgi, vai v\u0113lies atkl\u0101t savu iek\u0161\u0113jo pasauli dz\u012bves partnerim, atrast sarunu t\u0113mas meite\u0146u vakaram vai vienk\u0101r\u0161i pavad\u012bt vakaru ar savu lab\u0101ko draugu un pilnveidot savstarp\u0113jo sapratni \u2013 sarunu kartis var pal\u012bdz\u0113t jums izveidot stipr\u0101ku saikni. Vai esat gatavi izlikt visas savas k\u0101rtis uz galda?<\/p>","status":"publish","sku":"seik-4745091613499","original":187786},"wpml":{"translation_type":1,"has_translations":true,"original":187786,"duplicates":[],"translations":{"lv":187989,"en":187786}},"brands":[{"id":1266,"name":"SEIK","slug":"seik-lv"}],"_links":{"self":[{"href":"https:\/\/m50.lv\/lv\/wp-json\/wp\/v2\/product\/187989","targetHints":{"allow":["GET"]}}],"collection":[{"href":"https:\/\/m50.lv\/lv\/wp-json\/wp\/v2\/product"}],"about":[{"href":"https:\/\/m50.lv\/lv\/wp-json\/wp\/v2\/types\/product"}],"version-history":[{"count":0,"href":"https:\/\/m50.lv\/lv\/wp-json\/wp\/v2\/product\/187989\/revisions"}],"wp:featuredmedia":[{"embeddable":true,"href":"https:\/\/m50.lv\/lv\/wp-json\/wp\/v2\/media\/187884"}],"wp:attachment":[{"href":"https:\/\/m50.lv\/lv\/wp-json\/wp\/v2\/media?parent=187989"}],"wp:term":[{"taxonomy":"pwb-brand","embeddable":true,"href":"https:\/\/m50.lv\/lv\/wp-json\/wp\/v2\/pwb-brand?post=187989"},{"taxonomy":"product_cat","embeddable":true,"href":"https:\/\/m50.lv\/lv\/wp-json\/wp\/v2\/product_cat?post=187989"},{"taxonomy":"product_tag","embeddable":true,"href":"https:\/\/m50.lv\/lv\/wp-json\/wp\/v2\/product_tag?post=187989"}],"curies":[{"name":"wp","href":"https:\/\/api.w.org\/{rel}","templated":true}]}}