{"id":187990,"date":"2025-12-10T21:37:58","date_gmt":"2025-12-10T19:37:58","guid":{"rendered":"https:\/\/m50.lv\/product\/seik-dizaina-kruze-milestiba\/"},"modified":"2026-02-04T15:35:08","modified_gmt":"2026-02-04T13:35:08","slug":"seik-dizaina-kruze-milestiba","status":"publish","type":"product","link":"https:\/\/m50.lv\/lv\/product\/seik-dizaina-kruze-milestiba\/","title":{"rendered":"SEIK Dizaina kr\u016bze | M\u012blest\u012bba"},"content":{"rendered":"<p>Kr\u016bzi var mazg\u0101t ar rok\u0101m vai trauku mazg\u0101jam\u0101 ma\u0161\u012bn\u0101.<br \/>\nTilpums: 330 ml<br \/>\nIzm\u0113rs: diametrs 82, augstums 95 mm<\/p>\n","protected":false},"excerpt":{"rendered":"<p style=\"text-align: center;\">D\u0101vanai nav j\u0101b\u016bt lielai vai d\u0101rgai, lai t\u0101 b\u016btu noz\u012bm\u012bga. \u201cM\u012blest\u012bbas kr\u016bze\u201d par\u0101da, ka r\u016bpes var rasties visvienk\u0101r\u0161\u0101kajos, bet sirsn\u012bgajos \u017eestos. Taj\u0101 sl\u0113pjas v\u0113st\u012bjums, ko var las\u012bt katru dienu: \u201cTu man esi svar\u012bga.\u201d \u2764\ufe0f<\/p>\n","protected":false},"featured_media":187927,"template":"","meta":{"_jet_sm_ready_style":"","_jet_sm_style":"","_jet_sm_controls_values":"","_jet_sm_fonts_collection":"","_jet_sm_fonts_links":""},"pwb-brand":[1266],"product_cat":[193,1004],"product_tag":[1562],"class_list":{"0":"post-187990","1":"product","2":"type-product","3":"status-publish","4":"has-post-thumbnail","6":"pwb-brand-seik-lv","7":"product_cat-davanas","8":"product_cat-kruzes","9":"product_tag-valentindienas-davanas","11":"first","12":"instock","13":"taxable","14":"shipping-taxable","15":"purchasable","16":"product-type-simple"},"raw_content":{"name":"SEIK Dizaina kr\u016bze | M\u012blest\u012bba","description":"<p>Kr\u016bzi var mazg\u0101t ar rok\u0101m vai trauku mazg\u0101jam\u0101 ma\u0161\u012bn\u0101.<br \/>\r\nTilpums: 330 ml<br \/>\r\nIzm\u0113rs: diametrs 82, augstums 95 mm<\/p>\r\n","short_description":"<p style=\"text-align: center;\">D\u0101vanai nav j\u0101b\u016bt lielai vai d\u0101rgai, lai t\u0101 b\u016btu noz\u012bm\u012bga. \u201cM\u012blest\u012bbas kr\u016bze\u201d par\u0101da, ka r\u016bpes var rasties visvienk\u0101r\u0161\u0101kajos, bet sirsn\u012bgajos \u017eestos. Taj\u0101 sl\u0113pjas v\u0113st\u012bjums, ko var las\u012bt katru dienu: \u201cTu man esi svar\u012bga.\u201d \u2764\ufe0f<\/p>","status":"publish","sku":"seik-4745091616001","original":187788},"wpml":{"translation_type":1,"has_translations":true,"original":187788,"duplicates":[],"translations":{"lv":187990,"en":187788}},"brands":[{"id":1266,"name":"SEIK","slug":"seik-lv"}],"_links":{"self":[{"href":"https:\/\/m50.lv\/lv\/wp-json\/wp\/v2\/product\/187990","targetHints":{"allow":["GET"]}}],"collection":[{"href":"https:\/\/m50.lv\/lv\/wp-json\/wp\/v2\/product"}],"about":[{"href":"https:\/\/m50.lv\/lv\/wp-json\/wp\/v2\/types\/product"}],"version-history":[{"count":0,"href":"https:\/\/m50.lv\/lv\/wp-json\/wp\/v2\/product\/187990\/revisions"}],"wp:featuredmedia":[{"embeddable":true,"href":"https:\/\/m50.lv\/lv\/wp-json\/wp\/v2\/media\/187927"}],"wp:attachment":[{"href":"https:\/\/m50.lv\/lv\/wp-json\/wp\/v2\/media?parent=187990"}],"wp:term":[{"taxonomy":"pwb-brand","embeddable":true,"href":"https:\/\/m50.lv\/lv\/wp-json\/wp\/v2\/pwb-brand?post=187990"},{"taxonomy":"product_cat","embeddable":true,"href":"https:\/\/m50.lv\/lv\/wp-json\/wp\/v2\/product_cat?post=187990"},{"taxonomy":"product_tag","embeddable":true,"href":"https:\/\/m50.lv\/lv\/wp-json\/wp\/v2\/product_tag?post=187990"}],"curies":[{"name":"wp","href":"https:\/\/api.w.org\/{rel}","templated":true}]}}