{"id":187991,"date":"2025-12-10T21:39:18","date_gmt":"2025-12-10T19:39:18","guid":{"rendered":"https:\/\/m50.lv\/product\/seik-laimigo-zimulu-komplekts-4-gab\/"},"modified":"2025-12-10T21:55:22","modified_gmt":"2025-12-10T19:55:22","slug":"seik-laimigo-zimulu-komplekts-4-gab","status":"publish","type":"product","link":"https:\/\/m50.lv\/lv\/product\/seik-laimigo-zimulu-komplekts-4-gab\/","title":{"rendered":"SEIK Laim\u012bgo z\u012bmu\u013cu komplekts 4 gab"},"content":{"rendered":"<p>Izm\u0113rs: 19 \u00d7 3 \u00d7 0.5 cm<\/p>\n","protected":false},"excerpt":{"rendered":"<p style=\"text-align: center;\">Laim\u012bgie z\u012bmu\u013ci ir veidoti t\u0101, lai to l\u012bnijas b\u016btu gludas un viegli veidojamas. Uz katra z\u012bmu\u013ca ir motiv\u0113jo\u0161s cit\u0101ts, kas atg\u0101dina, ka ir v\u0113rts palikt pozit\u012bvam un uztic\u012bgam sev.<\/p>\n","protected":false},"featured_media":187937,"template":"","meta":{"_jet_sm_ready_style":"","_jet_sm_style":"","_jet_sm_controls_values":"","_jet_sm_fonts_collection":"","_jet_sm_fonts_links":""},"pwb-brand":[1266],"product_cat":[193,109],"product_tag":[],"class_list":{"0":"post-187991","1":"product","2":"type-product","3":"status-publish","4":"has-post-thumbnail","6":"pwb-brand-seik-lv","7":"product_cat-davanas","8":"product_cat-gramatas","10":"first","11":"instock","12":"taxable","13":"shipping-taxable","14":"purchasable","15":"product-type-simple"},"raw_content":{"name":"SEIK Laim\u012bgo z\u012bmu\u013cu komplekts 4 gab","description":"Izm\u0113rs: 19 \u00d7 3 \u00d7 0.5 cm","short_description":"<p style=\"text-align: center;\">Laim\u012bgie z\u012bmu\u013ci ir veidoti t\u0101, lai to l\u012bnijas b\u016btu gludas un viegli veidojamas. Uz katra z\u012bmu\u013ca ir motiv\u0113jo\u0161s cit\u0101ts, kas atg\u0101dina, ka ir v\u0113rts palikt pozit\u012bvam un uztic\u012bgam sev.<\/p>\r\n","status":"publish","sku":"seik-4745091613178","original":187789},"wpml":{"translation_type":1,"has_translations":true,"original":187789,"duplicates":[],"translations":{"lv":187991,"en":187789}},"brands":[{"id":1266,"name":"SEIK","slug":"seik-lv"}],"_links":{"self":[{"href":"https:\/\/m50.lv\/lv\/wp-json\/wp\/v2\/product\/187991","targetHints":{"allow":["GET"]}}],"collection":[{"href":"https:\/\/m50.lv\/lv\/wp-json\/wp\/v2\/product"}],"about":[{"href":"https:\/\/m50.lv\/lv\/wp-json\/wp\/v2\/types\/product"}],"version-history":[{"count":0,"href":"https:\/\/m50.lv\/lv\/wp-json\/wp\/v2\/product\/187991\/revisions"}],"wp:featuredmedia":[{"embeddable":true,"href":"https:\/\/m50.lv\/lv\/wp-json\/wp\/v2\/media\/187937"}],"wp:attachment":[{"href":"https:\/\/m50.lv\/lv\/wp-json\/wp\/v2\/media?parent=187991"}],"wp:term":[{"taxonomy":"pwb-brand","embeddable":true,"href":"https:\/\/m50.lv\/lv\/wp-json\/wp\/v2\/pwb-brand?post=187991"},{"taxonomy":"product_cat","embeddable":true,"href":"https:\/\/m50.lv\/lv\/wp-json\/wp\/v2\/product_cat?post=187991"},{"taxonomy":"product_tag","embeddable":true,"href":"https:\/\/m50.lv\/lv\/wp-json\/wp\/v2\/product_tag?post=187991"}],"curies":[{"name":"wp","href":"https:\/\/api.w.org\/{rel}","templated":true}]}}