{"id":187993,"date":"2025-12-10T21:41:47","date_gmt":"2025-12-10T19:41:47","guid":{"rendered":"https:\/\/m50.lv\/product\/seik-ziedosas-pildspalvas-2-gab-besa-un-roza\/"},"modified":"2025-12-16T12:54:00","modified_gmt":"2025-12-16T10:54:00","slug":"seik-ziedosas-pildspalvas-2-gab-besa-un-roza","status":"publish","type":"product","link":"https:\/\/m50.lv\/lv\/product\/seik-ziedosas-pildspalvas-2-gab-besa-un-roza\/","title":{"rendered":"SEIK Ziedo\u0161\u0101s pildspalvas 2 gab | b\u0113\u0161a un roz\u0101"},"content":{"rendered":"<p>Komplekts: 2 gab. ziedo\u0161\u0101s pildspalvas \u2013 b\u0113\u0161a (melna tinte) un roz\u0101 (zila tinte).<br \/>\nIzm\u0113rs: 21 \u00d7 8 \u00d7 2.5 cm<\/p>\n","protected":false},"excerpt":{"rendered":"<p style=\"text-align: center;\">Ar \u0161\u012bm pildspalv\u0101m j\u016bs sajut\u012bsiet, cik viegli v\u0101rdi pl\u016bst uz lapas. Ar \u0161\u012bm pildspalv\u0101m katrs rakst\u012b\u0161anas uzdevums k\u013c\u016bs par iedvesmas br\u012bdi.<\/p>\n","protected":false},"featured_media":187929,"template":"","meta":{"_jet_sm_ready_style":"","_jet_sm_style":"","_jet_sm_controls_values":"","_jet_sm_fonts_collection":"","_jet_sm_fonts_links":""},"pwb-brand":[1266],"product_cat":[193,109],"product_tag":[],"class_list":{"0":"post-187993","1":"product","2":"type-product","3":"status-publish","4":"has-post-thumbnail","6":"pwb-brand-seik-lv","7":"product_cat-davanas","8":"product_cat-gramatas","10":"first","11":"instock","12":"taxable","13":"shipping-taxable","14":"purchasable","15":"product-type-simple"},"raw_content":{"name":"SEIK Ziedo\u0161\u0101s pildspalvas 2 gab | b\u0113\u0161a un roz\u0101","description":"<p>Komplekts: 2 gab. ziedo\u0161\u0101s pildspalvas \u2013 b\u0113\u0161a (melna tinte) un roz\u0101 (zila tinte).<br \/>\r\nIzm\u0113rs: 21 \u00d7 8 \u00d7 2.5 cm<\/p>\r\n","short_description":"<p style=\"text-align: center;\">Ar \u0161\u012bm pildspalv\u0101m j\u016bs sajut\u012bsiet, cik viegli v\u0101rdi pl\u016bst uz lapas. Ar \u0161\u012bm pildspalv\u0101m katrs rakst\u012b\u0161anas uzdevums k\u013c\u016bs par iedvesmas br\u012bdi.<\/p>","status":"publish","sku":"sek-4745091613185","original":187790},"wpml":{"translation_type":1,"has_translations":true,"original":187790,"duplicates":[],"translations":{"lv":187993,"en":187790}},"brands":[{"id":1266,"name":"SEIK","slug":"seik-lv"}],"_links":{"self":[{"href":"https:\/\/m50.lv\/lv\/wp-json\/wp\/v2\/product\/187993","targetHints":{"allow":["GET"]}}],"collection":[{"href":"https:\/\/m50.lv\/lv\/wp-json\/wp\/v2\/product"}],"about":[{"href":"https:\/\/m50.lv\/lv\/wp-json\/wp\/v2\/types\/product"}],"version-history":[{"count":0,"href":"https:\/\/m50.lv\/lv\/wp-json\/wp\/v2\/product\/187993\/revisions"}],"wp:featuredmedia":[{"embeddable":true,"href":"https:\/\/m50.lv\/lv\/wp-json\/wp\/v2\/media\/187929"}],"wp:attachment":[{"href":"https:\/\/m50.lv\/lv\/wp-json\/wp\/v2\/media?parent=187993"}],"wp:term":[{"taxonomy":"pwb-brand","embeddable":true,"href":"https:\/\/m50.lv\/lv\/wp-json\/wp\/v2\/pwb-brand?post=187993"},{"taxonomy":"product_cat","embeddable":true,"href":"https:\/\/m50.lv\/lv\/wp-json\/wp\/v2\/product_cat?post=187993"},{"taxonomy":"product_tag","embeddable":true,"href":"https:\/\/m50.lv\/lv\/wp-json\/wp\/v2\/product_tag?post=187993"}],"curies":[{"name":"wp","href":"https:\/\/api.w.org\/{rel}","templated":true}]}}